{"id":637,"date":"2017-09-26T11:03:19","date_gmt":"2017-09-26T11:03:19","guid":{"rendered":"http:\/\/creena.educacion.navarra.es\/web\/protocolos\/?page_id=637"},"modified":"2025-10-03T10:54:27","modified_gmt":"2025-10-03T10:54:27","slug":"introduccion-2","status":"publish","type":"page","link":"https:\/\/creena.educacion.navarra.es\/web\/protocolos\/altas-capacidades\/introduccion-2\/","title":{"rendered":"Introducci\u00f3n"},"content":{"rendered":"\n<p>MARCO LEGAL<br>La Ley Org\u00e1nica 2\/2006, de 3 de mayo de educaci\u00f3n, y posteriormente<br>la Ley Org\u00e1nica 8\/2013, de 9 de diciembre para la mejora de la calidad<br>educativa, establecen que la atenci\u00f3n a la diversidad es un principio que<br>debe regir toda la ense\u00f1anza b\u00e1sica para proporcionar a todo el alumnado<br>una educaci\u00f3n adecuada a sus caracter\u00edsticas y necesidades.<br>Concreta en el Titulo II, de la Equidad en Educaci\u00f3n, los principios y<br>recursos que deben regir la atenci\u00f3n al alumnado con necesidad espec\u00edfica<br>de apoyo y lo diferencia en cuatro secciones en funci\u00f3n de la causa que<br>genera las necesidades educativas: alumnado con necesidades educativas<br>especiales, alumnado con altas capacidades, alumnado de incorporaci\u00f3n<br>tard\u00eda y alumnado con dificultades espec\u00edficas de aprendizaje.<br>La diversidad en los centros constituye una realidad que ha de ser<br>asumida por todo el profesorado con criterios de normalizaci\u00f3n, atenci\u00f3n<br>personalizada e inclusi\u00f3n tal y como refleja:<\/p>\n\n\n\n<ol><li>La Orden Foral 93\/2008, de 13 de junio, la cual, en su art\u00edculo<br>4, punto 2, establece que para adecuar la respuesta al<br>alumnado con necesidades espec\u00edficas de apoyo educativo y<br>prever los recursos necesarios para su correcta escolarizaci\u00f3n<br>ser\u00e1 necesario realizar una evaluaci\u00f3n psicopedag\u00f3gica.<\/li><li>La Orden Foral 65\/2012, de 18 de junio, regula la respuesta<br>educativa al alumnado con necesidades espec\u00edficas de apoyo<br>educativo derivadas de Trastorno de Aprendizaje (TA) y TDA-H.<br>As\u00ed mismo la Ley Org\u00e1nica 2\/2006, de 3 de mayo de educaci\u00f3n, y<br>posteriormente la Ley Org\u00e1nica 8\/2013, de 9 de diciembre para la mejora<br>de la calidad educativa, concretan que la identificaci\u00f3n y valoraci\u00f3n de las<br>necesidades educativas de este alumnado se realizar\u00e1 lo m\u00e1s<br>tempranamente posible, por personal con la debida cualificaci\u00f3n y en los<br>t\u00e9rminos que determinen las Administraciones Educativas.<br>El Decreto Foral 76\/1993, de 1 de marzo, nombra al CREENA como<br>estructura de apoyo a la orientaci\u00f3n, con una actuaci\u00f3n e intervenci\u00f3n<br>complementaria y subsidiaria a la atenci\u00f3n a la diversidad de los centros<br>educativos.<br>El Decreto Foral 66\/2010, de 29 de octubre, por el que se regula la<br>orientaci\u00f3n educativa en Navarra, define que ser\u00e1 el orientador\/a el que<br>realice dicha evaluaci\u00f3n psicopedag\u00f3gica y coordine el proceso como parte<br>de sus funciones.<\/li><\/ol>\n","protected":false},"excerpt":{"rendered":"<p>MARCO LEGALLa Ley Org\u00e1nica 2\/2006, de 3 de mayo de educaci\u00f3n, y posteriormentela Ley Org\u00e1nica 8\/2013, de 9 de diciembre para la mejora de la calidadeducativa, establecen que la atenci\u00f3n a la diversidad es un principio quedebe regir toda la ense\u00f1anza b\u00e1sica para proporcionar a todo el alumnadouna educaci\u00f3n adecuada a sus caracter\u00edsticas y necesidades.Concreta [&hellip;]<\/p>\n","protected":false},"author":1,"featured_media":0,"parent":13,"menu_order":0,"comment_status":"closed","ping_status":"closed","template":"","meta":{"_genesis_hide_title":false,"_genesis_hide_breadcrumbs":false,"_genesis_hide_singular_image":false,"_genesis_hide_footer_widgets":false,"_genesis_custom_body_class":"","_genesis_custom_post_class":"","_genesis_layout":""},"_links":{"self":[{"href":"https:\/\/creena.educacion.navarra.es\/web\/protocolos\/wp-json\/wp\/v2\/pages\/637"}],"collection":[{"href":"https:\/\/creena.educacion.navarra.es\/web\/protocolos\/wp-json\/wp\/v2\/pages"}],"about":[{"href":"https:\/\/creena.educacion.navarra.es\/web\/protocolos\/wp-json\/wp\/v2\/types\/page"}],"author":[{"embeddable":true,"href":"https:\/\/creena.educacion.navarra.es\/web\/protocolos\/wp-json\/wp\/v2\/users\/1"}],"replies":[{"embeddable":true,"href":"https:\/\/creena.educacion.navarra.es\/web\/protocolos\/wp-json\/wp\/v2\/comments?post=637"}],"version-history":[{"count":2,"href":"https:\/\/creena.educacion.navarra.es\/web\/protocolos\/wp-json\/wp\/v2\/pages\/637\/revisions"}],"predecessor-version":[{"id":1139,"href":"https:\/\/creena.educacion.navarra.es\/web\/protocolos\/wp-json\/wp\/v2\/pages\/637\/revisions\/1139"}],"up":[{"embeddable":true,"href":"https:\/\/creena.educacion.navarra.es\/web\/protocolos\/wp-json\/wp\/v2\/pages\/13"}],"wp:attachment":[{"href":"https:\/\/creena.educacion.navarra.es\/web\/protocolos\/wp-json\/wp\/v2\/media?parent=637"}],"curies":[{"name":"wp","href":"https:\/\/api.w.org\/{rel}","templated":true}]}}