{"id":677,"date":"2017-10-04T12:32:46","date_gmt":"2017-10-04T12:32:46","guid":{"rendered":"http:\/\/creena.educacion.navarra.es\/web\/protocolos\/?page_id=677"},"modified":"2025-10-16T09:25:32","modified_gmt":"2025-10-16T09:25:32","slug":"1-capacidad-intelectual-y-aptitudes-diferenciales","status":"publish","type":"page","link":"https:\/\/creena.educacion.navarra.es\/web\/protocolos\/trastornos-del-aprendizaje\/1-capacidad-intelectual-y-aptitudes-diferenciales\/","title":{"rendered":"1. Capacidad intelectual y aptitudes diferenciales"},"content":{"rendered":"<h4><span style=\"color: #993300;\">Nivel de desarrollo<\/span><\/h4>\n<h6><span style=\"color: #993300;\">Pruebas estandarizadas<\/span><\/h6>\n<ul>\n<li><a href=\"http:\/\/web.teaediciones.com\/curriculo-carolina-evaluacion-y-ejercicios-para-bebes-y-ni%C3%B1os-peque%C3%B1os-con-necesidades-especiales.aspx\" target=\"_blank\" rel=\"noopener\"><strong>Curr\u00edculo Carolina <\/strong><\/a>(de 0 a 24 meses)\u00a0\u2663<\/li>\n<li><a href=\"http:\/\/web.teaediciones.com\/battelle-inventario-de-desarrollo.aspx\" target=\"_blank\" rel=\"noopener\"><strong>Inventario de desarrollo Battelle <\/strong><\/a>(de 0 a 8 a\u00f1os)\u00a0\u2663<\/li>\n<li><a href=\"https:\/\/web.teaediciones.com\/CUMANIN--CUESTIONARIO-DE-MADUREZ-NEUROPSICOLOGICA-INFANTIL.aspx\" target=\"_blank\" rel=\"noopener\"><strong>Cumanin.<\/strong><\/a> Cuestionario de madurez neuropsicol\u00f3gica infantil (de 3 a 6 a\u00f1os)\u00a0\u2663<\/li>\n<li><strong>Haizea-Llevant. <\/strong>Tabla de Desarrollo (de 0 a 5 a\u00f1os)\u00a0\u2663<\/li>\n<li><strong><a href=\"http:\/\/www.psymtec.es\/catalogo.asp?catalogo=Psicolog%EDa%20y%20Evaluaci%F3n&amp;indice=ESCALAS%20DE%20DESARROLLO%20Y%20NIVEL%20INTELECTUAL\" target=\"_blank\" rel=\"noopener\">Brunet- Lezine-R<\/a>. <\/strong>Escala de desarrollo psicomotor de la Primera Infancia (de 0 a 30 meses)\u00a0\u2663<\/li>\n<li><strong><a href=\"https:\/\/web.teaediciones.com\/MP-R--ESCALAS-DE-DESARROLLO-MERRILL-PALMER-REVISADAS.aspx\" target=\"_blank\" rel=\"noopener\">Merrill-Palmer-R<\/a>. <\/strong>Escalas de Desarrollo (de 0 a 6.6 a\u00f1os).<\/li>\n<li><b><a href=\"https:\/\/www.hogrefe-tea.com\/public\/catalogo\/producto\/Perfil-de-Desarrollo-DP-3\" target=\"_blank\" rel=\"noopener\">DP-3<\/a>.<\/b> Perfil de desarrollo. (de 0 a 12.11 a\u00f1os)<\/li>\n<\/ul>\n<h4><span style=\"color: #993300;\">Nivel Cognitivo<\/span><\/h4>\n<h6><span style=\"color: #993300;\">Pruebas estandarizadas<\/span><\/h6>\n<ul>\n<li><strong>Escalas de Inteligencia de Wechsler<\/strong>\n<ul>\n<li><a href=\"http:\/\/www.pearsonclinical.es\/producto\/111\/wppsi-iv-escala-de-inteligencia-de-wechsler-para-preescolar-y-primaria#\" target=\"_blank\" rel=\"noopener\"><strong>WPPSI-IV<\/strong> <\/a>(de 2 a\u00f1os y medio a 7 a\u00f1os y 7 meses)<\/li>\n<li><a href=\"http:\/\/www.pearsonclinical.es\/producto\/126\/wisc-v-escala-de-inteligencia-de-wechsler-para-ninos-v\" target=\"_blank\" rel=\"noopener\"><strong>WISC V<\/strong> <\/a>(de 6 a\u00f1os a 16 a\u00f1os 11 meses)\u2663<\/li>\n<li><a href=\"http:\/\/www.pearsonclinical.es\/producto\/72\/wnv-escala-no-verbal-de-aptitud-intelectual-de-wechsler\" target=\"_blank\" rel=\"noopener\"><strong>WNV<\/strong><\/a> Escala No Verbal de Aptitud Intelectual de Wechsler (de 5 a 21 a\u00f1os)\u00a0\u2663<\/li>\n<li><b><a href=\"https:\/\/www.pearsonclinical.es\/wais-iv-escala-de-inteligencia-de-wechsler-para-adultos-iv?srsltid=AfmBOoo-iseSSdz-8GjImk3TybsRWh3lf0pmbDyvRWMVH8YI0oCWDNLg\" target=\"_blank\" rel=\"noopener\">WAIS-IV<\/a>. <\/b>Escala de inteligencia de Wechsler para adultos-IV (De 16 a 90 a\u00f1os)\u2663<\/li>\n<\/ul>\n<\/li>\n<li><strong><a href=\"https:\/\/www.pearsonclinical.es\/ravens-2-matrices-progresivas-de-raven-2?srsltid=AfmBOoqZD-Q0cqaJkAx57VGc1ZTfU-R2DIFJtvVSQ36ZrQMM2wvH-4aW\" target=\"_blank\" rel=\"noopener\">RAVEN\u00b4S 2<\/a>.<\/strong> Matrices progresivas de Raven-2 (desde 4 a 69 a\u00f1os)\u2663<\/li>\n<li><a href=\"http:\/\/www.pearsonclinical.es\/producto\/63\/msca-escalas-mccarthy-de-aptitudes-y-psicomotricidad-para-ninos\" target=\"_blank\" rel=\"noopener\"><strong>MSCA.<\/strong><\/a> Escalas McCarthy\u00a0 de Aptitudes y Psicomotricidad para ni\u00f1os (de 2 a\u00f1os y medio a 8 a\u00f1os y medio)\u00a0\u2663<\/li>\n<li><strong><a href=\"http:\/\/www.pearsonclinical.es\/producto?Producto=58\" target=\"_blank\" rel=\"noopener\">K-BIT<\/a>. <\/strong>Test Breve de Inteligencia de Kaufman (de 4 a 90 a\u00f1os)\u00a0\u2663<\/li>\n<li><a href=\"http:\/\/web.teaediciones.com\/k-abc-bateria-de-evaluacion-de-kaufman-para-ni%C3%B1os.aspx\" target=\"_blank\" rel=\"noopener\"><strong>K-ABC. <\/strong><\/a>Bater\u00eda de Evaluaci\u00f3n de Kaufman para ni\u00f1os (de 2 a\u00f1os y medio a 12 a\u00f1os y medio)\u00a0\u2663<\/li>\n<li><a href=\"http:\/\/web.teaediciones.com\/RIAS-Escalas-de-Inteligencia-de-Reynolds.aspx\" target=\"_blank\" rel=\"noopener\"><strong>RIAS y RIST. <\/strong><\/a>Escalas de Inteligencia de Reynolds (de 3 a 94 a\u00f1os)\u00a0\u2663<\/li>\n<li><a href=\"https:\/\/web.teaediciones.com\/BAS-II--ESCALAS-DE-APTITUDES-INTELECTUALES.aspx\" target=\"_blank\" rel=\"noopener\"><strong>BAS-II. <\/strong><\/a>Escalas de aptitudes intelectuales\u00a0\u2663\n<ul>\n<li>BAS-II Infantil (de 2 a\u00f1os y 6 meses a 5 a\u00f1os y 11 meses)<\/li>\n<li>BAS-II Escolar <strong>(<\/strong>de 6 a\u00f1os a 17 a\u00f1os y 11 meses<strong>)<\/strong><\/li>\n<\/ul>\n<\/li>\n<li><a href=\"http:\/\/www.psymtec.es\/catalogo.asp?catalogo=Psicolog%EDa%20y%20Evaluaci%F3n&amp;indice=ESCALAS%20DE%20DESARROLLO%20Y%20NIVEL%20INTELECTUAL\" target=\"_blank\" rel=\"noopener\"><strong>Leiter-R. <\/strong><\/a>Escala Manipulativa Internacional (de 2 a 20 a\u00f1os y 11 meses) para alumnado no verbal\u00a0\u2663<\/li>\n<li><strong><a href=\"http:\/\/www.tiendapsikolan.es\/libro\/leiter-3-escala-manipulativa-internacional-de-leiter_12760\" target=\"_blank\" rel=\"noopener\">Leiter-3<\/a>: <\/strong>Escala Manipulativa internacional (de 3 a 75 a\u00f1os)<\/li>\n<li><strong>\u00a0CMMS <\/strong>Escala de Madurez Mental de Columbia (de 3 a\u00f1os y medio a 9 a\u00f1os 11 meses) Alumnado no verbal\u00a0\u2663<\/li>\n<li><a href=\"http:\/\/www.pearsonclinical.es\/producto\/64\/nepsy-ii\" target=\"_blank\" rel=\"noopener\"><strong>NEPSY-II<\/strong>.<\/a> Evaluaci\u00f3n Neuropsicol\u00f3gica infantil ( de 3 a 16 a\u00f1os)\u2663<\/li>\n<li><a href=\"https:\/\/www.hogrefe-tea.com\/public\/catalogo\/producto\/BPR-Bateria-de-Pruebas-de-Razonamiento\" target=\"_blank\" rel=\"noopener\"><b>BRP.<\/b><\/a> Bater\u00eda de pruebas de razonamiento (de 9 a 18 a\u00f1os)\u2663<\/li>\n<\/ul>\n<h6><span style=\"color: #993300;\">Otros instrumentos de recogida de informaci\u00f3n<\/span><\/h6>\n<ul>\n<li><a href=\"http:\/\/www.amaruediciones.com\/index.php?patron=idat&amp;field=Nombre&amp;item=articulos\" target=\"_blank\" rel=\"noopener\"><strong>IDAT.<\/strong><\/a> Inventario de Desarrollo de Atenci\u00f3n Temprana (de 0 a 48 meses)\u00a0\u2663<\/li>\n<\/ul>\n<h4><span style=\"color: #993300;\">Evaluaci\u00f3n Neuropsicol\u00f3gica<\/span><\/h4>\n<h6><span style=\"color: #993300;\">Pruebas estandarizadas<\/span><\/h6>\n<ul>\n<li><strong><a href=\"http:\/\/www.web.teaediciones.com\/BRIEF-P-Evaluacion-Conductual-de-la-Funcion-Ejecutiva.aspx\" target=\"_blank\" rel=\"noopener\">BRIEF-P<\/a>. <\/strong>Evaluaci\u00f3n Conductual de la Funci\u00f3n Ejecutiva. Versi\u00f3n infantil (de 2 a 5 a\u00f1os).\u00a0\u2663<\/li>\n<li><strong><a href=\"https:\/\/web.teaediciones.com\/BRIEF-2-Evaluacion-Conductual-de-la-Funcion-Ejecutiva.aspx\" target=\"_blank\" rel=\"noopener\">BRIEF-2<\/a>. <\/strong>Evaluaci\u00f3n Conductual de la Funci\u00f3n Ejecutiva. (de 5 a 18 a\u00f1os).\u00a0\u2663<\/li>\n<li><a href=\"https:\/\/web.teaediciones.com\/ENFEN--EVALUACION-NEUROPSICOLOGICA-DE-LAS-FUNCIONES-EJECUTIVAS-EN-NINOS.aspx\" target=\"_blank\" rel=\"noopener\"><strong>ENFEN.<\/strong><\/a> Evaluaci\u00f3n Neuropsicol\u00f3gica de las Funciones Ejecutivas en Ni\u00f1os (de 6 a 12 a\u00f1os)\u00a0\u2663<\/li>\n<li><a href=\"http:\/\/www.pearsonclinical.es\/producto\/64\/nepsy-ii\" target=\"_blank\" rel=\"noopener\"><strong>\u00a0NEPSY\u2013II.<\/strong><\/a> Evaluaci\u00f3n Neuropsicol\u00f3gica Infantil (3 a 16 a\u00f1os).\u00a0\u2663<\/li>\n<li><b>Cumanin-2. <\/b>Cuestionario de madurez neuropsicol\u00f3gica infantil (3:00 a 6:11 a\u00f1os)\u2663.<\/li>\n<li><b style=\"font-size: revert; color: initial;\">Cumanes.<\/b><span style=\"font-size: revert; color: initial;\"> Cuestionario de madurez neuropsicol\u00f3gica para escolares (de 7 a 11 a\u00f1os)\u2663<\/span><\/li>\n<\/ul>\n<hr \/>\n<p>\u2663\u00a0Disponible en la biblioteca del CREENA<\/p>\n","protected":false},"excerpt":{"rendered":"<p>Nivel de desarrollo Pruebas estandarizadas Curr\u00edculo Carolina (de 0 a 24 meses)\u00a0\u2663 Inventario de desarrollo Battelle (de 0 a 8 a\u00f1os)\u00a0\u2663 Cumanin. Cuestionario de madurez neuropsicol\u00f3gica infantil (de 3 a 6 a\u00f1os)\u00a0\u2663 Haizea-Llevant. Tabla de Desarrollo (de 0 a 5 a\u00f1os)\u00a0\u2663 Brunet- Lezine-R. Escala de desarrollo psicomotor de la Primera Infancia (de 0 a 30 [&hellip;]<\/p>\n","protected":false},"author":1,"featured_media":0,"parent":115,"menu_order":0,"comment_status":"closed","ping_status":"closed","template":"","meta":{"_genesis_hide_title":false,"_genesis_hide_breadcrumbs":false,"_genesis_hide_singular_image":false,"_genesis_hide_footer_widgets":false,"_genesis_custom_body_class":"","_genesis_custom_post_class":"","_genesis_layout":""},"_links":{"self":[{"href":"https:\/\/creena.educacion.navarra.es\/web\/protocolos\/wp-json\/wp\/v2\/pages\/677"}],"collection":[{"href":"https:\/\/creena.educacion.navarra.es\/web\/protocolos\/wp-json\/wp\/v2\/pages"}],"about":[{"href":"https:\/\/creena.educacion.navarra.es\/web\/protocolos\/wp-json\/wp\/v2\/types\/page"}],"author":[{"embeddable":true,"href":"https:\/\/creena.educacion.navarra.es\/web\/protocolos\/wp-json\/wp\/v2\/users\/1"}],"replies":[{"embeddable":true,"href":"https:\/\/creena.educacion.navarra.es\/web\/protocolos\/wp-json\/wp\/v2\/comments?post=677"}],"version-history":[{"count":7,"href":"https:\/\/creena.educacion.navarra.es\/web\/protocolos\/wp-json\/wp\/v2\/pages\/677\/revisions"}],"predecessor-version":[{"id":1154,"href":"https:\/\/creena.educacion.navarra.es\/web\/protocolos\/wp-json\/wp\/v2\/pages\/677\/revisions\/1154"}],"up":[{"embeddable":true,"href":"https:\/\/creena.educacion.navarra.es\/web\/protocolos\/wp-json\/wp\/v2\/pages\/115"}],"wp:attachment":[{"href":"https:\/\/creena.educacion.navarra.es\/web\/protocolos\/wp-json\/wp\/v2\/media?parent=677"}],"curies":[{"name":"wp","href":"https:\/\/api.w.org\/{rel}","templated":true}]}}