{"id":680,"date":"2017-10-04T12:41:26","date_gmt":"2017-10-04T12:41:26","guid":{"rendered":"http:\/\/creena.educacion.navarra.es\/web\/protocolos\/?page_id=680"},"modified":"2025-10-16T09:37:57","modified_gmt":"2025-10-16T09:37:57","slug":"2-otras-aptitudes-asociadas-al-eje-diagnostico","status":"publish","type":"page","link":"https:\/\/creena.educacion.navarra.es\/web\/protocolos\/trastornos-del-aprendizaje\/2-otras-aptitudes-asociadas-al-eje-diagnostico\/","title":{"rendered":"2. Otras aptitudes asociadas al eje diagn\u00f3stico"},"content":{"rendered":"<h4><span style=\"color: #993300;\">Perfil ling\u00fc\u00edstico<\/span><\/h4>\n<h6><span style=\"color: #993300;\">Pruebas estandarizadas<\/span><\/h6>\n<ul>\n<li><a href=\"https:\/\/web.teaediciones.com\/itpa-test-illinois-de-aptitudes-psicolinguisticas.aspx\" target=\"_blank\" rel=\"noopener noreferrer\"><strong>ITPA.<\/strong><\/a> Test Illinois de Aptitudes Psicoling\u00fc\u00edsticas (de 3 a 10 a\u00f1os)<strong>.\u2663<\/strong><\/li>\n<li><strong><a href=\"https:\/\/www.pearsonclinical.es\/celf-5-evaluacion-clinica-de-los-fundamentos-del-lenguaje-5\" target=\"_blank\" rel=\"noopener\">CELF-5<\/a>. <\/strong>Evaluaci\u00f3n cl\u00ednica de los Fundamentos del Lenguaje (de 5 a 15 a\u00f1os y 11 meses). <strong>\u2663<\/strong><\/li>\n<li><span lang=\"en-GB\"><b><a href=\"https:\/\/www.pearsonassessments.com\/en-us\/Store\/Professional-Assessments\/Speech-%26-Language\/Clinical-Evaluation-of-Language-Fundamentals---Fourth-Edition\/p\/100000442?srsltid=AfmBOooxGvy701RNmQbfinrjyEfXCOeFToAD56k41JsEknsI1fw3_-eG\" target=\"_blank\" rel=\"noopener\">CELF-4<\/a>. <\/b><\/span><span lang=\"en-GB\">Clinical Evaluation of Language Fundamentals<\/span> <span lang=\"en-GB\">(Spanish Edition) (de 5 a 21 a\u00f1os)<strong>\u2663<\/strong><\/span><\/li>\n<li><span lang=\"en-GB\"><b><a href=\"https:\/\/www.pearsonclinical.es\/celf-preschool-2-spanish?srsltid=AfmBOopffETZVkkHK7gG4HiXYr9VY3khtCUNeRF8V6G9jNYaYM-ppfPB\" target=\"_blank\" rel=\"noopener\">Celf Preschool 2<\/a>. <\/b><\/span><span lang=\"en-GB\">(de 3 a 6:11 a\u00f1os)<strong>\u2663<\/strong><\/span><\/li>\n<\/ul>\n<h4><span style=\"color: #993300;\">Fluidez Sem\u00e1ntica<\/span><\/h4>\n<h6><span style=\"color: #993300;\">Pruebas estandarizadas<\/span><\/h6>\n<ul>\n<li><a href=\"https:\/\/web.teaediciones.com\/itpa-test-illinois-de-aptitudes-psicolinguisticas.aspx\" target=\"_blank\" rel=\"noopener noreferrer\"><strong>ITPA.<\/strong> <\/a>Test Illinois de Aptitudes Psicoling\u00fc\u00edsticas (de 2,5 a 10,5 a\u00f1os)\u00a0<strong>\u2663<\/strong>\n<ul>\n<li><strong><em>Subprueba<\/em><\/strong>: Fluidez<\/li>\n<\/ul>\n<\/li>\n<li><strong><a href=\"https:\/\/web.teaediciones.com\/DST-J--TEST-PARA-LA-DETECCION-DE-LA-DISLEXIA-EN-NINOS.aspx\" target=\"_blank\" rel=\"noopener noreferrer\">DST-J<\/a>.<\/strong> Test para la detecci\u00f3n de la dislexia en ni\u00f1os (de 6 a\u00f1os y medio a 11 a\u00f1os y medio). Test de screening.<strong>\u2663<\/strong>\n<ul>\n<li><strong><em>Subprueba: <\/em><\/strong>Fluidez sem\u00e1ntica.<\/li>\n<\/ul>\n<\/li>\n<li><a href=\"https:\/\/web.teaediciones.com\/ENFEN--EVALUACION-NEUROPSICOLOGICA-DE-LAS-FUNCIONES-EJECUTIVAS-EN-NINOS.aspx\" target=\"_blank\" rel=\"noopener noreferrer\"><strong>ENFEN.<\/strong><\/a> Evaluaci\u00f3n Neuropsicol\u00f3gica de las Funciones Ejecutivas en Ni\u00f1os (de 6 a 12 a\u00f1os).<strong>\u2663<\/strong>\n<ul>\n<li><strong><em>Subprueba<\/em>: <\/strong>Fluidez fonol\u00f3gica.<\/li>\n<\/ul>\n<\/li>\n<\/ul>\n<h4><span style=\"color: #993300;\">Fluidez fonol\u00f3gica<\/span><\/h4>\n<h6><span style=\"color: #993300;\">Pruebas estandarizadas<\/span><\/h6>\n<ul>\n<li><a href=\"https:\/\/web.teaediciones.com\/DST-J--TEST-PARA-LA-DETECCION-DE-LA-DISLEXIA-EN-NINOS.aspx\" target=\"_blank\" rel=\"noopener noreferrer\"><strong>DST-J<\/strong><\/a>. Test para la detecci\u00f3n de la dislexia en ni\u00f1os (de 6 a\u00f1os y medio a 11 a\u00f1os y medio). Test de screening.\u00a0<strong>\u2663<\/strong>\n<ul>\n<li><strong>Subprueba<\/strong>: Fluidez fonol\u00f3gica.<\/li>\n<\/ul>\n<\/li>\n<li><a href=\"https:\/\/web.teaediciones.com\/ENFEN--EVALUACION-NEUROPSICOLOGICA-DE-LAS-FUNCIONES-EJECUTIVAS-EN-NINOS.aspx\" target=\"_blank\" rel=\"noopener noreferrer\"><strong>ENFEN<\/strong>.<\/a> Evaluaci\u00f3n Neuropsicol\u00f3gica de las Funciones Ejecutivas en Ni\u00f1os (de 6 a 12 a\u00f1os).\u00a0<strong>\u2663<\/strong>\n<ul>\n<li><strong>Subprueba: <\/strong>Fluidez fonol\u00f3gica.<\/li>\n<\/ul>\n<\/li>\n<\/ul>\n<h4><span style=\"color: #993300;\">Habilidades metafonol\u00f3gicas<\/span><\/h4>\n<h6><span style=\"color: #993300;\">Pruebas estandarizadas<\/span><\/h6>\n<ul>\n<li><a href=\"http:\/\/www.eos.es\/colecciones-2\/neurologicos-evaluacion-lenguaje\/peco\" target=\"_blank\" rel=\"noopener noreferrer\"><strong>PECO<\/strong>.<\/a> Prueba evaluaci\u00f3n del conocimiento fonol\u00f3gico (de 5 a\u00f1os y 4 meses a 6 a\u00f1os y 4 meses).<strong>\u2663<\/strong><\/li>\n<li><a href=\"https:\/\/www.editorialcepe.es\/libros-materiales-y-fichas\/681-ale1-actividades-para-el-aprendizaje-de-la-lectura-y-la-escritura-9788478696550.html?search_query=ALE&amp;results=29&amp;cate=\" target=\"_blank\" rel=\"noopener noreferrer\"><strong>ALE. <\/strong><\/a>Evaluaci\u00f3n conciencia fonol\u00f3gica y velocidad denominaci\u00f3n (de 4 a 7 a\u00f1os).<strong>\u2663<\/strong><\/li>\n<li><b><a href=\"https:\/\/www.hogrefe-tea.com\/public\/catalogo\/producto\/PROLEXIA-Evaluacion-de-la-Dislexia\" target=\"_blank\" rel=\"noopener\">PROLEXIA<\/a>.<\/b> Diagnostico y Detecci\u00f3n Temprana de la Dislexia. (de 4 a\u00f1os en adelante)<\/li>\n<\/ul>\n<h6><span style=\"color: #993300;\">Otros instrumentos de recogida de informaci\u00f3n<\/span><\/h6>\n<ul>\n<li><strong>Listado de <\/strong><strong>pseudopalabras<\/strong> de Aguado (de 5 a 7 a\u00f1os).<\/li>\n<li><strong>Listado de palabras y pseudopalabras <\/strong>de Elvira Mendoza (de 1\u00ba EI a 3\u00ba EP).<\/li>\n<\/ul>\n<h6><span style=\"color: #993300;\">Pruebas Screening<\/span><\/h6>\n<ul>\n<li><strong><a href=\"https:\/\/blogsaverroes.juntadeandalucia.es\/orientadelegacionmalaga\/files\/2019\/10\/test-predictivo-de-dificultades-en-la-lectoescritura-cuetos-y-cols.pdf\">Test para la detecci\u00f3n temprana de las dificultades ene l aprendizaje de la lectura y escritura. (Cuetos) (para 4 a\u00f1os de edad)<\/a><\/strong><\/li>\n<li><strong>Protocolo de detecci\u00f3n temprana de las dificultades en el lenguaje escrito:<\/strong>\u00a0<a href=\"https:\/\/drive.google.com\/file\/d\/1Ild7R8QXrqRYDUIJPb3QpzpYipDrNHuz\/view?usp=sharing\" target=\"_blank\" rel=\"noreferrer noopener\">CASTELLANO<\/a>\u00a0\u2013\u00a0<a href=\"https:\/\/drive.google.com\/file\/d\/1PBC4PAEqF73fEyVGgfOfwJd6s2ArA2gE\/view?usp=sharing\" target=\"_blank\" rel=\"noreferrer noopener\">EUSKERA<\/a>\n<ul>\n<li>ANEXO 0.- Cuestionario prematr\u00edcula. Familias.\u00a0<a href=\"https:\/\/drive.google.com\/file\/d\/17qf4-n725mMpRt-SxT_f5nzP_d-a0xS7\/view?usp=sharing\" target=\"_blank\" rel=\"noreferrer noopener\">CASTELLANO<\/a>\u00a0\u2013\u00a0<a href=\"https:\/\/drive.google.com\/file\/d\/10dhr7gfZoldJG3KBpm5iVREoPELT4967\/view?usp=sharing\" target=\"_blank\" rel=\"noreferrer noopener\">EUSKERA<\/a><\/li>\n<li>ANEXO 1.- Educaci\u00f3n Infantil. Registro individual:\u00a0<a href=\"https:\/\/drive.google.com\/file\/d\/1JDZtdaWwY4bv0QavZabCv_I1IUFg2rN9\/view?usp=sharing\" target=\"_blank\" rel=\"noreferrer noopener\">CASTELLANO<\/a>\u00a0\u2013\u00a0<a href=\"https:\/\/drive.google.com\/file\/d\/17klUDgoOygjJ-OQ_Z-59DZujA71jLb4P\/view?usp=sharing\" target=\"_blank\" rel=\"noreferrer noopener\">EUSKERA<\/a><\/li>\n<li>ANEXO 2.- Educaci\u00f3n Infantil. Registro colectivo:\u00a0<a href=\"https:\/\/drive.google.com\/file\/d\/1lMnvm0aKU6j4ssS55ydEt67Relv50IFN\/view?usp=sharing\" target=\"_blank\" rel=\"noreferrer noopener\">CASTELLANO<\/a>\u00a0\u2013\u00a0<a href=\"https:\/\/drive.google.com\/file\/d\/1qt70R2vkJASE8rVtx7-l5edVxsCa455D\/view?usp=sharing\" target=\"_blank\" rel=\"noreferrer noopener\">EUSKERA<\/a><\/li>\n<li>ANEXO 3.- 1\u00ba y 2\u00ba de Educaci\u00f3n Primaria. Registro individual:\u00a0<a href=\"https:\/\/drive.google.com\/file\/d\/1m0D5UlXm5T-aChUm3iasKhG1XqvQKTuj\/view?usp=sharing\" target=\"_blank\" rel=\"noreferrer noopener\">CASTELLANO<\/a>\u00a0\u2013\u00a0<a href=\"https:\/\/drive.google.com\/file\/d\/1YZ7sS8Y7TZVIHx2BG__aJDwLXC6vr7VZ\/view?usp=sharing\" target=\"_blank\" rel=\"noreferrer noopener\">EUSKERA<\/a><\/li>\n<li>ANEXO 4.- 1\u00ba y 2\u00ba de Educaci\u00f3n Primaria. Registro colectivo:\u00a0<a href=\"https:\/\/drive.google.com\/file\/d\/1XEyPjWB-z5d89Nn40RdDx5vjeulRCRoB\/view?usp=sharing\" target=\"_blank\" rel=\"noreferrer noopener\">CASTELLANO<\/a>\u00a0\u2013\u00a0<a href=\"https:\/\/drive.google.com\/file\/d\/1--O-UIon8JJQrrnD1jcesbondsFYh3FH\/view?usp=sharing\" target=\"_blank\" rel=\"noreferrer noopener\">EUSKERA<\/a><\/li>\n<li>ANEXO 5.- 3\u00ba y 4\u00ba de Educaci\u00f3n Primaria. Registro individual:\u00a0<a href=\"https:\/\/drive.google.com\/file\/d\/16iNsPHj5mnUq229sxe2U1giE8CmKr0Lu\/view?usp=sharing\" target=\"_blank\" rel=\"noreferrer noopener\">CASTELLANO<\/a>\u00a0\u2013\u00a0<a href=\"https:\/\/drive.google.com\/file\/d\/1GHgDQB4vunaG59wh6tXJWbbIo81XehE3\/view?usp=sharing\" target=\"_blank\" rel=\"noreferrer noopener\">EUSKERA<\/a><\/li>\n<\/ul>\n<\/li>\n<\/ul>\n<h4><span style=\"color: #993300;\">Perfil lectoescritor<\/span><\/h4>\n<h6><span style=\"color: #993300;\">Pruebas estandarizadas<\/span><\/h6>\n<ul>\n<li><a href=\"https:\/\/editorialcepe.es\/titulo\/dix-manual-tecnico\/\" target=\"_blank\" rel=\"noopener\"><strong>DIX.<\/strong> <\/a>Bater\u00edas de detecci\u00f3n de la dislexia y dificultades en lectoescritura. (de 5 a 8 a\u00f1os) <strong>\u2663<\/strong><\/li>\n<li><a href=\"http:\/\/www.psicologia365.com\/lectura-escritura-tale-escala-magallanes-emle.html\" target=\"_blank\" rel=\"noopener noreferrer\"><strong>TALE 2000 EMLE<\/strong>.<\/a> Escala Magallanes de lectura y escritura (de 6 a 16 a\u00f1os).<strong>\u2663<\/strong><\/li>\n<li><strong><a href=\"https:\/\/web.teaediciones.com\/PROLEC-R-Bateria-de-Evaluacion-de-los-Procesos-Lectores--Revisad.aspx\" target=\"_blank\" rel=\"noopener noreferrer\">Prolec-R<\/a>. <\/strong>Bater\u00eda de evaluaci\u00f3n de los procesos lectores revisada (de 6 a 12 a\u00f1os).<strong>\u2663<\/strong><\/li>\n<li><b><a href=\"https:\/\/www.hogrefe-tea.com\/public\/catalogo\/producto\/PROLEC-SE-R-Bateria-para-la-Evaluacion-de-los-Procesos-Lectores-en-Secundaria-y-Bachillerato---Revisada\" target=\"_blank\" rel=\"noopener\">PROLEC-SE-R<\/a>. <\/b><span style=\"color: #000000;\"><span style=\"font-family: Verdana, sans-serif;\">Bater\u00eda para la Evaluaci\u00f3n de los procesos lectores en Secundaria y Bachillerato -Revisada.(12-18 a\u00f1os)<strong>\u2663<\/strong><\/span><\/span><\/li>\n<li><a href=\"http:\/\/web.teaediciones.com\/proesc-bateria-de-evaluacion-de-los-procesos-de-escritura.aspx\" target=\"_blank\" rel=\"noopener noreferrer\"><strong>PROESC.<\/strong> <\/a>Evaluaci\u00f3n de los procesos de escritura (de 8 a 15 a\u00f1os).<strong>\u2663<\/strong><\/li>\n<li><a href=\"https:\/\/www.leetestdelecturayescritura.com\/productos\/test-lee\/\" target=\"_blank\" rel=\"noopener\"><strong>LEE.<\/strong> <\/a>Test de lectura y escritura en espa\u00f1ol (de 6 a 10 a\u00f1os) <strong>\u2663<\/strong><\/li>\n<li><a href=\"http:\/\/www.eos.es\/colecciones-2\/neurologicos-evaluacion-lenguaje\/becole\" target=\"_blank\" rel=\"noopener noreferrer\"><strong>BECOLE.<\/strong><\/a> Bater\u00eda de evaluaci\u00f3n cognitiva de la lectura y la escritura (3\u00ba Educaci\u00f3n Primaria a 1\u00ba ESO).<strong>\u2663<\/strong><\/li>\n<li><a href=\"http:\/\/www.lebon-libros.com\/web_ficha.php\" target=\"_blank\" rel=\"noopener noreferrer\"><strong>TEYL.<\/strong><\/a> Test de escritura y lectura. Baremado 1\u00ba-4\u00ba EP.<strong>\u2663<\/strong><\/li>\n<li><strong><a href=\"http:\/\/www.psymtec.es\/catalogo.asp?catalogo=Psicolog%EDa%20y%20Evaluaci%F3n&amp;indice=DIAGN%D3STICO%20PEDAG%D3GICO-INTERVENCI%D3N\" target=\"_blank\" rel=\"noopener noreferrer\">BEL<\/a>.<\/strong> Bater\u00eda de evaluaci\u00f3n de la lectura (de 8 a 12 a\u00f1os).<strong>\u2663<\/strong><\/li>\n<li><strong><a href=\"https:\/\/web.teaediciones.com\/DST-J--TEST-PARA-LA-DETECCION-DE-LA-DISLEXIA-EN-NINOS.aspx\" target=\"_blank\" rel=\"noopener noreferrer\">DST-J<\/a>. <\/strong>Test para la detecci\u00f3n de la dislexia en ni\u00f1os (de 6 a\u00f1os y medio a 11 a\u00f1os y medio). Test de screening.\u00a0<strong>\u2663<\/strong><\/li>\n<li><a href=\"https:\/\/web.teaediciones.com\/PROLEXIA-Evaluacion-de-la-Dislexia.aspx\" target=\"_blank\" rel=\"noopener\"><strong>PROLEXIA.<\/strong><\/a> Diagnostico (de 7-70 a\u00f1os) y Detecci\u00f3n Temprana de la Dislexia. (de 4 a 6 a\u00f1os)<strong>\u2663<\/strong><\/li>\n<\/ul>\n<h6><span style=\"color: #993300;\">Otros instrumentos de recogida de informaci\u00f3n<\/span><\/h6>\n<ul>\n<li><strong>Muestras<\/strong><strong> de:<\/strong>\n<ul>\n<li>Escritura espont\u00e1nea<\/li>\n<li>Dictado<\/li>\n<li>Copia<\/li>\n<\/ul>\n<\/li>\n<\/ul>\n<h4><span style=\"color: #993300;\">Escritura<\/span><\/h4>\n<h6><span style=\"color: #993300;\">Pruebas estandarizadas<\/span><\/h6>\n<ul>\n<li><a href=\"http:\/\/web.teaediciones.com\/proesc-bateria-de-evaluacion-de-los-procesos-de-escritura.aspx\" target=\"_blank\" rel=\"noopener noreferrer\"><strong>PROESC<\/strong><\/a>. Evaluaci\u00f3n de los procesos de escritura (de 8 a 15 a\u00f1os).<strong>\u2663<\/strong><\/li>\n<\/ul>\n<h4><span style=\"color: #993300;\">Lectura<\/span><\/h4>\n<h6><span style=\"color: #993300;\">Pruebas estandarizadas<\/span><\/h6>\n<ul>\n<li><a href=\"https:\/\/www.giuntipsy.es\/tests\/tests-pedagogicos-y-escalas\/evalec.html\" target=\"_blank\" rel=\"noopener\"><strong>EVALEC<\/strong><\/a>. Evaluaci\u00f3n de la competencia lectora b\u00e1sica (de 6 a 15 a\u00f1os)<strong>\u2663<\/strong><\/li>\n<li><a href=\"https:\/\/web.teaediciones.com\/ecl-1-y-2-evaluacion-de-la-comprension-lectora.aspx\" target=\"_blank\" rel=\"noopener noreferrer\"><strong>ECLE 1 y 2.<\/strong><\/a> Evaluaci\u00f3n de la Comprensi\u00f3n Lectora: castellano y euskera.<\/li>\n<li><strong><a href=\"http:\/\/eos.es\/comprar-usos\/pedagogicos-y-escalas\/ecle\" target=\"_blank\" rel=\"noopener noreferrer\">ECLE 1, 2 y 3<\/a>.<\/strong> Pruebas de Evaluaci\u00f3n de las Competencias de Comprensi\u00f3n Lectora (de 2\u00ba-5\u00ba EP\/ de 4\u00ba EP-1\u00ba ESO).<strong>\u2663<\/strong><\/li>\n<li><strong><a href=\"http:\/\/www.grao.com\/llibres\/evaluacion-de-la-comprension-lectora\" target=\"_blank\" rel=\"noopener noreferrer\">Pruebas ACL<\/a>.<\/strong> Evaluaci\u00f3n de la comprensi\u00f3n lectora (1\u00ba-6\u00ba de primaria).<strong>\u2663<\/strong><\/li>\n<li><a href=\"https:\/\/www.editorialcepe.es\/pruebas-nivel-b-y-c\/113-ccl-jc-9788478693900.html\" target=\"_blank\" rel=\"noopener noreferrer\"><strong>CCL.<\/strong><\/a> Instrumento de medida de la competencia para la comprensi\u00f3n lectora (1\u00ba y 2\u00ba de Educaci\u00f3n Secundaria Obligatoria).<strong>\u2663<\/strong><\/li>\n<li><b>ECL-1 y 2.<\/b> Evaluaci\u00f3n de la comprensi\u00f3n lectora<strong>\u2663<\/strong><\/li>\n<\/ul>\n<h4><span style=\"color: #993300;\">Matem\u00e1ticas<\/span><\/h4>\n<h6><span style=\"color: #993300;\">Pruebas estandarizadas<\/span><\/h6>\n<ul>\n<li><a href=\"http:\/\/www.eos.es\/colecciones-2\/pedagogicos-y-escalas\/baterias-evamat\" target=\"_blank\" rel=\"noopener noreferrer\"><strong>EVAMAT. <\/strong><\/a>Competencia Matem\u00e1tica<strong>. <\/strong>Niveles de 0 a 8 (de 3\u00ba Infantil a 3\u00ba de ESO).<strong>\u2663<\/strong><\/li>\n<li><a href=\"http:\/\/www.amaruediciones.com\/index.php?patron=VANCOC&amp;field=Nombre&amp;item=articulos\" target=\"_blank\" rel=\"noopener noreferrer\"><strong>VANCOC. <\/strong><\/a>Pruebas para las \u00e1reas de lengua y matem\u00e1ticas en Primaria.<strong>\u2663<\/strong><\/li>\n<li><strong><a href=\"http:\/\/web.teaediciones.com\/tema-3-test-de-competencia-matematica-basica-3.aspx\" target=\"_blank\" rel=\"noopener noreferrer\">Tema 3.<\/a>\u00a0<\/strong>Test de Competencia Matem\u00e1tica B\u00e1sica (de 3 a\u00f1os a 8 a\u00f1os- 11 meses).<strong>\u2663<\/strong><\/li>\n<li><a href=\"http:\/\/web.teaediciones.com\/tedi-math.aspx\" target=\"_blank\" rel=\"noopener noreferrer\"><strong>TEDI-MATH. <\/strong><\/a>Test para el diagn\u00f3stico de las competencias b\u00e1sicas en Matem\u00e1ticas (de 4 a 8 a\u00f1os).<strong>\u2663<\/strong><\/li>\n<li><a href=\"http:\/\/www.eos.es\/colecciones-2\/pedagogicos-y-escalas\/temt\" target=\"_blank\" rel=\"noopener noreferrer\"><strong>TEMT<\/strong><\/a>. Test de evaluaci\u00f3n matem\u00e1tica temprana. Jose I. Navarro, Manual Aguilar y otros. De 4 a 7 a\u00f1os.<strong>\u2663<\/strong><\/li>\n<li><a href=\"https:\/\/web.teaediciones.com\/pma-aptitudes-mentales-primarias.aspx\" target=\"_blank\" rel=\"noopener noreferrer\"><strong>PMA<\/strong>.<\/a> Aptitudes mentales primarias<strong>\u2663<\/strong>\n<ul>\n<li>Subtest de c\u00e1lculo.<\/li>\n<\/ul>\n<\/li>\n<\/ul>\n<h4><span style=\"color: #993300;\">Memoria<\/span><\/h4>\n<h6><span style=\"color: #993300;\">Pruebas estandarizadas<\/span><\/h6>\n<ul>\n<li><a href=\"http:\/\/www.pearsonclinical.es\/producto\/63\/msca-escalas-mccarthy-de-aptitudes-y-psicomotricidad-para-ninos\" target=\"_blank\" rel=\"noopener noreferrer\"><strong>MSCA.<\/strong><\/a> Escalas MC Carthy de Aptitudes y Psicomotricidad para Ni\u00f1os (de 2 a\u00f1os y medio a 8 a\u00f1os y medio):<strong>\u2663<\/strong>\n<ul>\n<li><strong><em>Subpruebas<\/em><\/strong><strong>: <\/strong>Memoria de palabras, frases y relato.<\/li>\n<\/ul>\n<\/li>\n<li><b>WISC-V. <\/b>Escala de inteligencia de Weschler (de 6 a\u00f1os a 16 a\u00f1os y 11 meses):\n<ul>\n<li><i style=\"color: initial;\"><b>Subprueba<\/b><\/i><b style=\"color: initial;\">:<\/b><b style=\"color: initial;\"> <\/b><span style=\"color: initial;\">D\u00edgitos, letras y n\u00fameros (memoria auditiva)<\/span><\/li>\n<li><i><b>Subprueba:<\/b><\/i> spam de dibujos (memoria Visual)<\/li>\n<\/ul>\n<\/li>\n<li><b>CUMANIN. <\/b>Cuestionario de Madurez Neuropsicol\u00f3gica (de 3 a 6 a\u00f1os):\n<ul>\n<li><i><b>Subprueba:<\/b><\/i> memoria<\/li>\n<\/ul>\n<\/li>\n<li><a href=\"https:\/\/web.teaediciones.com\/tomal-test-de-memoria-y-aprendizaje.aspx\" target=\"_blank\" rel=\"noopener noreferrer\"><strong>TOMAL.<\/strong><\/a> Test de memoria y aprendizaje (de 5 a 19 a\u00f1os):<strong>\u2663<\/strong>\n<ul>\n<li><strong><em>Subpruebas<\/em><\/strong><strong>: <\/strong>Memoria de Historias:\n<ul>\n<li>Historia 1 (de 5 a 8 a\u00f1os).<\/li>\n<li>Historia 2 (de 9 a 11 a\u00f1os).<\/li>\n<li>Historia 3 (de 12 a 19 a\u00f1os).<\/li>\n<\/ul>\n<\/li>\n<\/ul>\n<\/li>\n<\/ul>\n<h4><span style=\"color: #993300;\">Atenci\u00f3n<\/span><\/h4>\n<h6><span style=\"color: #993300;\">Pruebas estandarizadas<\/span><\/h6>\n<ul>\n<li><a href=\"https:\/\/web.teaediciones.com\/CARAS-R-Test-de-Percepcion-de-Diferencias---Revisado.aspx\" target=\"_blank\" rel=\"noopener noreferrer\"><strong>Test de Caras-R- <\/strong><\/a>Test de Percepci\u00f3n de Diferencias- Revisado (de 6 a 18 a\u00f1os).<strong>\u2663<\/strong><\/li>\n<li><strong><a href=\"http:\/\/www.gac.com.es\/editorial\/INFO\/Manuales\/emavMANU.pdf\" target=\"_blank\" rel=\"noopener noreferrer\">EMAV 1\/2<\/a>. <\/strong>Escalas Magallanes de Atenci\u00f3n Visual (EMAV 1: de 5 a 8 a\u00f1os, EMAV 2: de 9 a 18 a\u00f1os).<strong>\u2663<\/strong><\/li>\n<li><b>D2.<\/b> Test de atenci\u00f3n (de 6 a 80 a\u00f1os)<strong>\u2663<\/strong><\/li>\n<\/ul>\n<h4><span style=\"color: #993300;\">Viso percepci\u00f3n y organizaci\u00f3n espacio-temporal<\/span><\/h4>\n<h6><span style=\"color: #993300;\">Pruebas estandarizadas<\/span><\/h6>\n<ul>\n<li><a href=\"http:\/\/web.teaediciones.com\/BENDER--TEST-GUESTALTICO-VISOMOTOR.aspx\" target=\"_blank\" rel=\"noopener noreferrer\"><strong>Test gest\u00e1ltico visomotor Bender <\/strong><\/a>(de 5 a 11 a\u00f1os).<strong>\u2663<\/strong><\/li>\n<li><a href=\"http:\/\/web.teaediciones.com\/rey-test-de-copia-de-una-figura-compleja.aspx\" target=\"_blank\" rel=\"noopener noreferrer\"><strong>Test de la Figura compleja de Rey <\/strong><\/a>(a partir de 4 a\u00f1os).<strong>\u2663<\/strong><\/li>\n<li><a href=\"http:\/\/web.teaediciones.com\/frostig-test-de-desarrollo-de-la-percepcion-visual.aspx\" target=\"_blank\" rel=\"noopener noreferrer\"><strong>Test de Frostig <\/strong><\/a>(de 4 a 10 a\u00f1os)<strong>\u2663<\/strong><\/li>\n<\/ul>\n<hr \/>\n<p><strong>\u2663 <\/strong>Disponible en la biblioteca CREENA<\/p>\n","protected":false},"excerpt":{"rendered":"<p>Perfil ling\u00fc\u00edstico Pruebas estandarizadas ITPA. Test Illinois de Aptitudes Psicoling\u00fc\u00edsticas (de 3 a 10 a\u00f1os).\u2663 CELF-5. Evaluaci\u00f3n cl\u00ednica de los Fundamentos del Lenguaje (de 5 a 15 a\u00f1os y 11 meses). \u2663 CELF-4. Clinical Evaluation of Language Fundamentals (Spanish Edition) (de 5 a 21 a\u00f1os)\u2663 Celf Preschool 2. (de 3 a 6:11 a\u00f1os)\u2663 Fluidez Sem\u00e1ntica [&hellip;]<\/p>\n","protected":false},"author":1,"featured_media":0,"parent":115,"menu_order":0,"comment_status":"closed","ping_status":"closed","template":"","meta":{"_genesis_hide_title":false,"_genesis_hide_breadcrumbs":false,"_genesis_hide_singular_image":false,"_genesis_hide_footer_widgets":false,"_genesis_custom_body_class":"","_genesis_custom_post_class":"","_genesis_layout":""},"_links":{"self":[{"href":"https:\/\/creena.educacion.navarra.es\/web\/protocolos\/wp-json\/wp\/v2\/pages\/680"}],"collection":[{"href":"https:\/\/creena.educacion.navarra.es\/web\/protocolos\/wp-json\/wp\/v2\/pages"}],"about":[{"href":"https:\/\/creena.educacion.navarra.es\/web\/protocolos\/wp-json\/wp\/v2\/types\/page"}],"author":[{"embeddable":true,"href":"https:\/\/creena.educacion.navarra.es\/web\/protocolos\/wp-json\/wp\/v2\/users\/1"}],"replies":[{"embeddable":true,"href":"https:\/\/creena.educacion.navarra.es\/web\/protocolos\/wp-json\/wp\/v2\/comments?post=680"}],"version-history":[{"count":13,"href":"https:\/\/creena.educacion.navarra.es\/web\/protocolos\/wp-json\/wp\/v2\/pages\/680\/revisions"}],"predecessor-version":[{"id":1156,"href":"https:\/\/creena.educacion.navarra.es\/web\/protocolos\/wp-json\/wp\/v2\/pages\/680\/revisions\/1156"}],"up":[{"embeddable":true,"href":"https:\/\/creena.educacion.navarra.es\/web\/protocolos\/wp-json\/wp\/v2\/pages\/115"}],"wp:attachment":[{"href":"https:\/\/creena.educacion.navarra.es\/web\/protocolos\/wp-json\/wp\/v2\/media?parent=680"}],"curies":[{"name":"wp","href":"https:\/\/api.w.org\/{rel}","templated":true}]}}