{"id":706,"date":"2017-10-05T09:13:26","date_gmt":"2017-10-05T09:13:26","guid":{"rendered":"http:\/\/creena.educacion.navarra.es\/web\/protocolos\/?page_id=706"},"modified":"2017-10-05T09:13:26","modified_gmt":"2017-10-05T09:13:26","slug":"5-contexto-familiar-y-escolar","status":"publish","type":"page","link":"https:\/\/creena.educacion.navarra.es\/web\/protocolos\/altas-capacidades\/5-contexto-familiar-y-escolar\/","title":{"rendered":"5. Contexto familiar y escolar"},"content":{"rendered":"<h4><span style=\"color: #993300;\">Contexto familiar<\/span><\/h4>\n<h6><span style=\"color: #993300;\">Otros instrumentos de recogida de informaci\u00f3n<\/span><\/h6>\n<ul>\n<li><strong>Entrevistas<\/strong>\n<ul>\n<li><strong>Entrevista<\/strong><strong> a los padres<\/strong> (M. Del Ca\u00f1o, J. A. Elices y M. M. Palazuelo, 2013).<\/li>\n<\/ul>\n<\/li>\n<li><strong>Cuestionarios<\/strong>\n<ul>\n<li><strong>Evaluaci\u00f3n del contexto socio-familiar <\/strong>(Enma Arocas, Pilar Mart\u00ednez, M\u00aa Dolores Mart\u00ednez y Agust\u00edn Regadera, 2002).<\/li>\n<li><strong>Valoraci\u00f3n de las necesidades educativas por los padres <\/strong>(M. Del Ca\u00f1o, J. A. Elices y M. M. Palazuelo).<\/li>\n<\/ul>\n<\/li>\n<\/ul>\n<h4><span style=\"color: #993300;\">Contexto escolar<\/span><\/h4>\n<h6><span style=\"color: #993300;\">Otros instrumentos de recogida de informaci\u00f3n<\/span><\/h6>\n<ul>\n<li><strong>Cuestionario de Valoraci\u00f3n del contexto escolar <\/strong>(M. Del Ca\u00f1o, J. A. Elices y M. M. Palazuelo).<\/li>\n<li><strong>Gu\u00eda para realizar la evaluaci\u00f3n del contexto escolar <\/strong>(Enma Arocas, Pilar Mart\u00ednez, M\u00aa Dolores Mart\u00ednez y Agust\u00edn Regadera).<\/li>\n<\/ul>\n","protected":false},"excerpt":{"rendered":"<p>Contexto familiar Otros instrumentos de recogida de informaci\u00f3n Entrevistas Entrevista a los padres (M. Del Ca\u00f1o, J. A. Elices y M. M. Palazuelo, 2013). Cuestionarios Evaluaci\u00f3n del contexto socio-familiar (Enma Arocas, Pilar Mart\u00ednez, M\u00aa Dolores Mart\u00ednez y Agust\u00edn Regadera, 2002). Valoraci\u00f3n de las necesidades educativas por los padres (M. Del Ca\u00f1o, J. A. Elices y [&hellip;]<\/p>\n","protected":false},"author":1,"featured_media":0,"parent":13,"menu_order":0,"comment_status":"closed","ping_status":"closed","template":"","meta":{"_genesis_hide_title":false,"_genesis_hide_breadcrumbs":false,"_genesis_hide_singular_image":false,"_genesis_hide_footer_widgets":false,"_genesis_custom_body_class":"","_genesis_custom_post_class":"","_genesis_layout":""},"_links":{"self":[{"href":"https:\/\/creena.educacion.navarra.es\/web\/protocolos\/wp-json\/wp\/v2\/pages\/706"}],"collection":[{"href":"https:\/\/creena.educacion.navarra.es\/web\/protocolos\/wp-json\/wp\/v2\/pages"}],"about":[{"href":"https:\/\/creena.educacion.navarra.es\/web\/protocolos\/wp-json\/wp\/v2\/types\/page"}],"author":[{"embeddable":true,"href":"https:\/\/creena.educacion.navarra.es\/web\/protocolos\/wp-json\/wp\/v2\/users\/1"}],"replies":[{"embeddable":true,"href":"https:\/\/creena.educacion.navarra.es\/web\/protocolos\/wp-json\/wp\/v2\/comments?post=706"}],"version-history":[{"count":1,"href":"https:\/\/creena.educacion.navarra.es\/web\/protocolos\/wp-json\/wp\/v2\/pages\/706\/revisions"}],"predecessor-version":[{"id":707,"href":"https:\/\/creena.educacion.navarra.es\/web\/protocolos\/wp-json\/wp\/v2\/pages\/706\/revisions\/707"}],"up":[{"embeddable":true,"href":"https:\/\/creena.educacion.navarra.es\/web\/protocolos\/wp-json\/wp\/v2\/pages\/13"}],"wp:attachment":[{"href":"https:\/\/creena.educacion.navarra.es\/web\/protocolos\/wp-json\/wp\/v2\/media?parent=706"}],"curies":[{"name":"wp","href":"https:\/\/api.w.org\/{rel}","templated":true}]}}