{"id":26,"date":"2020-10-19T10:37:50","date_gmt":"2020-10-19T10:37:50","guid":{"rendered":"https:\/\/creena.educacion.navarra.es\/web\/pruebas-psicopedagogicas\/?page_id=26"},"modified":"2023-09-21T09:58:07","modified_gmt":"2023-09-21T09:58:07","slug":"inicio","status":"publish","type":"page","link":"https:\/\/creena.educacion.navarra.es\/web\/pruebas-psicopedagogicas\/","title":{"rendered":"Inicio"},"content":{"rendered":"\n<p>En este blog figuran todas las pruebas psiopedag\u00f3gicas disponibles en la biblioteca CREENA para pr\u00e9stamo.<\/p>\n\n\n\n<p>Est\u00e1n catalogadas por el objetivo de evaluaci\u00f3n de las mismas.<\/p>\n\n\n\n<p>En la columna de la derecha se pueden  ver las distintas categor\u00edas y, al lado, un d\u00edgito que indica el n\u00famero de pruebas en esa categor\u00eda.<\/p>\n\n\n\n<p>Al pinchar sobre la categor\u00eda se muestran las pruebas correspondientes a la misma con un peque\u00f1o resumen. Si se pulsa en el enlace <em>\u00absigue leyendo\u00bb<\/em> se muestra una ficha de la prueba con:<\/p>\n\n\n\n<ul><li>T\u00edtulo<\/li><li>\u00c1mbitos Valorados. \u00cdndices y subescalas<\/li><li>Intervalos de edad<\/li><li>Modalidad de aplicaci\u00f3n<\/li><li>&nbsp;Tiempo de aplicaci\u00f3n<\/li><li>Observaciones<\/li><li>M\u00c1S INFORMACI\u00d3N (desde aqu\u00ed se accede a la informaci\u00f3n de la editorial sobre la prueba)<\/li><\/ul>\n\n\n\n<p>Por \u00faltimo, en la parte superior de la columna derecha se pueden ver las pruebas disponibles en euskera,  pruebas no verbales y las \u00faltimas pruebas adquiridas en la biblioteca.<\/p>\n\n\n<hr>\n\n\n<p>Blog honetan, NHEBZ ko liburutegian maileguan eskuragai dauden froga psikopedadogiko guztiak daude.<\/p>\n\n\n\n<p>Frogak ebaluatzen duten helburuaren arabera katalogatuta daude.<\/p>\n\n\n\n<p>Eskuineko zutabean kategoria desberdinak ikus ditzakezu eta ondoan kategoria horretako proba kopurua adierazten duen zenbakia.<\/p>\n\n\n\n<p>Kategorian klik eginez gero, horri dagozkion probak laburpen txiki batekin agertzen dira. \u00abIrakurtzen jarraitu\u00bb estekan klik egiten baduzu, proba fitxategia bistaratuko da honako informazioarekin:<\/p>\n\n\n\n<ul><li>Izenburua<\/li><li>Ebaluatzen dituen eremuak. Indizeak eta azpieskalak<\/li><li>Adin tarteak<\/li><li>Aplikazio modua<\/li><li>Aplikazio denbora<\/li><li>Behaketak<\/li><li>INFORMAZIO GEHIAGO (Hemendik editorialak frogari buruzko informazioara sar zaitezke)<\/li><\/ul>\n\n\n\n<p>Azkenean, eskuineko zutabearen behealdean euskaraz dauden probak eta proba ez berbalak&nbsp; ikus ditzakezu<\/p>\n","protected":false},"excerpt":{"rendered":"<p>En este blog figuran todas las pruebas psiopedag\u00f3gicas disponibles en la biblioteca CREENA para pr\u00e9stamo. Est\u00e1n catalogadas por el objetivo de evaluaci\u00f3n de las mismas. En la columna de la derecha se pueden ver las distintas categor\u00edas y, al lado, &hellip; <a href=\"https:\/\/creena.educacion.navarra.es\/web\/pruebas-psicopedagogicas\/\">Sigue leyendo <span class=\"meta-nav\">&rarr;<\/span><\/a><\/p>\n","protected":false},"author":1,"featured_media":0,"parent":0,"menu_order":0,"comment_status":"closed","ping_status":"closed","template":"","meta":[],"_links":{"self":[{"href":"https:\/\/creena.educacion.navarra.es\/web\/pruebas-psicopedagogicas\/wp-json\/wp\/v2\/pages\/26"}],"collection":[{"href":"https:\/\/creena.educacion.navarra.es\/web\/pruebas-psicopedagogicas\/wp-json\/wp\/v2\/pages"}],"about":[{"href":"https:\/\/creena.educacion.navarra.es\/web\/pruebas-psicopedagogicas\/wp-json\/wp\/v2\/types\/page"}],"author":[{"embeddable":true,"href":"https:\/\/creena.educacion.navarra.es\/web\/pruebas-psicopedagogicas\/wp-json\/wp\/v2\/users\/1"}],"replies":[{"embeddable":true,"href":"https:\/\/creena.educacion.navarra.es\/web\/pruebas-psicopedagogicas\/wp-json\/wp\/v2\/comments?post=26"}],"version-history":[{"count":10,"href":"https:\/\/creena.educacion.navarra.es\/web\/pruebas-psicopedagogicas\/wp-json\/wp\/v2\/pages\/26\/revisions"}],"predecessor-version":[{"id":1223,"href":"https:\/\/creena.educacion.navarra.es\/web\/pruebas-psicopedagogicas\/wp-json\/wp\/v2\/pages\/26\/revisions\/1223"}],"wp:attachment":[{"href":"https:\/\/creena.educacion.navarra.es\/web\/pruebas-psicopedagogicas\/wp-json\/wp\/v2\/media?parent=26"}],"curies":[{"name":"wp","href":"https:\/\/api.w.org\/{rel}","templated":true}]}}