{"id":1004,"date":"2015-12-02T10:32:26","date_gmt":"2015-12-02T09:32:26","guid":{"rendered":"http:\/\/creena.educacion.navarra.es\/web\/?page_id=1004"},"modified":"2025-06-19T12:59:57","modified_gmt":"2025-06-19T10:59:57","slug":"equipo-de-apoyo-a-necesidades-educativas","status":"publish","type":"page","link":"https:\/\/creena.educacion.navarra.es\/web\/necesidades-educativas-especificas\/equipo-de-apoyo-a-necesidades-educativas\/","title":{"rendered":"Transformaci\u00f3n de Centros y DUA"},"content":{"rendered":"<p><a href=\"https:\/\/creena.educacion.navarra.es\/web\/wp-content\/uploads\/2024\/10\/Pajarita-transformer-3.jpg\"><img loading=\"lazy\" class=\"wp-image-18411 alignleft\" src=\"https:\/\/creena.educacion.navarra.es\/web\/wp-content\/uploads\/2024\/10\/Pajarita-transformer-3.jpg\" alt=\"\" width=\"526\" height=\"295\" srcset=\"https:\/\/creena.educacion.navarra.es\/web\/wp-content\/uploads\/2024\/10\/Pajarita-transformer-3.jpg 755w, https:\/\/creena.educacion.navarra.es\/web\/wp-content\/uploads\/2024\/10\/Pajarita-transformer-3-300x168.jpg 300w\" sizes=\"(max-width: 526px) 100vw, 526px\" \/><\/a><\/p>\n<p>\u00a0<\/p>\n<p>\u00a0<\/p>\n<p>\u00a0<\/p>\n<p>\u00a0<\/p>\n<p><a href=\"https:\/\/sites.google.com\/educacion.navarra.es\/creena-tc-dua\/pagina-principal?authuser=0\" target=\"_blank\" rel=\"noopener\"><img loading=\"lazy\" class=\"alignnone wp-image-19145\" src=\"https:\/\/creena.educacion.navarra.es\/web\/wp-content\/uploads\/2025\/06\/site-2.jpg\" alt=\"Enlace al SITE de TC-DUA\" width=\"139\" height=\"46\" srcset=\"https:\/\/creena.educacion.navarra.es\/web\/wp-content\/uploads\/2025\/06\/site-2.jpg 457w, https:\/\/creena.educacion.navarra.es\/web\/wp-content\/uploads\/2025\/06\/site-2-300x100.jpg 300w\" sizes=\"(max-width: 139px) 100vw, 139px\" \/><\/a><\/p>\n<p>\u00a0<\/p>\n<p><span style=\"font-weight: 400;\">El programa Transformaci\u00f3n de centros y DUA se dirige principalmente a generar entornos de aprendizaje que promuevan y faciliten la inclusi\u00f3n.<\/span><\/p>\n<p><span style=\"font-weight: 400;\">Nuestro trabajo se desarrolla principalmente en:<\/span><\/p>\n<ul>\n<li><b>Centros<\/b><span style=\"font-weight: 400;\">. Asesorar y acompa\u00f1ar a centros educativos.<\/span><\/li>\n<li><b>Redes<\/b><span style=\"font-weight: 400;\">. Organizar encuentros pedag\u00f3gicos.\u00a0<\/span><\/li>\n<li><b>Visitas<\/b><span style=\"font-weight: 400;\">. Dinamizar visitas intercentros.<\/span><\/li>\n<li><b>AA.CC<\/b><span style=\"font-weight: 400;\">. Asesorar en Altas Capacidades y realizar formaciones.<\/span><\/li>\n<li><b>Material<\/b><span style=\"font-weight: 400;\">. Crear y compartir un banco de recursos y materiales para centro y aula.<\/span><\/li>\n<\/ul>\n<p><span style=\"font-weight: 400;\">Somos un equipo de cuatro personas con diferentes perfiles, docentes de primaria, secundaria y orientaci\u00f3n educativa en euskera y castellano. Esta diversidad de perfiles nos permite atender diferentes necesidades y casu\u00edsticas de manera transversal.<\/span><\/p>\n<p><span style=\"font-weight: 400;\">Nuestro principal objetivo es acompa\u00f1ar en el proceso de transformaci\u00f3n de centro hacia nuevas pr\u00e1cticas docentes inclusivas.<\/span><\/p>\n<hr \/>\n<div id=\"blox_global_17547\" class=\"blox-container blox-content-image blox-theme-default blox-scope-global \">\n<div class=\"blox-wrap \">\n<div>\u00a0<\/div>\n<div class=\"blox-image-container custom \"><strong><span style=\"color: #3366ff;\"><a href=\"https:\/\/creena.educacion.navarra.es\/web\/wp-content\/uploads\/2022\/10\/guia_erasmus.png\"><img loading=\"lazy\" class=\"alignright wp-image-16577\" src=\"https:\/\/creena.educacion.navarra.es\/web\/wp-content\/uploads\/2022\/10\/guia_erasmus-209x300.png\" alt=\"\" width=\"224\" height=\"321\" srcset=\"https:\/\/creena.educacion.navarra.es\/web\/wp-content\/uploads\/2022\/10\/guia_erasmus-209x300.png 209w, https:\/\/creena.educacion.navarra.es\/web\/wp-content\/uploads\/2022\/10\/guia_erasmus.png 528w\" sizes=\"(max-width: 224px) 100vw, 224px\" \/><\/a><\/span><\/strong><\/div>\n<div>\u00a0<\/div>\n<div class=\"blox-image-container custom \"><strong><span style=\"color: #3366ff;\">Gu\u00eda metodol\u00f3gica para la transformaci\u00f3n global de lo centros educativos hacia una educaci\u00f3n inclusiva:<\/span><\/strong><\/div>\n<ul>\n<li><a href=\"https:\/\/drive.google.com\/file\/d\/1m3kRPkuOjN4whRDnYA2E0u-PVCZl1fr8\/view\" target=\"_blank\" rel=\"noopener\">gu\u00eda en castellano<\/a><\/li>\n<li><a href=\"https:\/\/drive.google.com\/file\/d\/17yIvHRmqVxpQuH_C_3Jg55Can8MQrayS\/view\" target=\"_blank\" rel=\"noopener\">gu\u00eda en euskera<\/a><\/li>\n<li><a href=\"https:\/\/drive.google.com\/file\/d\/1JKXwdUiCHYEmJB6bKOWEHqFYdUZvbqj6\/view\" target=\"_blank\" rel=\"noopener\">gu\u00eda en ingl\u00e9s<\/a><\/li>\n<li><a href=\"https:\/\/drive.google.com\/file\/d\/1IkH2_cD8Fl7_oC2shbSjrVkgImWxFRJE\/view\" target=\"_blank\" rel=\"noopener\">gu\u00eda en italiano<\/a><\/li>\n<li><a href=\"https:\/\/drive.google.com\/file\/d\/1TpzNHqSXwqikGtzz4wu2gAWkYRlijGrV\/view\" target=\"_blank\" rel=\"noopener\">gu\u00eda en portugu\u00e9s<\/a><\/li>\n<\/ul>\n<\/div>\n<\/div>\n<div class=\"content-sidebar-wrap\"><main class=\"content\">\n<p>\u00a0<\/p>\n<p>\u00a0<\/p>\n<p>\u00a0<\/p>\n<\/main><\/div>\n\n\n<p><\/p>\n","protected":false},"excerpt":{"rendered":"<p>\u00a0 \u00a0 \u00a0 \u00a0 \u00a0 El programa Transformaci\u00f3n de centros y DUA se dirige principalmente a generar entornos de aprendizaje que promuevan y faciliten la inclusi\u00f3n. Nuestro trabajo se desarrolla principalmente en: Centros. Asesorar y acompa\u00f1ar a centros educativos. Redes. Organizar encuentros pedag\u00f3gicos.\u00a0 Visitas. Dinamizar visitas intercentros. AA.CC. Asesorar en Altas Capacidades y realizar formaciones. [&hellip;]<\/p>\n","protected":false},"author":1,"featured_media":0,"parent":12,"menu_order":4,"comment_status":"closed","ping_status":"closed","template":"","meta":{"_genesis_hide_title":false,"_genesis_hide_breadcrumbs":false,"_genesis_hide_singular_image":false,"_genesis_hide_footer_widgets":false,"_genesis_custom_body_class":"","_genesis_custom_post_class":"","_genesis_layout":"full-width-content"},"_links":{"self":[{"href":"https:\/\/creena.educacion.navarra.es\/web\/wp-json\/wp\/v2\/pages\/1004"}],"collection":[{"href":"https:\/\/creena.educacion.navarra.es\/web\/wp-json\/wp\/v2\/pages"}],"about":[{"href":"https:\/\/creena.educacion.navarra.es\/web\/wp-json\/wp\/v2\/types\/page"}],"author":[{"embeddable":true,"href":"https:\/\/creena.educacion.navarra.es\/web\/wp-json\/wp\/v2\/users\/1"}],"replies":[{"embeddable":true,"href":"https:\/\/creena.educacion.navarra.es\/web\/wp-json\/wp\/v2\/comments?post=1004"}],"version-history":[{"count":40,"href":"https:\/\/creena.educacion.navarra.es\/web\/wp-json\/wp\/v2\/pages\/1004\/revisions"}],"predecessor-version":[{"id":19150,"href":"https:\/\/creena.educacion.navarra.es\/web\/wp-json\/wp\/v2\/pages\/1004\/revisions\/19150"}],"up":[{"embeddable":true,"href":"https:\/\/creena.educacion.navarra.es\/web\/wp-json\/wp\/v2\/pages\/12"}],"wp:attachment":[{"href":"https:\/\/creena.educacion.navarra.es\/web\/wp-json\/wp\/v2\/media?parent=1004"}],"curies":[{"name":"wp","href":"https:\/\/api.w.org\/{rel}","templated":true}]}}