{"id":102,"date":"2015-11-06T13:28:18","date_gmt":"2015-11-06T12:28:18","guid":{"rendered":"http:\/\/creena.educacion.navarra.es\/web\/?page_id=102"},"modified":"2021-01-18T10:39:40","modified_gmt":"2021-01-18T09:39:40","slug":"estructura-organizativa","status":"publish","type":"page","link":"https:\/\/creena.educacion.navarra.es\/web\/informacion-generalg\/estructura-organizativa\/","title":{"rendered":"Estructura organizativa (en revisi\u00f3n)"},"content":{"rendered":"<p>&nbsp;<\/p>\n<table id=\"tabla2\" border=\"\" width=\"100%\">\n<tbody>\n<tr>\n<td rowspan=\"9\" bgcolor=\"#CCCCCC\" width=\"10%\"><strong>SISTEMA EDUCATIVO: EDUCACI\u00d3N ESPECIAL. RECURSOS PARA LA ATENCI\u00d3N A LAS N.E.E<\/strong><\/td>\n<td rowspan=\"3\" bgcolor=\"#CCCCCC\" width=\"10%\"><strong>SUBSISTEMA PROVINCIAL<\/strong><\/td>\n<td colspan=\"5\" height=\"48\">\n<h2 style=\"text-align: center; font-size: 15px; font-weight: bold; background-color: #0c3;\"><span style=\"color: #800000;\">CENTRO DE RECURSOS DE EDUCACI\u00d3N ESPECIAL<\/span><\/h2>\n<\/td>\n<td rowspan=\"9\" bgcolor=\"#CCCCCC\" width=\"14%\">\n<div align=\"center\">M\u00c1S ESPECIALIZACI\u00d3N<\/div>\n<div align=\"center\"><\/div>\n<div align=\"center\"><\/div>\n<div align=\"center\"><\/div>\n<div align=\"center\"><\/div>\n<div align=\"center\"><\/div>\n<div align=\"center\"><a href=\"http:\/\/creena.educacion.navarra.es\/web\/wp-content\/uploads\/2015\/11\/flechas.gif\"><img loading=\"lazy\" class=\"size-full wp-image-3057 aligncenter\" src=\"http:\/\/creena.educacion.navarra.es\/web\/wp-content\/uploads\/2015\/11\/flechas.gif\" alt=\"flechas\" width=\"43\" height=\"74\"><\/a><\/div>\n<div align=\"center\"><\/div>\n<div align=\"center\"><\/div>\n<div align=\"center\"><\/div>\n<div align=\"center\"><\/div>\n<div align=\"center\"><\/div>\n<div align=\"center\"><\/div>\n<div align=\"center\"><\/div>\n<div align=\"center\"><\/div>\n<div align=\"center\"><\/div>\n<div align=\"center\"><\/div>\n<div align=\"center\"><\/div>\n<div align=\"center\">MENOS ESPECIALIZACI\u00d3N<\/div>\n<\/td>\n<td rowspan=\"9\" bgcolor=\"#CCCCCC\" width=\"25%\">\n<p align=\"center\"><img loading=\"lazy\" class=\"alignleft\" src=\"http:\/\/creena.educacion.navarra.es\/imagenes\/estructura.png\" width=\"33\" height=\"154\"><\/p>\n<p align=\"center\"><img loading=\"lazy\" src=\"imagenes\/estructura.png\" alt=\"\" width=\"33\" height=\"154\"><\/p>\n<\/td>\n<\/tr>\n<tr>\n<td valign=\"top\" bgcolor=\"#99CCCC\" width=\"25%\">\n<p style=\"text-align: center; font-weight: bold;\"><span style=\"color: #800000;\">\u00c1REA DE ATENCI\u00d3N A NECESIDADES EDUCATIVAS ESPECIALES<\/span><\/p>\n<\/td>\n<td valign=\"top\" bgcolor=\"#99CCCC\" width=\"25%\">\n<p style=\"text-align: center; font-weight: bold;\"><span style=\"color: #800000;\">\u00c1REA DE ATENCI\u00d3N A NECESIDADES EDUCATIVAS ESPEC\u00cdFICAS<\/span><\/p>\n<\/td>\n<td valign=\"top\" bgcolor=\"#99CCCC\" width=\"50%\">\n<p style=\"text-align: center; font-weight: bold;\"><span style=\"color: #800000;\">\u00c1REA DE GESTI\u00d3N, INFORMACI\u00d3N Y MEDIOS<\/span><\/p>\n<\/td>\n<\/tr>\n<tr>\n<td align=\"left\" valign=\"top\" bgcolor=\"#EDF5D3\">Equipo de Ps\u00edquicos<br \/>\nEquipo de Visuales<br \/>\nEquipo de Auditivos<br \/>\nEquipo de Conducta<br \/>\nEquipo de Mot\u00f3ricos<\/td>\n<td align=\"left\" valign=\"top\" bgcolor=\"#EDF5D3\">Equipo de Atenci\u00f3n Temprana<br \/>\nEquipo de Atenci\u00f3n a la diversidad Educativa.<br \/>\nEquipo de Altas Capacidades<\/td>\n<td align=\"left\" valign=\"top\" bgcolor=\"#EDF5D3\">Servicios a la Comunidad<br \/>\nCFPE-Inserci\u00f3n Laboral<br \/>\nUnidad de Documentaci\u00f3n y Bibliograf\u00eda<br \/>\nEquipo de Nuevas Tecnolog\u00edas<br \/>\nEquipo de Hospitalaria y domiciliaria<\/td>\n<\/tr>\n<tr>\n<td rowspan=\"2\" bgcolor=\"#CCCCCC\"><strong>SUBSISTEMA SECTORIAL<\/strong><\/td>\n<td bgcolor=\"#66FFCC\" height=\"111\">\n<div align=\"center\">RED DE CUIDADORES<\/div>\n<\/td>\n<td rowspan=\"2\" align=\"center\" bgcolor=\"#66FFCC\">\n<div>UCES\/PCPIES. Secundaria<br \/>\n&#8212;<\/div>\n<div>CENTROS DE INTEGRACI\u00d3N PREFERENTE<br \/>\n&#8212;<\/div>\n<div>UNIDADES DE TRANSICI\u00d3N \/ T.G.D.<\/div>\n<\/td>\n<td bgcolor=\"#66FFCC\">\n<div align=\"center\">CENTROS DE E. ESPECIAL<\/div>\n<\/td>\n<\/tr>\n<tr>\n<td bgcolor=\"#66FFCC\">\n<div align=\"center\">RED DE LOGOPEDAS<\/div>\n<\/td>\n<td bgcolor=\"#66FFCC\">\n<div align=\"center\">UNIDADES DE E.E. ZONA RURAL<\/div>\n<\/td>\n<\/tr>\n<tr>\n<td rowspan=\"2\" bgcolor=\"#CCCCCC\" height=\"42\"><strong>SUBSISTEMA ORDINARIO<\/strong><\/td>\n<td bgcolor=\"#CCFF99\">\n<div align=\"center\">ORIENTADORES<\/div>\n<\/td>\n<td colspan=\"2\" rowspan=\"2\" bgcolor=\"#CCFF99\">\n<div align=\"center\"><strong>CENTROS ORDINARIOS<\/strong><\/div>\n<\/td>\n<\/tr>\n<tr>\n<td bgcolor=\"#CCFF99\">\n<div align=\"center\">PROFESORADO DE APOYO<\/div>\n<\/td>\n<\/tr>\n<\/tbody>\n<\/table>\n<p>&nbsp;<\/p>\n","protected":false},"excerpt":{"rendered":"<p>&nbsp; SISTEMA EDUCATIVO: EDUCACI\u00d3N ESPECIAL. RECURSOS PARA LA ATENCI\u00d3N A LAS N.E.E SUBSISTEMA PROVINCIAL CENTRO DE RECURSOS DE EDUCACI\u00d3N ESPECIAL M\u00c1S ESPECIALIZACI\u00d3N MENOS ESPECIALIZACI\u00d3N \u00c1REA DE ATENCI\u00d3N A NECESIDADES EDUCATIVAS ESPECIALES \u00c1REA DE ATENCI\u00d3N A NECESIDADES EDUCATIVAS ESPEC\u00cdFICAS \u00c1REA DE GESTI\u00d3N, INFORMACI\u00d3N Y MEDIOS Equipo de Ps\u00edquicos Equipo de Visuales Equipo de Auditivos Equipo de [&hellip;]<\/p>\n","protected":false},"author":1,"featured_media":0,"parent":29,"menu_order":2,"comment_status":"closed","ping_status":"closed","template":"","meta":{"_genesis_hide_title":false,"_genesis_hide_breadcrumbs":false,"_genesis_hide_singular_image":false,"_genesis_hide_footer_widgets":false,"_genesis_custom_body_class":"","_genesis_custom_post_class":"","_genesis_layout":"full-width-content"},"_links":{"self":[{"href":"https:\/\/creena.educacion.navarra.es\/web\/wp-json\/wp\/v2\/pages\/102"}],"collection":[{"href":"https:\/\/creena.educacion.navarra.es\/web\/wp-json\/wp\/v2\/pages"}],"about":[{"href":"https:\/\/creena.educacion.navarra.es\/web\/wp-json\/wp\/v2\/types\/page"}],"author":[{"embeddable":true,"href":"https:\/\/creena.educacion.navarra.es\/web\/wp-json\/wp\/v2\/users\/1"}],"replies":[{"embeddable":true,"href":"https:\/\/creena.educacion.navarra.es\/web\/wp-json\/wp\/v2\/comments?post=102"}],"version-history":[{"count":24,"href":"https:\/\/creena.educacion.navarra.es\/web\/wp-json\/wp\/v2\/pages\/102\/revisions"}],"predecessor-version":[{"id":14782,"href":"https:\/\/creena.educacion.navarra.es\/web\/wp-json\/wp\/v2\/pages\/102\/revisions\/14782"}],"up":[{"embeddable":true,"href":"https:\/\/creena.educacion.navarra.es\/web\/wp-json\/wp\/v2\/pages\/29"}],"wp:attachment":[{"href":"https:\/\/creena.educacion.navarra.es\/web\/wp-json\/wp\/v2\/media?parent=102"}],"curies":[{"name":"wp","href":"https:\/\/api.w.org\/{rel}","templated":true}]}}