{"id":1021,"date":"2015-12-02T11:12:40","date_gmt":"2015-12-02T10:12:40","guid":{"rendered":"http:\/\/creena.educacion.navarra.es\/web\/?page_id=1021"},"modified":"2017-05-16T12:43:20","modified_gmt":"2017-05-16T10:43:20","slug":"respuesta-educativa","status":"publish","type":"page","link":"https:\/\/creena.educacion.navarra.es\/web\/necesidades-educativas-especificas\/equipo-de-apoyo-a-necesidades-educativas\/respuesta-educativa\/","title":{"rendered":"Respuesta Educativa"},"content":{"rendered":"<p><img loading=\"lazy\" class=\"alignright wp-image-1022 size-full\" src=\"http:\/\/creena.educacion.navarra.es\/web\/wp-content\/uploads\/2015\/12\/portada_respuesta.jpg\" alt=\"portada_respuesta\" width=\"700\" height=\"300\" srcset=\"https:\/\/creena.educacion.navarra.es\/web\/wp-content\/uploads\/2015\/12\/portada_respuesta.jpg 700w, https:\/\/creena.educacion.navarra.es\/web\/wp-content\/uploads\/2015\/12\/portada_respuesta-300x129.jpg 300w\" sizes=\"(max-width: 700px) 100vw, 700px\" \/><\/p>\n<ul>\n<li style=\"text-align: left;\"><a href=\"https:\/\/creena.educacion.navarra.es\/web\/necesidades-educativas-especificas\/equipo-de-apoyo-a-necesidades-educativas\/respuesta-educativa\/programas-de-atencion-a-la-diversidad\/\">Programas espec\u00edficos de atenci\u00f3n\u00a0a la diversidad<\/a><\/li>\n<li style=\"text-align: left;\"><a href=\"https:\/\/creena.educacion.navarra.es\/web\/necesidades-educativas-especificas\/equipo-de-apoyo-a-necesidades-educativas\/respuesta-educativa\/metodologias-inclusivas\/\">Metodolog\u00edas\u00a0inclusivas<\/a><\/li>\n<li style=\"text-align: left;\"><a href=\"https:\/\/creena.educacion.navarra.es\/web\/necesidades-educativas-especificas\/equipo-de-apoyo-a-necesidades-educativas\/respuesta-educativa\/propuestas-didacticas-y-metodologicas\/\">Propuestas did\u00e1cticas y metodol\u00f3gica<\/a><a href=\"https:\/\/creena.educacion.navarra.es\/web\/necesidades-educativas-especificas\/equipo-de-apoyo-a-necesidades-educativas\/respuesta-educativa\/propuestas-didacticas-y-metodologicas\/\">s<\/a><\/li>\n<li style=\"text-align: left;\">Bibliograf\u00eda e investigaciones<\/li>\n<\/ul>\n","protected":false},"excerpt":{"rendered":"<p>Programas espec\u00edficos de atenci\u00f3n\u00a0a la diversidad Metodolog\u00edas\u00a0inclusivas Propuestas did\u00e1cticas y metodol\u00f3gicas Bibliograf\u00eda e investigaciones<\/p>\n","protected":false},"author":1,"featured_media":0,"parent":1004,"menu_order":2,"comment_status":"closed","ping_status":"closed","template":"","meta":{"_genesis_hide_title":false,"_genesis_hide_breadcrumbs":false,"_genesis_hide_singular_image":false,"_genesis_hide_footer_widgets":false,"_genesis_custom_body_class":"","_genesis_custom_post_class":"","_genesis_layout":"content-sidebar"},"_links":{"self":[{"href":"https:\/\/creena.educacion.navarra.es\/web\/wp-json\/wp\/v2\/pages\/1021"}],"collection":[{"href":"https:\/\/creena.educacion.navarra.es\/web\/wp-json\/wp\/v2\/pages"}],"about":[{"href":"https:\/\/creena.educacion.navarra.es\/web\/wp-json\/wp\/v2\/types\/page"}],"author":[{"embeddable":true,"href":"https:\/\/creena.educacion.navarra.es\/web\/wp-json\/wp\/v2\/users\/1"}],"replies":[{"embeddable":true,"href":"https:\/\/creena.educacion.navarra.es\/web\/wp-json\/wp\/v2\/comments?post=1021"}],"version-history":[{"count":13,"href":"https:\/\/creena.educacion.navarra.es\/web\/wp-json\/wp\/v2\/pages\/1021\/revisions"}],"predecessor-version":[{"id":9325,"href":"https:\/\/creena.educacion.navarra.es\/web\/wp-json\/wp\/v2\/pages\/1021\/revisions\/9325"}],"up":[{"embeddable":true,"href":"https:\/\/creena.educacion.navarra.es\/web\/wp-json\/wp\/v2\/pages\/1004"}],"wp:attachment":[{"href":"https:\/\/creena.educacion.navarra.es\/web\/wp-json\/wp\/v2\/media?parent=1021"}],"curies":[{"name":"wp","href":"https:\/\/api.w.org\/{rel}","templated":true}]}}