{"id":105,"date":"2015-11-06T13:46:31","date_gmt":"2015-11-06T12:46:31","guid":{"rendered":"http:\/\/creena.educacion.navarra.es\/web\/?page_id=105"},"modified":"2025-10-27T13:39:01","modified_gmt":"2025-10-27T12:39:01","slug":"legislacionig","status":"publish","type":"page","link":"https:\/\/creena.educacion.navarra.es\/web\/informacion-generalg\/legislacionig\/","title":{"rendered":"Normativa"},"content":{"rendered":"<h5><span style=\"color: #993300;\"><strong><u>Normativa estatal de car\u00e1cter general<\/u><\/strong><\/span><\/h5>\n<ul>\n<li class=\"documento-tit\"><a href=\"https:\/\/www.boe.es\/eli\/es\/lo\/2020\/12\/29\/3\" target=\"_blank\" rel=\"noopener\">Ley Org\u00e1nica 3\/2020<\/a>, de 29 de diciembre, por la que se modifica la Ley Org\u00e1nica 2\/2006, de 3 de mayo, de Educaci\u00f3n<\/li>\n<li class=\"documento-tit\"><a href=\"https:\/\/www.boe.es\/buscar\/doc.php?id=BOE-A-2013-12632\" target=\"_blank\" rel=\"noopener noreferrer\">Real Decreto Legislativo 1\/2013<\/a>, de 29 de noviembre, por el que se aprueba el Texto Refundido de la Ley General de derechos de las personas con discapacidad y de su inclusi\u00f3n social. (BOE 289 de 3 diciembre de 2013)<\/li>\n<li><a href=\"https:\/\/www.boe.es\/buscar\/doc.php?id=BOE-A-2007-18476\" target=\"_blank\" rel=\"noopener noreferrer\">Ley 27\/2007, de 23 de octubre,<\/a> por la que se reconocen las lenguas de signos espa\u00f1olas y se regulan los medios de apoyo a la comunicaci\u00f3n oral de las personas sordas, con discapacidad auditiva y sordociegas.<\/li>\n<\/ul>\n<h5><span style=\"color: #993300;\"><strong><u>Normativa auton\u00f3mica<\/u><\/strong><\/span><\/h5>\n<ul>\n<li><a href=\"https:\/\/bon.navarra.es\/es\/anuncio\/-\/texto\/2022\/250\/0\" target=\"_blank\" rel=\"noopener\">LEY FORAL 31\/2022<\/a>, de 28 de noviembre, de atenci\u00f3n a las personas con discapacidad en Navarra y garant\u00eda de sus derechos<\/li>\n<li><a href=\"https:\/\/bon.navarra.es\/es\/anuncio\/-\/texto\/2023\/30\/0\" target=\"_blank\" rel=\"noopener\">DECRETO FORAL 1\/2023,<\/a> de 18 de enero, por el que se regula la creaci\u00f3n, organizaci\u00f3n y funcionamiento del Centro de Recursos para la Equidad Educativa en Navarra (CREENA), dependiente del Departamento de Educaci\u00f3n.<\/li>\n<li><a href=\"https:\/\/bon.navarra.es\/es\/anuncio\/-\/texto\/2023\/72\/16\" target=\"_blank\" rel=\"noopener\">RESOLUCI\u00d3N 39\/2023<\/a>, de 15 de marzo, del director general de Educaci\u00f3n, por la que se establece un protocolo de evaluaci\u00f3n, an\u00e1lisis e intervenci\u00f3n ante conductas problem\u00e1ticas que conllevan una grave desregulaci\u00f3n en alumnado con necesidades educativas especiales en la Comunidad Foral de Navarra.<\/li>\n<\/ul>\n<h5><span style=\"color: #993300;\"><strong><u>Atenci\u00f3n a la diversidad<\/u><\/strong><\/span><\/h5>\n<ul>\n<li><a href=\"https:\/\/bon.navarra.es\/es\/anuncio\/-\/texto\/2023\/196\/0\" target=\"_blank\" rel=\"noopener\">ORDEN FORAL 69\/2023<\/a>, de 21 de agosto, del consejero de Educaci\u00f3n, por la que se regula la inclusi\u00f3n educativa en centros docentes no universitarios de la Comunidad Foral de Navarra.<\/li>\n<\/ul>\n<h5><span style=\"text-decoration: underline;\"><strong><span style=\"color: #993300; text-decoration: underline;\">Educaci\u00f3n Especial<\/span><\/strong><\/span><\/h5>\n<ul>\n<li><a href=\"https:\/\/www.navarra.es\/home_es\/Actualidad\/BON\/Boletines\/2019\/115\/Anuncio-18\/\" target=\"_blank\" rel=\"noopener noreferrer\">RESOLUCI\u00d3N 307\/2019, de 29 de mayo<\/a>, del Director General de Educaci\u00f3n, por la que se que regula la organizaci\u00f3n y funcionamiento del Programa de Tr\u00e1nsito a la Vida Adulta en centros de educaci\u00f3n especial y en aulas alternativas de Tr\u00e1nsito a la Vida Adulta, sostenidos con fondos p\u00fablicos, en el \u00e1mbito de la Comunidad Foral de Navarra.<\/li>\n<\/ul>\n<h5><strong style=\"color: #993300; font-size: 1.1em;\"><u>Requisitos m\u00ednimos de Centros de Infantil, Primaria y Secundaria<\/u><\/strong><\/h5>\n<ul>\n<li><a href=\"http:\/\/www.boe.es\/boe\/dias\/2010\/03\/12\/pdfs\/BOE-A-2010-4132.pdf\">Real Decreto 132\/2010, de 12 de febrero<\/a>, por el que se establecen los\u00a0requisitos m\u00ednimos de los centros\u00a0que impartan las ense\u00f1anzas del segundo ciclo de la educaci\u00f3n infantil, la educaci\u00f3n primaria y la educaci\u00f3n secundaria.<\/li>\n<\/ul>\n<h5><span style=\"color: #993300;\"><strong><u>Educaci\u00f3n Infantil<\/u><\/strong><\/span><\/h5>\n<p><strong><u>LOMLOE: <\/u><\/strong><\/p>\n<ul>\n<li><a href=\"https:\/\/www.boe.es\/buscar\/act.php?id=BOE-A-2022-1654\">Real Decreto 95\/2022, de 1 de febrero<\/a>, por el que se establece la ordenaci\u00f3n y las ense\u00f1anzas m\u00ednimas de la Educaci\u00f3n Infantil.<\/li>\n<li><a href=\"https:\/\/bon.navarra.es\/es\/anuncio\/-\/texto\/2022\/112\/1\" target=\"_blank\" rel=\"noopener\">DECRETO FORAL 61\/2022, de 1 de junio<\/a>, por el que se establece el curr\u00edculo de las ense\u00f1anzas de la etapa de Educaci\u00f3n Infantil en la Comunidad Foral de Navarra.<\/li>\n<\/ul>\n<ul>\n<li><a href=\"https:\/\/bon.navarra.es\/es\/anuncio\/-\/texto\/2022\/165\/11\" target=\"_blank\" rel=\"noopener\">ORDEN FORAL 62\/2022, de 8 de agosto<\/a> del consejero de Educaci\u00f3n, por la que se regula la implantaci\u00f3n y el horario de las ense\u00f1anzas correspondientes a la etapa de Educaci\u00f3n Infantil en los centros educativos ubicados en el \u00e1mbito territorial de la Comunidad Foral de Navarra.<\/li>\n<\/ul>\n<h5><span style=\"color: #993300;\"><strong><u>Educaci\u00f3n Primaria<\/u><\/strong><\/span><\/h5>\n<p><u><strong>LOMLOE:<\/strong><\/u><\/p>\n<ul>\n<li><a href=\"https:\/\/www.boe.es\/buscar\/act.php?id=BOE-A-2022-3296\">Real Decreto 157\/2022, de 1 de marzo<\/a>, por el que se establecen la ordenaci\u00f3n y las ense\u00f1anzas m\u00ednimas de la Educaci\u00f3n Primaria.<\/li>\n<li><a href=\"https:\/\/bon.navarra.es\/es\/anuncio\/-\/texto\/2022\/130\/2\" target=\"_blank\" rel=\"noopener\">DECRETO FORAL 67\/2022, de 22 de junio<\/a>, por el que se establece el curr\u00edculo de las ense\u00f1anzas de la etapa de Educaci\u00f3n Primaria en la Comunidad Foral de Navarra.<\/li>\n<\/ul>\n<ul>\n<li><a href=\"https:\/\/bon.navarra.es\/es\/anuncio\/-\/texto\/2022\/169\/7\" target=\"_blank\" rel=\"noopener\">ORDEN FORAL 63\/2022, de 8 de agosto<\/a>, del consejero de Educaci\u00f3n, por la que se regula la implantaci\u00f3n y el horario de las ense\u00f1anzas correspondientes a la etapa de Educaci\u00f3n Primaria en los centros educativos ubicados en el \u00e1mbito territorial de la Comunidad Foral de Navarra.<\/li>\n<\/ul>\n<h5><span style=\"color: #993300;\"><strong><u>Educaci\u00f3n Secundaria Obligatoria<\/u><\/strong><\/span><\/h5>\n<p><u><strong>LOMLOE:<\/strong><\/u><\/p>\n<ul>\n<li><a href=\"https:\/\/www.boe.es\/buscar\/act.php?id=BOE-A-2022-4975\">Real Decreto 217\/2022, de 29 de marzo<\/a>, por el que se establece la ordenaci\u00f3n y las ense\u00f1anzas m\u00ednimas de la Educaci\u00f3n Secundaria Obligatoria.<\/li>\n<li><a href=\"https:\/\/bon.navarra.es\/es\/anuncio\/-\/texto\/2022\/155\/1\">DECRETO FORAL 71\/2022, de 29 de junio<\/a>, por el que se establece el curr\u00edculo de las ense\u00f1anzas de la etapa de Educaci\u00f3n Secundaria Obligatoria en la Comunidad Foral de Navarra.<\/li>\n<\/ul>\n<ul>\n<li><a href=\"https:\/\/bon.navarra.es\/es\/anuncio\/-\/texto\/2022\/171\/9\" target=\"_blank\" rel=\"noopener\">ORDEN FORAL 64\/2022, de 8 de agosto<\/a> del consejero de Educaci\u00f3n, por la que se regula la implantaci\u00f3n y el horario de las ense\u00f1anzas correspondientes a la etapa de Educaci\u00f3n Secundaria Obligatoria en los centros educativos ubicados en el \u00e1mbito territorial de la Comunidad Foral de Navarra.<\/li>\n<\/ul>\n<h6><span style=\"color: #993300;\">PCA:<\/span><\/h6>\n<ul>\n<li><a href=\"http:\/\/www.navarra.es\/home_es\/Actualidad\/BON\/Boletines\/2016\/112\/Anuncio-23\/\">Resoluci\u00f3n 164\/2016<\/a>, de 11 de mayo, del Director General de Educaci\u00f3n, por la que se dictan instrucciones que regulan la organizaci\u00f3n y el funcionamiento del Programa de Curr\u00edculo Adaptado\u00a0(PCA)\u00a0para el alumnado de Educaci\u00f3n Secundaria Obligatoria que precisa medidas educativas espec\u00edficas que le permitan alcanzar los objetivos generales de la etapa.<\/li>\n<\/ul>\n<h6><span style=\"color: #993300;\">Programas de Diversificaci\u00f3n Curricular (PDC):<\/span><\/h6>\n<ul>\n<li><a href=\"https:\/\/bon.navarra.es\/es\/anuncio\/-\/texto\/2023\/258\/0\" target=\"_blank\" rel=\"noopener\">ORDEN FORAL 103\/2023<\/a>, de 2 de noviembre, del consejero de Educaci\u00f3n, por la que se regulan los Programas de Diversificaci\u00f3n Curricular en la Educaci\u00f3n Secundaria Obligatoria en los centros educativos de la Comunidad Foral de Navarra.<\/li>\n<li><a href=\"https:\/\/www.navarra.es\/home_es\/Actualidad\/BON\/Boletines\/2019\/186\/Anuncio-28\/\" target=\"_blank\" rel=\"noopener noreferrer\">RESOLUCI\u00d3N 34\/2019, de 9 de septiembre<\/a>, del Director General de Educaci\u00f3n, por la que se establecen las bases reguladoras de la convocatoria del programa Labor-ESO destinado al alumnado de tercero de Educaci\u00f3n Secundaria Obligatoria que, durante el curso 2019-2020, realiza un Programa de Mejora del Aprendizaje y el Rendimiento (PMAR) en los centros educativos sostenidos con fondos p\u00fablicos de la Comunidad Foral de Navarra.<\/li>\n<\/ul>\n<h5><span style=\"color: #993300;\"><strong><u>Formaci\u00f3n Profesional<\/u><\/strong><\/span><\/h5>\n<ul>\n<li><a href=\"https:\/\/www.boe.es\/buscar\/doc.php?id=BOE-A-2023-16889\" target=\"_blank\" rel=\"noopener\">Real Decreto 659\/2023<\/a>, de 18 de julio, por el que se desarrolla la ordenaci\u00f3n del<br \/>\nSistema de Formaci\u00f3n Profesional.<\/li>\n<li><a href=\"https:\/\/www.boe.es\/boe\/dias\/2014\/03\/05\/pdfs\/BOE-A-2014-2360.pdf\" target=\"_blank\" rel=\"noopener\">Real Decreto 127\/2014<\/a>, de 28 de febrero, por el que se regulan aspectos espec\u00edficos<br \/>\nde la Formaci\u00f3n Profesional B\u00e1sica de las ense\u00f1anzas de formaci\u00f3n profesional<br \/>\ndel sistema educativo. BOE 5 de marzo de 2014, n\u00fam. 55, sec. I. pp. 20155- 21136.<\/li>\n<li><a href=\"http:\/\/www.lexnavarra.navarra.es\/detalle.asp?r=29651\" target=\"_blank\" rel=\"noopener\">Decreto Foral 54\/2008<\/a>, de 26 de mayo, por el que se regula la ordenaci\u00f3n y el<br \/>\ndesarrollo de la formaci\u00f3n profesional en el sistema educativo de la Comunidad<br \/>\nForal de Navarra. BON 20 de junio de 2008.<\/li>\n<li><a href=\"https:\/\/www.educacion.navarra.es\/documents\/27590\/3104391\/240617_Res+Instrucciones+1+FP+inicio+curso+24-25.pdf\/bba68960-7274-9170-fa20-57d4e13660ef\" target=\"_blank\" rel=\"noopener\">RESOLUCI\u00d3N<\/a>\u00a0del Director General de Formaci\u00f3n Profesional, Digitalizaci\u00f3n y Servicios Educativos, por la que se aprueban las instrucciones que van a regular la organizaci\u00f3n y el funcionamiento de los centros docentes p\u00fablicos que imparten las ofertas de grados D y E del Sistema de\u00a0<strong>Formaci\u00f3n Profesional<\/strong>\u00a0en lo que a programas espec\u00edficos de formaci\u00f3n profesional se refiere, durante el curso 2024-2025.<\/li>\n<li><a href=\"https:\/\/www.educacion.navarra.es\/documents\/27590\/3104391\/20240514_Res++Instrucciones+FP+continua+24_25_def+BON.pdf\/68400e3b-e714-e59e-bac7-18a93f971908\" target=\"_blank\" rel=\"noopener\">RESOLUCI\u00d3N 244\/2024, de 12 de junio<\/a>, del Director General de Formaci\u00f3n Profesional, Digitalizaci\u00f3n y Servicios Educativos, por la que se aprueban las instrucciones que van a regular la organizaci\u00f3n y el funcionamiento de los centros docentes p\u00fablicos que imparten las ense\u00f1anzas de\u00a0<strong>Formaci\u00f3n Profesional continua<\/strong>, durante el curso 2024-2025<\/li>\n<li><a href=\"https:\/\/afapna.es\/wp-content\/uploads\/2022\/04\/Ley-Organica-FP-1.pdf\" target=\"_blank\" rel=\"noopener\">Ley Org\u00e1nica 3\/2022<\/a>, de 31 de marzo, de ordenaci\u00f3n e integraci\u00f3n de la Formaci\u00f3n Profesional.<\/li>\n<li><a href=\"https:\/\/bon.navarra.es\/es\/anuncio\/-\/texto\/2020\/283\/17\" target=\"_blank\" rel=\"noopener noreferrer\">RESOLUCI\u00d3N 121\/2020<\/a>, de 2 de noviembre, del Director General de Formaci\u00f3n Profesional por la que se desarrollan determinados aspectos de la Orden Foral 21\/2019, de 5 de marzo, reguladora de la evaluaci\u00f3n, titulaci\u00f3n y acreditaci\u00f3n acad\u00e9mica del alumnado de formaci\u00f3n profesional del sistema educativo en la Comunidad Foral de Navarra, en lo que a la modalidad de FP online se refiere.<\/li>\n<li><a href=\"http:\/\/www.navarra.es\/home_es\/Actualidad\/BON\/Boletines\/2019\/181\/Anuncio-0\/\" target=\"_blank\" rel=\"noopener noreferrer\">Orden Foral 63\/2019,<\/a> de 20 de agosto, del Consejero de Educaci\u00f3n, por la que se regula la evaluaci\u00f3n, titulaci\u00f3n y certificaci\u00f3n acad\u00e9mica del alumnado de ense\u00f1anzas profesionales de artes pl\u00e1sticas y dise\u00f1o de la Comunidad Foral de Navarra.<\/li>\n<li><a href=\"https:\/\/www.navarra.es\/home_es\/Actualidad\/BON\/Boletines\/2019\/71\/Anuncio-4\/\" target=\"_blank\" rel=\"noopener noreferrer\">Orden Foral 21\/2019<\/a>, de 5 de marzo, de la Consejera de Educaci\u00f3n, por la que se regula la evaluaci\u00f3n, titulaci\u00f3n y acreditaci\u00f3n acad\u00e9mica del alumnado de grado medio y de grado superior de Formaci\u00f3n Profesional del sistema educativo de la Comunidad Foral de Navarra.<\/li>\n<li><a href=\"http:\/\/www.lexnavarra.navarra.es\/detalle.asp?r=38452\" target=\"_blank\" rel=\"noopener\">Orden Foral 2\/2017<\/a>, de 12 de enero, por la que se regula el procedimiento para la<br \/>\nsolicitud de certificados de profesionalidad y de acreditaciones parciales<br \/>\nacumulables por parte del alumnado de formaci\u00f3n profesional del sistema<br \/>\neducativo de Navarra. BON, 14 de febrero de 2017.<\/li>\n<li><a href=\"http:\/\/www.navarra.es\/home_es\/Actualidad\/BON\/Boletines\/2015\/113\/Anuncio-0\/\" target=\"_blank\" rel=\"noopener noreferrer\">Orden Foral 52\/2015<\/a>, del Consejero de Educaci\u00f3n, por la que se regulan los programas formativos de formaci\u00f3n profesional a los que se refiere la Disposici\u00f3n adicional cuarta del <a href=\"https:\/\/www.boe.es\/buscar\/doc.php?id=BOE-A-2014-2360\" target=\"_blank\" rel=\"noopener noreferrer\">Real Decreto 127\/2014<\/a>, de 28 de febrero, para el alumnado de necesidades educativas especiales bajo la denominaci\u00f3n de \u201cCiclos de formaci\u00f3n profesional especial\u201d, en el \u00e1mbito de la Comunidad Foral de Navarra.<\/li>\n<li><a href=\"http:\/\/www.navarra.es\/home_es\/Actualidad\/BON\/Boletines\/2016\/116\/Anuncio-0\/\" target=\"_blank\" rel=\"noopener noreferrer\">Orden Foral 66\/2016, de 6 de junio<\/a>, del Consejero de Educaci\u00f3n, por la que se regula la ordenaci\u00f3n y el desarrollo de la Formaci\u00f3n Profesional B\u00e1sica en el \u00e1mbito de la Comunidad Foral de Navarra.<\/li>\n<\/ul>\n<h5><span style=\"color: #993300;\"><strong><u>Bachillerato<\/u><\/strong><\/span><\/h5>\n<p><u><strong>LOMLOE:<\/strong><\/u><\/p>\n<ul>\n<li><a href=\"https:\/\/www.boe.es\/buscar\/act.php?id=BOE-A-2022-5521\" target=\"_blank\" rel=\"noopener\">Real Decreto 243\/2022, de 5 de abril<\/a>, por el que se establecen la ordenaci\u00f3n y las ense\u00f1anzas m\u00ednimas del Bachillerato.<\/li>\n<li><a href=\"https:\/\/bon.navarra.es\/es\/anuncio\/-\/texto\/2023\/115\/0\" target=\"_blank\" rel=\"noopener\">ORDEN FORAL 45\/2023, de 10 de mayo,<\/a> del consejero de Educaci\u00f3n, por la que se regula la evaluaci\u00f3n, promoci\u00f3n y titulaci\u00f3n del alumnado que cursa las ense\u00f1anzas de Bachillerato en la Comunidad Foral de Navarra.<\/li>\n<li><a href=\"https:\/\/bon.navarra.es\/es\/anuncio\/-\/texto\/2022\/170\/4\" target=\"_blank\" rel=\"noopener\">DECRETO FORAL 72\/2022, de 29 de junio<\/a>, por el que se establece el curr\u00edculo de las ense\u00f1anzas de la etapa de Bachillerato en la Comunidad Foral de Navarra.<\/li>\n<li><a href=\"https:\/\/bon.navarra.es\/es\/anuncio\/-\/texto\/2022\/177\/0\" target=\"_blank\" rel=\"noopener\">ORDEN FORAL 67\/2022, de 26 de agosto<\/a>, del consejero de Educaci\u00f3n, por la que se regula la implantaci\u00f3n y el horario de las ense\u00f1anzas correspondientes a la etapa de Bachillerato en los centros educativos ubicados en el \u00e1mbito territorial de la Comunidad Foral de Navarra.<\/li>\n<\/ul>\n<h5><span style=\"color: #993300;\"><strong><u>Evaluaci\u00f3n y promoci\u00f3n del alumnado<\/u><\/strong><\/span><\/h5>\n<ul>\n<li><a href=\"https:\/\/www.boe.es\/boe\/dias\/2022\/04\/08\/pdfs\/BOE-A-2022-5687.pdf\" target=\"_blank\" rel=\"noopener\">Orden EFP\/279\/2022<\/a>, de 4 de abril, por la que se regulan la evaluaci\u00f3n y la promoci\u00f3n en la Educaci\u00f3n Primaria, as\u00ed como la evaluaci\u00f3n, la promoci\u00f3n y la titulaci\u00f3n en la Educaci\u00f3n Secundaria Obligatoria, el Bachillerato y la Formaci\u00f3n Profesional en el \u00e1mbito de gesti\u00f3n del Ministerio de Educaci\u00f3n y Formaci\u00f3n Profesional.<\/li>\n<li class=\"documento-tit\"><a href=\"https:\/\/www.boe.es\/buscar\/doc.php?id=BOE-A-2007-12301\" target=\"_blank\" rel=\"noopener noreferrer\">Orden ECI\/1845\/2007, de 19 de junio<\/a>, por la que se establecen los elementos de los documentos b\u00e1sicos de evaluaci\u00f3n de la educaci\u00f3n b\u00e1sica regulada por la Ley Org\u00e1nica 2\/2006, de 3 de mayo, de Educaci\u00f3n, as\u00ed como los requisitos formales derivados del proceso de evaluaci\u00f3n que son precisos para garantizar la movilidad del alumnado.<\/li>\n<\/ul>\n<h6><span style=\"color: #993300;\"><u>Sistemas de reclamaciones:<\/u><\/span><\/h6>\n<ul>\n<li><a href=\"http:\/\/www.navarra.es\/home_es\/Actualidad\/BON\/Boletines\/2013\/118\/Anuncio-0\/\">Orden Foral 49\/2013<\/a>, de 21 de mayo, del Consejero de Educaci\u00f3n, por la que se establece el sistema de reclamaciones en el proceso de evaluaci\u00f3n al alumnado de ense\u00f1anzas no universitarias impartidas en los centros educativos de la Comunidad Foral de Navarra.<\/li>\n<\/ul>\n<h6><span style=\"color: #993300;\"><u>Evaluaci\u00f3n Educaci\u00f3n Infantil:<\/u><\/span><\/h6>\n<ul>\n<li><a href=\"https:\/\/bon.navarra.es\/es\/anuncio\/-\/texto\/2023\/151\/0\" target=\"_blank\" rel=\"noopener\">ORDEN FORAL 59\/2023,<\/a> de 30 de junio, del consejero de Educaci\u00f3n, por la que se regula la evaluaci\u00f3n del alumnado que cursa las ense\u00f1anzas de Educaci\u00f3n Infantil en la Comunidad Foral de Navarra.<\/li>\n<\/ul>\n<h6><u style=\"color: #993300; font-size: revert; font-weight: revert;\">Evaluaci\u00f3n Educaci\u00f3n Primaria:<\/u><\/h6>\n<ul>\n<li><a href=\"https:\/\/bon.navarra.es\/es\/anuncio\/-\/texto\/2023\/136\/1\" target=\"_blank\" rel=\"noopener\">ORDEN FORAL 52\/2023<\/a>, de 12 de junio, del consejero de Educaci\u00f3n, por la que se regula la evaluaci\u00f3n y promoci\u00f3n del alumnado que cursa las ense\u00f1anzas de Educaci\u00f3n Primaria en la Comunidad Foral de Navarra.<\/li>\n<\/ul>\n<h6><span style=\"color: #993300;\"><u>Evaluaci\u00f3n Educaci\u00f3n Secundaria:<\/u><\/span><\/h6>\n<ul>\n<li><a href=\"https:\/\/bon.navarra.es\/es\/anuncio\/-\/texto\/2023\/136\/2\" target=\"_blank\" rel=\"noopener\">ORDEN FORAL 53\/2023<\/a>, de 12 de junio, del consejero de Educaci\u00f3n, por la que se regula la evaluaci\u00f3n, promoci\u00f3n y titulaci\u00f3n del alumnado que cursa las ense\u00f1anzas de Educaci\u00f3n Secundaria Obligatoria en la Comunidad Foral de Navarra<\/li>\n<\/ul>\n<div class=\"gmail_default\">\n<h5><strong style=\"font-size: revert; color: #993300;\"><u>Convivencia<\/u><\/strong><\/h5>\n<\/div>\n<ul>\n<li><a href=\"http:\/\/www.lexnavarra.navarra.es\/detalle.asp?r=8957\">Decreto Foral 47\/2010, <\/a>de 23 de agosto, de derechos y deberes del alumnado y de la convivencia en los centros educativos no universitarios p\u00fablicos y privados concertados de la Comunidad Foral de Navarra.<\/li>\n<li><a href=\"https:\/\/www.navarra.es\/home_es\/Actualidad\/BON\/Boletines\/2014\/148\/Anuncio-0\/\" target=\"_blank\" rel=\"noopener noreferrer\">Decreto Foral 57\/2014<\/a>, de 2 de julio, por el que se modifica el Decreto Foral 47\/2010, de 23 de agosto, de derechos y deberes del alumnado y de la convivencia en los centros educativos no universitarios p\u00fablicos y privados concertados de la Comunidad Foral de Navarra.<\/li>\n<li><a href=\"http:\/\/www.lexnavarra.navarra.es\/detalle.asp?r=9755\">Orden Foral 204\/2010, <\/a>de 16 de diciembre del Consejero de Educaci\u00f3n, por la que se regula la convivencia en los centros educativos no universitarios p\u00fablicos y privados concertados de la Comunidad Foral de Navarra<\/li>\n<\/ul>\n<h5><span style=\"color: #993300;\"><strong><u>Orientaci\u00f3n<\/u><\/strong><\/span><\/h5>\n<ul>\n<li><a href=\"http:\/\/www.navarra.es\/home_es\/Actualidad\/BON\/Boletines\/2010\/145\/Anuncio-1\/\">Decreto Foral 66\/2010<\/a>, de 29 de octubre, por el que se regula la Orientaci\u00f3n Educativa y Profesional en los centros educativos de la Comunidad Foral de Navarra.<\/li>\n<\/ul>\n<h5><span style=\"color: #993300;\"><strong><u>Reglamentos org\u00e1nicos<\/u><\/strong><\/span><\/h5>\n<ul>\n<li><a href=\"http:\/\/www.cfnavarra.es\/BON\/973\/97314001.htm\">Decreto Foral 24\/1997<\/a>, de 10 de febrero, por el que se aprueba el Reglamento Org\u00e1nico de las Escuelas P\u00fablicas de Educaci\u00f3n Infantil, Colegios P\u00fablicos de Educaci\u00f3n Primaria y Colegios P\u00fablicos de Educaci\u00f3n Infantil y Primaria en el \u00e1mbito territorial de la Comunidad Foral de Navarra.<\/li>\n<li><a href=\"http:\/\/www.cfnavarra.es\/BON\/973\/97314002.htm\">Decreto Foral 25\/1997<\/a>, de 10 de febrero, por el que se aprueba el Reglamento Org\u00e1nico de los Institutos de Educaci\u00f3n Secundaria en el \u00e1mbito territorial de la Comunidad Foral de Navarra.<\/li>\n<\/ul>\n<h5><span style=\"color: #993300;\"><strong><u>Profesorado de Pedagog\u00eda Terape\u00fatica<\/u><\/strong><\/span><\/h5>\n<ul>\n<li><a href=\"http:\/\/www.navarra.es\/home_es\/Actualidad\/BON\/Boletines\/2001\/72\/Anuncio-1\/\" target=\"_blank\" rel=\"noopener noreferrer\">Resoluci\u00f3n 402\/2001<\/a>, de 11 de mayo, del Director General de Educaci\u00f3n, por la que se aprueban las instrucciones para la actuaci\u00f3n del profesorado de pedagog\u00eda terap\u00e9utica en las etapas de Educaci\u00f3n Infantil, Primaria y Secundaria.<\/li>\n<\/ul>\n<h5><strong><span style=\"color: #993300;\">Profesorado de Audici\u00f3n y Lenguaje<\/span><\/strong><\/h5>\n<ul>\n<li><a href=\"https:\/\/drive.google.com\/file\/d\/1cRf7XtyrlMETf7BhROEriP3DFHKW3rt9\/view?usp=drive_link\" target=\"_blank\" rel=\"noopener\">INSTRUCCIONES GENERALES PARA LA ACTUACI\u00d3N DE LA RED DE AUDICI\u00d3N Y LENGUAJE (AL) 2025-26.<\/a><\/li>\n<li><a href=\"https:\/\/docs.google.com\/document\/d\/1EgVfLhB9XZeX3daWOWXsY99XpvzUmzV-DMgYD9PAQvk\/edit?usp=drive_link\" target=\"_blank\" rel=\"noreferrer noopener\">Modelo de informe audici\u00f3n y lenguaje<\/a><\/li>\n<\/ul>\n<h5><span style=\"color: #993300;\"><strong><u>Cambios de modelo ling\u00fc\u00edstico<\/u><\/strong><\/span><\/h5>\n<ul>\n<li><a href=\"http:\/\/www.navarra.es\/home_es\/Actualidad\/BON\/Boletines\/2010\/78\/Anuncio-2\/\" target=\"_blank\" rel=\"noopener noreferrer\">Orden Foral 89\/2010<\/a>, de 1 de junio, del Consejero de Educaci\u00f3n, por la que se regulan los cambios de modelo ling\u00fc\u00edstico de ense\u00f1anza. (modificada por la <a href=\"https:\/\/www.navarra.es\/home_es\/Actualidad\/BON\/Boletines\/2013\/56\/Anuncio-0\/\" target=\"_blank\" rel=\"noopener noreferrer\">Orden Foral 25\/2013<\/a>) \u2028<strong><u>\u2028<\/u><\/strong><\/li>\n<\/ul>\n<h5><span style=\"color: #993300;\"><strong><u>Personal laboral no docente<\/u><\/strong><strong><u> (Especialista de Apoyo Educativo-EAE, Fisioterapeuta, Enfermera\/o):<\/u><\/strong><\/span><\/h5>\n<ul>\n<li><a href=\"https:\/\/www.educacion.navarra.es\/documents\/27590\/27802\/Resoluci%C3%B3n+2109_2012+funcion+publica\/b3d69369-deff-452b-9314-f5c675ead68f\" target=\"_blank\" rel=\"noopener noreferrer\">Resoluci\u00f3n 2019\/2012,<\/a> de 20 de agosto, del Director General de Funci\u00f3n P\u00fablica, por la que se autoriza una distribuci\u00f3n espec\u00edfica de la jornada laboral del personal no docente adscrito al Departamento de Educaci\u00f3n que ocupa puesto de trabajo de Cuidador, Fisioterapeuta y ATS\/DUE.<\/li>\n<li><a href=\"http:\/\/www.navarra.es\/home_es\/Actualidad\/BON\/Boletines\/2013\/186\/Anuncio-4\/\" target=\"_blank\" rel=\"noopener noreferrer\">Resoluci\u00f3n 455\/2013<\/a>, de 4 de septiembre, del Director General de Educaci\u00f3n, Formaci\u00f3n Profesional y Universidades, por la que se aprueban las instrucciones que regulan las actuaciones de trabajo de cuidador en los centros educativos p\u00fablicos de la Comunidad Foral de Navarra.<\/li>\n<\/ul>\n<h5><span style=\"color: #993300;\"><strong><u>Instrucciones inicio de curso 25-26<\/u><\/strong><\/span><\/h5>\n<ul>\n<li><a href=\"https:\/\/bon.navarra.es\/es\/anuncio\/-\/texto\/2025\/127\/7\" target=\"_blank\" rel=\"noopener\">RESOLUCI\u00d3N 350\/2025, de 30 de mayo<\/a>, del Director General de Educaci\u00f3n y de Formaci\u00f3n Profesional, por la que se aprueban las instrucciones que van a regular, durante el curso 2025-2026, la organizaci\u00f3n y el funcionamiento de los centros educativos que imparten las ense\u00f1anzas de\u00a0<strong>Educaci\u00f3n Infantil, Educaci\u00f3n Primaria, Educaci\u00f3n Secundaria Obligatoria, Bachillerato y de Educaci\u00f3n Especial<\/strong>\u00a0en el \u00e1mbito territorial de la Comunidad Foral de Navarra.<\/li>\n<\/ul>\n<p><!-- InstanceEndEditable --><\/p>\n","protected":false},"excerpt":{"rendered":"<p>Normativa estatal de car\u00e1cter general Ley Org\u00e1nica 3\/2020, de 29 de diciembre, por la que se modifica la Ley Org\u00e1nica 2\/2006, de 3 de mayo, de Educaci\u00f3n Real Decreto Legislativo 1\/2013, de 29 de noviembre, por el que se aprueba el Texto Refundido de la Ley General de derechos de las personas con discapacidad y [&hellip;]<\/p>\n","protected":false},"author":1,"featured_media":0,"parent":29,"menu_order":3,"comment_status":"closed","ping_status":"closed","template":"","meta":{"_genesis_hide_title":false,"_genesis_hide_breadcrumbs":false,"_genesis_hide_singular_image":false,"_genesis_hide_footer_widgets":false,"_genesis_custom_body_class":"","_genesis_custom_post_class":"","_genesis_layout":"content-sidebar"},"_links":{"self":[{"href":"https:\/\/creena.educacion.navarra.es\/web\/wp-json\/wp\/v2\/pages\/105"}],"collection":[{"href":"https:\/\/creena.educacion.navarra.es\/web\/wp-json\/wp\/v2\/pages"}],"about":[{"href":"https:\/\/creena.educacion.navarra.es\/web\/wp-json\/wp\/v2\/types\/page"}],"author":[{"embeddable":true,"href":"https:\/\/creena.educacion.navarra.es\/web\/wp-json\/wp\/v2\/users\/1"}],"replies":[{"embeddable":true,"href":"https:\/\/creena.educacion.navarra.es\/web\/wp-json\/wp\/v2\/comments?post=105"}],"version-history":[{"count":126,"href":"https:\/\/creena.educacion.navarra.es\/web\/wp-json\/wp\/v2\/pages\/105\/revisions"}],"predecessor-version":[{"id":19377,"href":"https:\/\/creena.educacion.navarra.es\/web\/wp-json\/wp\/v2\/pages\/105\/revisions\/19377"}],"up":[{"embeddable":true,"href":"https:\/\/creena.educacion.navarra.es\/web\/wp-json\/wp\/v2\/pages\/29"}],"wp:attachment":[{"href":"https:\/\/creena.educacion.navarra.es\/web\/wp-json\/wp\/v2\/media?parent=105"}],"curies":[{"name":"wp","href":"https:\/\/api.w.org\/{rel}","templated":true}]}}