{"id":1068,"date":"2015-12-02T14:12:05","date_gmt":"2015-12-02T13:12:45","guid":{"rendered":"http:\/\/creena.educacion.navarra.es\/web\/?page_id=1068"},"modified":"2017-05-18T11:39:51","modified_gmt":"2017-05-18T09:39:51","slug":"composicion-del-equiposc","status":"publish","type":"page","link":"https:\/\/creena.educacion.navarra.es\/web\/gestion-informacion-y-medios\/servicios-a-la-comunidad\/composicion-del-equiposc\/","title":{"rendered":"Composici\u00f3n del equipo"},"content":{"rendered":"<p>El Equipo de Servicios a la Comunidad, \u00a0perteneciente al \u00c1rea de Gesti\u00f3n, Informaci\u00f3n y \u00a0Medios, est\u00e1 formado por dos personas una en el CREENA de Pamplona y otra en el CREENA de Tudela.<\/p>\n","protected":false},"excerpt":{"rendered":"<p>El Equipo de Servicios a la Comunidad, \u00a0perteneciente al \u00c1rea de Gesti\u00f3n, Informaci\u00f3n y \u00a0Medios, est\u00e1 formado por dos personas una en el CREENA de Pamplona y otra en el CREENA de Tudela.<\/p>\n","protected":false},"author":1,"featured_media":0,"parent":1062,"menu_order":2,"comment_status":"closed","ping_status":"closed","template":"","meta":{"_genesis_hide_title":false,"_genesis_hide_breadcrumbs":false,"_genesis_hide_singular_image":false,"_genesis_hide_footer_widgets":false,"_genesis_custom_body_class":"","_genesis_custom_post_class":"","_genesis_layout":"content-sidebar"},"_links":{"self":[{"href":"https:\/\/creena.educacion.navarra.es\/web\/wp-json\/wp\/v2\/pages\/1068"}],"collection":[{"href":"https:\/\/creena.educacion.navarra.es\/web\/wp-json\/wp\/v2\/pages"}],"about":[{"href":"https:\/\/creena.educacion.navarra.es\/web\/wp-json\/wp\/v2\/types\/page"}],"author":[{"embeddable":true,"href":"https:\/\/creena.educacion.navarra.es\/web\/wp-json\/wp\/v2\/users\/1"}],"replies":[{"embeddable":true,"href":"https:\/\/creena.educacion.navarra.es\/web\/wp-json\/wp\/v2\/comments?post=1068"}],"version-history":[{"count":5,"href":"https:\/\/creena.educacion.navarra.es\/web\/wp-json\/wp\/v2\/pages\/1068\/revisions"}],"predecessor-version":[{"id":9538,"href":"https:\/\/creena.educacion.navarra.es\/web\/wp-json\/wp\/v2\/pages\/1068\/revisions\/9538"}],"up":[{"embeddable":true,"href":"https:\/\/creena.educacion.navarra.es\/web\/wp-json\/wp\/v2\/pages\/1062"}],"wp:attachment":[{"href":"https:\/\/creena.educacion.navarra.es\/web\/wp-json\/wp\/v2\/media?parent=1068"}],"curies":[{"name":"wp","href":"https:\/\/api.w.org\/{rel}","templated":true}]}}