{"id":11118,"date":"2017-11-07T09:37:00","date_gmt":"2017-11-07T08:37:00","guid":{"rendered":"http:\/\/creena.educacion.navarra.es\/web\/?page_id=11118"},"modified":"2021-10-21T11:47:31","modified_gmt":"2021-10-21T09:47:31","slug":"protocolos1","status":"publish","type":"page","link":"https:\/\/creena.educacion.navarra.es\/web\/necesidades-educativas-especiales\/equipo-motoricos\/discapacidad-motora\/protocolos1\/","title":{"rendered":"Protocolos"},"content":{"rendered":"<ul>\n<li><a href=\"https:\/\/drive.google.com\/file\/d\/0B0eiH-cLhm7IVzdSanZta1kyNmM\/view?usp=sharing&amp;resourcekey=0-LLky9_45I6d_iyYXFMniKw\" target=\"_blank\" rel=\"noopener\">Valoraci\u00f3n de \u00e1mbitos<\/a><\/li>\n<li><a href=\"https:\/\/drive.google.com\/file\/d\/0B0eiH-cLhm7ISEVER2JVbHNMbUU\/view?usp=sharing&amp;resourcekey=0-7nhTHXXOZSRaUXBFNcmmfQ\" target=\"_blank\" rel=\"noopener\">Ficha para la observaci\u00f3n de la comunicaci\u00f3n<\/a><\/li>\n<li><a href=\"https:\/\/drive.google.com\/open?id=1dGZopdqDRKYPQ0sAL-ptZpjF12AO92bO\" target=\"_blank\" rel=\"noopener\">Gu\u00eda para valorar la funci\u00f3n manual<\/a><\/li>\n<li><a href=\"https:\/\/drive.google.com\/file\/d\/0B0eiH-cLhm7IZXZ4R0Z6a0NxbUk\/view?usp=sharing&amp;resourcekey=0-Y02-oKNDTj-VVH0zQ6NSpA\" target=\"_blank\" rel=\"noopener\">Ficha de registro de la Motricidad gruesa<\/a><\/li>\n<li><a href=\"https:\/\/drive.google.com\/open?id=17ZudWNZbcKrZmxo0T0gi9FKgCWTWEwwc\" target=\"_blank\" rel=\"noopener\">Valoraci\u00f3n del equilibrio<\/a><\/li>\n<li><a href=\"https:\/\/drive.google.com\/open?id=1I9_aLLl2NfwPQR-MWKJbzUStzMjbnX8v\" target=\"_blank\" rel=\"noopener\">Valoraci\u00f3n de la lateralidad<\/a><\/li>\n<li><a href=\"https:\/\/drive.google.com\/open?id=1uU7oDAdTHB_bsX9d1aDxTjc0BeEYULMs\" target=\"_blank\" rel=\"noopener\">Valoraci\u00f3n del control motor<\/a><\/li>\n<li><a href=\"https:\/\/drive.google.com\/file\/d\/0B0eiH-cLhm7IZzlYWEpPUDg4bVk\/view?pref=2&amp;pli=1\" target=\"_blank\" rel=\"noopener noreferrer\">Gu\u00eda para evaluar la autonom\u00eda personal<\/a><\/li>\n<li><a href=\"https:\/\/drive.google.com\/open?id=1Rwv-uHOECH6gMZeGcVa479fDAY2Zx4vS\" target=\"_blank\" rel=\"noopener\">Valoraci\u00f3n de la accesibilidad en los centros<\/a><\/li>\n<\/ul>\n","protected":false},"excerpt":{"rendered":"<p>Valoraci\u00f3n de \u00e1mbitos Ficha para la observaci\u00f3n de la comunicaci\u00f3n Gu\u00eda para valorar la funci\u00f3n manual Ficha de registro de la Motricidad gruesa Valoraci\u00f3n del equilibrio Valoraci\u00f3n de la lateralidad Valoraci\u00f3n del control motor Gu\u00eda para evaluar la autonom\u00eda personal Valoraci\u00f3n de la accesibilidad en los centros<\/p>\n","protected":false},"author":1,"featured_media":0,"parent":550,"menu_order":1,"comment_status":"closed","ping_status":"closed","template":"","meta":{"_genesis_hide_title":false,"_genesis_hide_breadcrumbs":false,"_genesis_hide_singular_image":false,"_genesis_hide_footer_widgets":false,"_genesis_custom_body_class":"","_genesis_custom_post_class":"","_genesis_layout":""},"_links":{"self":[{"href":"https:\/\/creena.educacion.navarra.es\/web\/wp-json\/wp\/v2\/pages\/11118"}],"collection":[{"href":"https:\/\/creena.educacion.navarra.es\/web\/wp-json\/wp\/v2\/pages"}],"about":[{"href":"https:\/\/creena.educacion.navarra.es\/web\/wp-json\/wp\/v2\/types\/page"}],"author":[{"embeddable":true,"href":"https:\/\/creena.educacion.navarra.es\/web\/wp-json\/wp\/v2\/users\/1"}],"replies":[{"embeddable":true,"href":"https:\/\/creena.educacion.navarra.es\/web\/wp-json\/wp\/v2\/comments?post=11118"}],"version-history":[{"count":14,"href":"https:\/\/creena.educacion.navarra.es\/web\/wp-json\/wp\/v2\/pages\/11118\/revisions"}],"predecessor-version":[{"id":15773,"href":"https:\/\/creena.educacion.navarra.es\/web\/wp-json\/wp\/v2\/pages\/11118\/revisions\/15773"}],"up":[{"embeddable":true,"href":"https:\/\/creena.educacion.navarra.es\/web\/wp-json\/wp\/v2\/pages\/550"}],"wp:attachment":[{"href":"https:\/\/creena.educacion.navarra.es\/web\/wp-json\/wp\/v2\/media?parent=11118"}],"curies":[{"name":"wp","href":"https:\/\/api.w.org\/{rel}","templated":true}]}}