{"id":11494,"date":"2018-02-16T10:08:01","date_gmt":"2018-02-16T09:08:01","guid":{"rendered":"http:\/\/creena.educacion.navarra.es\/web\/?page_id=11494"},"modified":"2025-10-08T08:26:32","modified_gmt":"2025-10-08T06:26:32","slug":"oferta-formativa-ptva","status":"publish","type":"page","link":"https:\/\/creena.educacion.navarra.es\/web\/necesidades-educativas-especiales\/p-t-v-a\/oferta-formativa-ptva\/","title":{"rendered":"Oferta formativa PTVA"},"content":{"rendered":"\n<ul><li><a href=\"https:\/\/drive.google.com\/open?id=1HIutOVHH5iNJZ4_d9PRvPbxFpQpUZKjZ\" target=\"_blank\" rel=\"noopener\"><span style=\"color: #800000;\">Direcciones<\/span><\/a><\/li><li><a href=\"https:\/\/creena.educacion.navarra.es\/web\/necesidades-educativas-especiales\/p-t-v-a\/oferta-formativa-ptva\/mapa-de-localizacion-ptva\/\">Mapa de localizaci\u00f3n<\/a><\/li><\/ul>\n\n\n\n<div class=\"wp-block-image\"><figure class=\"alignleft\"><a href=\"https:\/\/www.centroselmolino.org\/\" target=\"_blank\" rel=\"noopener\"><img loading=\"lazy\" width=\"150\" height=\"150\" src=\"http:\/\/creena.educacion.navarra.es\/web\/wp-content\/uploads\/2016\/02\/ceeelmolino-150x150.jpg\" alt=\"\" class=\"wp-image-3395\"\/><\/a><figcaption><strong>CEE EL MOLINO<\/strong><\/figcaption><\/figure><\/div>\n\n\n\n<figure class=\"wp-block-image\"><a href=\"http:\/\/andresmunozgarde.educacion.navarra.es\/web\/\" target=\"_blank\" rel=\"noopener noreferrer\"><img loading=\"lazy\" width=\"150\" height=\"150\" src=\"http:\/\/creena.educacion.navarra.es\/web\/wp-content\/uploads\/2016\/02\/cpeeamunoz-1-150x150.jpg\" alt=\"\" class=\"wp-image-3403\"\/><\/a><\/figure>\n\n\n\n<p><strong>CPEE ANDR\u00c9S MU\u00d1OZ GARDE&nbsp;<\/strong><\/p>\n\n\n\n<div class=\"wp-block-image\"><figure class=\"alignleft\"><a href=\"https:\/\/colegiotorremonreal.web.educacion.navarra.es\/\" target=\"_blank\" rel=\"noopener noreferrer\"><img loading=\"lazy\" width=\"150\" height=\"150\" src=\"https:\/\/creena.educacion.navarra.es\/web\/wp-content\/uploads\/2024\/02\/torre-150x150.png\" alt=\"\" class=\"wp-image-17895\"\/><\/a><figcaption>CPEE TORRE MONREAL<\/figcaption><\/figure><\/div>\n\n\n\n<div class=\"wp-block-image\"><figure class=\"alignleft\"><img loading=\"lazy\" width=\"150\" height=\"150\" src=\"http:\/\/creena.educacion.navarra.es\/web\/wp-content\/uploads\/2016\/02\/cisterria-150x150.jpg\" alt=\"\" class=\"wp-image-3399\"\/><figcaption>CEE ISTERRIA<\/figcaption><\/figure><\/div>\n\n\n\n<p><\/p>\n","protected":false},"excerpt":{"rendered":"<p>Direcciones Mapa de localizaci\u00f3n CPEE ANDR\u00c9S MU\u00d1OZ GARDE&nbsp;<\/p>\n","protected":false},"author":1,"featured_media":0,"parent":3366,"menu_order":4,"comment_status":"closed","ping_status":"closed","template":"","meta":{"_genesis_hide_title":false,"_genesis_hide_breadcrumbs":false,"_genesis_hide_singular_image":false,"_genesis_hide_footer_widgets":false,"_genesis_custom_body_class":"","_genesis_custom_post_class":"","_genesis_layout":""},"_links":{"self":[{"href":"https:\/\/creena.educacion.navarra.es\/web\/wp-json\/wp\/v2\/pages\/11494"}],"collection":[{"href":"https:\/\/creena.educacion.navarra.es\/web\/wp-json\/wp\/v2\/pages"}],"about":[{"href":"https:\/\/creena.educacion.navarra.es\/web\/wp-json\/wp\/v2\/types\/page"}],"author":[{"embeddable":true,"href":"https:\/\/creena.educacion.navarra.es\/web\/wp-json\/wp\/v2\/users\/1"}],"replies":[{"embeddable":true,"href":"https:\/\/creena.educacion.navarra.es\/web\/wp-json\/wp\/v2\/comments?post=11494"}],"version-history":[{"count":6,"href":"https:\/\/creena.educacion.navarra.es\/web\/wp-json\/wp\/v2\/pages\/11494\/revisions"}],"predecessor-version":[{"id":19338,"href":"https:\/\/creena.educacion.navarra.es\/web\/wp-json\/wp\/v2\/pages\/11494\/revisions\/19338"}],"up":[{"embeddable":true,"href":"https:\/\/creena.educacion.navarra.es\/web\/wp-json\/wp\/v2\/pages\/3366"}],"wp:attachment":[{"href":"https:\/\/creena.educacion.navarra.es\/web\/wp-json\/wp\/v2\/media?parent=11494"}],"curies":[{"name":"wp","href":"https:\/\/api.w.org\/{rel}","templated":true}]}}