{"id":12,"date":"2015-11-04T12:17:03","date_gmt":"2015-11-04T11:17:03","guid":{"rendered":"http:\/\/creena.educacion.navarra.es\/web\/?page_id=12"},"modified":"2025-11-26T08:52:15","modified_gmt":"2025-11-26T07:52:15","slug":"necesidades-educativas-especificas","status":"publish","type":"page","link":"https:\/\/creena.educacion.navarra.es\/web\/necesidades-educativas-especificas\/","title":{"rendered":"Necesidades educativas 2"},"content":{"rendered":"<p>\u00a0<\/p>\n<p><span style=\"color: #800000;\"><strong><a style=\"color: #800000;\" href=\"https:\/\/creena.educacion.navarra.es\/web\/necesidades-educativas-especificas\/equipo-altas-capacidades\/\">Altas Capacidades<br \/><\/a><\/strong><strong><a style=\"color: #800000;\" href=\"https:\/\/creena.educacion.navarra.es\/web\/necesidades-educativas-especificas\/equipo-de-apoyo-a-necesidades-educativas\/\">Transformaci\u00f3n de Centros y DUA<br \/><\/a><\/strong><strong><a style=\"color: #800000;\" href=\"https:\/\/creena.educacion.navarra.es\/web\/necesidades-educativas-especificas\/atencion-temprana\/\">Atenci\u00f3n Temprana (0-3 a\u00f1os)<\/a><\/strong><strong><a style=\"color: #800000;\" href=\"https:\/\/creena.educacion.navarra.es\/web\/necesidades-educativas-especificas\/atencion-temprana\/\"><br \/><\/a><\/strong><strong><a style=\"color: #800000;\" href=\"https:\/\/creena.educacion.navarra.es\/web\/necesidades-educativas-especificas\/dif-de-aprendizaje-y-lenguaje-oral\/\">Trastornos de Aprendizaje\u00a0<\/a><br \/><a style=\"color: #800000;\" href=\"https:\/\/creena.educacion.navarra.es\/web\/necesidades-educativas-especificas\/dif-de-lenguaje-oral\/\">Trastornos del Lenguaje Oral<\/a><br \/><\/strong><strong><a style=\"color: #800000;\" href=\"https:\/\/creena.educacion.navarra.es\/web\/necesidades-educativas-especiales\/equipo-conducta\/conducta\/trastorno-por-deficit-de-atencion-e-hiperactividad-tda-h\/\">Trastorno por D\u00e9ficit de Atenci\u00f3n e Hiperactividad (TDA-H) <\/a><br \/><\/strong><\/span><span style=\"color: #008000;\"><span style=\"color: #800000;\"><strong><a style=\"color: #800000;\" href=\"https:\/\/creena.educacion.navarra.es\/web\/necesidades-educativas-especiales\/ciclos-de-formacion-profesional-especial\/insercion-laboral\/\">Informaci\u00f3n sobre Inserci\u00f3n Laboral<\/a><a style=\"color: #800000;\" href=\"\/web?page_id=1237\"><br \/><\/a><\/strong><strong><a style=\"color: #800000;\" href=\"https:\/\/creena.educacion.navarra.es\/web\/necesidades-educativas-especificas\/informaciongeneralh\/\">Atenci\u00f3n educativa hospitalaria y domiciliaria<\/a><\/strong><\/span><strong><br \/><\/strong><\/span><\/p>\n\n\n<p><\/p>\n","protected":false},"excerpt":{"rendered":"<p>\u00a0 Altas CapacidadesTransformaci\u00f3n de Centros y DUAAtenci\u00f3n Temprana (0-3 a\u00f1os)Trastornos de Aprendizaje\u00a0Trastornos del Lenguaje OralTrastorno por D\u00e9ficit de Atenci\u00f3n e Hiperactividad (TDA-H) Informaci\u00f3n sobre Inserci\u00f3n LaboralAtenci\u00f3n educativa hospitalaria y domiciliaria<\/p>\n","protected":false},"author":1,"featured_media":17702,"parent":0,"menu_order":9,"comment_status":"closed","ping_status":"closed","template":"","meta":{"_genesis_hide_title":true,"_genesis_hide_breadcrumbs":false,"_genesis_hide_singular_image":false,"_genesis_hide_footer_widgets":false,"_genesis_custom_body_class":"","_genesis_custom_post_class":"","_genesis_layout":""},"_links":{"self":[{"href":"https:\/\/creena.educacion.navarra.es\/web\/wp-json\/wp\/v2\/pages\/12"}],"collection":[{"href":"https:\/\/creena.educacion.navarra.es\/web\/wp-json\/wp\/v2\/pages"}],"about":[{"href":"https:\/\/creena.educacion.navarra.es\/web\/wp-json\/wp\/v2\/types\/page"}],"author":[{"embeddable":true,"href":"https:\/\/creena.educacion.navarra.es\/web\/wp-json\/wp\/v2\/users\/1"}],"replies":[{"embeddable":true,"href":"https:\/\/creena.educacion.navarra.es\/web\/wp-json\/wp\/v2\/comments?post=12"}],"version-history":[{"count":45,"href":"https:\/\/creena.educacion.navarra.es\/web\/wp-json\/wp\/v2\/pages\/12\/revisions"}],"predecessor-version":[{"id":19452,"href":"https:\/\/creena.educacion.navarra.es\/web\/wp-json\/wp\/v2\/pages\/12\/revisions\/19452"}],"wp:featuredmedia":[{"embeddable":true,"href":"https:\/\/creena.educacion.navarra.es\/web\/wp-json\/wp\/v2\/media\/17702"}],"wp:attachment":[{"href":"https:\/\/creena.educacion.navarra.es\/web\/wp-json\/wp\/v2\/media?parent=12"}],"curies":[{"name":"wp","href":"https:\/\/api.w.org\/{rel}","templated":true}]}}