{"id":128,"date":"2015-11-09T09:34:05","date_gmt":"2015-11-09T08:34:01","guid":{"rendered":"http:\/\/creena.educacion.navarra.es\/web\/?page_id=128"},"modified":"2017-05-17T08:55:34","modified_gmt":"2017-05-17T06:55:34","slug":"composicion-del-equipob","status":"publish","type":"page","link":"https:\/\/creena.educacion.navarra.es\/web\/gestion-informacion-y-medios\/biblioteca\/informacion-general-biblioteca\/composicion-del-equipob\/","title":{"rendered":"Composici\u00f3n del equipo"},"content":{"rendered":"<p>La gesti\u00f3n y atenci\u00f3n de la biblioteca se lleva a cabo por el siguiente personal:<\/p>\n<ul>\n<li>Profesorado especialista en Pedagog\u00eda Terap\u00e9utica y\/o Audici\u00f3n y Lenguaje (Castellano\/Euskera)<\/li>\n<\/ul>\n","protected":false},"excerpt":{"rendered":"<p>La gesti\u00f3n y atenci\u00f3n de la biblioteca se lleva a cabo por el siguiente personal: Profesorado especialista en Pedagog\u00eda Terap\u00e9utica y\/o Audici\u00f3n y Lenguaje (Castellano\/Euskera)<\/p>\n","protected":false},"author":1,"featured_media":0,"parent":163,"menu_order":2,"comment_status":"closed","ping_status":"closed","template":"","meta":{"_genesis_hide_title":false,"_genesis_hide_breadcrumbs":false,"_genesis_hide_singular_image":false,"_genesis_hide_footer_widgets":false,"_genesis_custom_body_class":"","_genesis_custom_post_class":"","_genesis_layout":"content-sidebar"},"_links":{"self":[{"href":"https:\/\/creena.educacion.navarra.es\/web\/wp-json\/wp\/v2\/pages\/128"}],"collection":[{"href":"https:\/\/creena.educacion.navarra.es\/web\/wp-json\/wp\/v2\/pages"}],"about":[{"href":"https:\/\/creena.educacion.navarra.es\/web\/wp-json\/wp\/v2\/types\/page"}],"author":[{"embeddable":true,"href":"https:\/\/creena.educacion.navarra.es\/web\/wp-json\/wp\/v2\/users\/1"}],"replies":[{"embeddable":true,"href":"https:\/\/creena.educacion.navarra.es\/web\/wp-json\/wp\/v2\/comments?post=128"}],"version-history":[{"count":6,"href":"https:\/\/creena.educacion.navarra.es\/web\/wp-json\/wp\/v2\/pages\/128\/revisions"}],"predecessor-version":[{"id":9399,"href":"https:\/\/creena.educacion.navarra.es\/web\/wp-json\/wp\/v2\/pages\/128\/revisions\/9399"}],"up":[{"embeddable":true,"href":"https:\/\/creena.educacion.navarra.es\/web\/wp-json\/wp\/v2\/pages\/163"}],"wp:attachment":[{"href":"https:\/\/creena.educacion.navarra.es\/web\/wp-json\/wp\/v2\/media?parent=128"}],"curies":[{"name":"wp","href":"https:\/\/api.w.org\/{rel}","templated":true}]}}