{"id":132,"date":"2015-11-09T10:18:06","date_gmt":"2015-11-09T09:18:06","guid":{"rendered":"http:\/\/creena.educacion.navarra.es\/web\/?page_id=132"},"modified":"2025-09-22T10:13:51","modified_gmt":"2025-09-22T08:13:51","slug":"reglamento","status":"publish","type":"page","link":"https:\/\/creena.educacion.navarra.es\/web\/gestion-informacion-y-medios\/biblioteca\/informacion-general-biblioteca\/reglamento\/","title":{"rendered":"Reglamento"},"content":{"rendered":"\n<ul><li>Podr\u00e1 ser usuario de la biblioteca del CREENA cualquier persona mayor de 18 a\u00f1os que desarrolle una labor profesional en el \u00e1mbito educativo, adem\u00e1s de estudiantes de magisterio, pedagog\u00eda, psicopedagog\u00eda.<\/li><li>Para\u00a0 optar al pr\u00e9stamo del material bibliogr\u00e1fico del\u00a0 CREENA es preciso estar\u00a0 habilitado como usuario.<\/li><li>Cada\u00a0 usuario podr\u00e1 retirar en pr\u00e9stamo un\u00a0<strong>m\u00e1ximo de\u00a0 dos pruebas psicot\u00e9cnicas<\/strong>, m\u00e1s\u00a0 tres materiales\u00a0 bibliogr\u00e1ficos o multimedia (CD-DVD).<\/li><li>Los\u00a0 usuarios\u00a0 tendr\u00e1n acceso a\u00a0 las revistas\u00a0 mediante consulta en la sala de la biblioteca. Las revistas no son\u00a0 objeto de pr\u00e9stamo.<\/li><li>Queda abierta la opci\u00f3n de consulta de todos los materiales, para el personal interesado, en la sala de la biblioteca.<\/li><li>El\u00a0<strong>periodo de pr\u00e9stamo<\/strong>\u00a0ser\u00e1 de\u00a0<strong>15 d\u00edas naturales<\/strong>, y se\u00a0<strong>iniciar\u00e1<\/strong>\u00a0cuando el personal de\u00a0<strong>biblioteca confirme<\/strong>\u00a0al interesado que puede retirar el material solicitado.<\/li><li>Excepcionalmente, en el caso de\u00a0<strong>algunas pruebas psicot\u00e9cnicas<\/strong>, el periodo de pr\u00e9stamo ser\u00e1 de\u00a0<strong>una semana<\/strong>\u00a0 debido\u00a0 a su elevada demanda.<\/li><li>El pr\u00e9stamo se podr\u00e1 prorrogar<strong>\u00a0 una semana m\u00e1s<\/strong>, siempre\u00a0 y cuando no\u00a0 est\u00e9 solicitado por otros profesionales y no haya lista de espera, previa confirmaci\u00f3n del personal de biblioteca.<\/li><li><strong>El usuario<\/strong>, a nombre del cual se registra el pr\u00e9stamo de los materiales, es el\u00a0<strong>responsable del buen uso y custodia de los mismos<\/strong>, durante todo el per\u00edodo de pr\u00e9stamo.<\/li><li>Las\u00a0<strong>pruebas psicopedag\u00f3gicas<\/strong>, se prestar\u00e1n <strong>a los<\/strong><strong> orientadores y orientadoras<\/strong> de los centros\u00a0 educativos de Navarra\u00a0 p\u00fablicos\u00a0 y concertados. Las pruebas relativas al \u00e1mbito del lenguaje se prestaran tambi\u00e9n a maestros y maestras de Audici\u00f3n y Lenguaje.<\/li><li>Las <strong>pruebas psicopedag\u00f3gicas<\/strong> no se prestar\u00e1n a entidades privadas. En el caso de los libros s\u00ed podr\u00e1n hacer uso del pr\u00e9stamo.<\/li><li>Las pruebas ser\u00e1n prestadas para su <strong>uso exclusivo en los centros escolares y con el alumnado al que se atiende en ellos<\/strong>. El uso de las pruebas para fines no relacionados con la atenci\u00f3n al alumnado del centro o en otros espacios conllevar\u00e1 la sanci\u00f3n al usuario de la biblioteca y en su caso, al centro en nombre del que se haga el pr\u00e9stamo. Para las correcciones se seguir\u00e1 el mismo criterio.<\/li><li>El personal de la biblioteca <strong>revisar\u00e1 las pruebas psicopedag\u00f3gicas<\/strong> cuando se devuelvan, <strong>comprobando que se entregan todos\u00a0 y cada uno de los elementos<\/strong> que pertenecen a esa prueba y, que se encuentran en las debidas condiciones.<\/li><li>Algunas de las pruebas psicopedag\u00f3gicas tienen <strong>correcci\u00f3n por usos<\/strong>. Para los centros p\u00fablicos y concertados el <strong>CREENA se har\u00e1 cargo del coste<\/strong> de los mismos siempre que <strong>no supere 6 usos por prueba y orientador\/a (en su vida profesional)<\/strong>. Cuando se necesite mayor numero de usos, ser\u00e1 el centro educativo quien asuma la compra de los mismos.<\/li><li>La correcci\u00f3n por usos se podr\u00e1 realizar de dos formas:<ul><li>El usuario har\u00e1 la correcci\u00f3n de forma presencial en uno de los ordenadores de la biblioteca.<\/li><li>El usuario enviar\u00e1 por email los datos necesarios para realizar la correcci\u00f3n. El personal de la biblioteca lo corregir\u00e1 y le devolver\u00e1 los resultados por email. (En todo momento se mantendr\u00e1 la confidencialidad del alumno\/a).<\/li><\/ul><\/li><li>La devoluci\u00f3n de las pruebas psicopedag\u00f3gicas y del resto de materiales prestados se realizar\u00e1<strong> en la biblioteca y en las fechas se\u00f1aladas<\/strong>.<\/li><li>En caso de\u00a0<strong>retraso\u00a0en la devoluci\u00f3n<\/strong> de cualquier material prestado,\u00a0\u00a0 y habiendo sido notificado el usuario,\u00a0<strong>se perder\u00e1 el derecho a nuevos pr\u00e9stamos\u00a0 durante el siguiente mes<\/strong>. A mayor demora en la devoluci\u00f3n mayor tiempo en la p\u00e9rdida del derecho de pr\u00e9stamo.<\/li><li>Los materiales ser\u00e1n devueltos en las mismas condiciones que fueron prestados (sin dobleces, anotaciones, subrayados, etc.). La p\u00e9rdida o deterioro del material prestado, implicar\u00e1 la\u00a0 desautorizaci\u00f3n de nuevos pr\u00e9stamos, o la reposici\u00f3n del mismo o, en su defecto, el abono de su importe.<\/li><li>En el caso de incumplimiento de\u00a0 la reposici\u00f3n del material u abono del mismo,\u00a0\u00a0 se\u00a0 perder\u00e1 todo derecho a pr\u00e9stamo\u00a0 y\u00a0 consulta,\u00a0\u00a0 rescindi\u00e9ndose\u00a0 su condici\u00f3n de usuario de la biblioteca del CREENA.<\/li><li>El servicio de pr\u00e9stamo\u00a0<strong>no incluye el per\u00edodo vacacional de verano<\/strong>,\u00a0\u00a0 por lo que todos los materiales ser\u00e1n devueltos antes del\u00a0 30 de junio.<\/li><\/ul>\n\n\n\n<p>Reglamento revisado y aprobado el 1 de Septiembre de 2023 por la Direcci\u00f3n del centro<\/p>\n","protected":false},"excerpt":{"rendered":"<p>Podr\u00e1 ser usuario de la biblioteca del CREENA cualquier persona mayor de 18 a\u00f1os que desarrolle una labor profesional en el \u00e1mbito educativo, adem\u00e1s de estudiantes de magisterio, pedagog\u00eda, psicopedagog\u00eda. Para\u00a0 optar al pr\u00e9stamo del material bibliogr\u00e1fico del\u00a0 CREENA es preciso estar\u00a0 habilitado como usuario. Cada\u00a0 usuario podr\u00e1 retirar en pr\u00e9stamo un\u00a0m\u00e1ximo de\u00a0 dos pruebas [&hellip;]<\/p>\n","protected":false},"author":1,"featured_media":0,"parent":163,"menu_order":4,"comment_status":"closed","ping_status":"closed","template":"","meta":{"_genesis_hide_title":false,"_genesis_hide_breadcrumbs":false,"_genesis_hide_singular_image":false,"_genesis_hide_footer_widgets":false,"_genesis_custom_body_class":"","_genesis_custom_post_class":"","_genesis_layout":"content-sidebar"},"_links":{"self":[{"href":"https:\/\/creena.educacion.navarra.es\/web\/wp-json\/wp\/v2\/pages\/132"}],"collection":[{"href":"https:\/\/creena.educacion.navarra.es\/web\/wp-json\/wp\/v2\/pages"}],"about":[{"href":"https:\/\/creena.educacion.navarra.es\/web\/wp-json\/wp\/v2\/types\/page"}],"author":[{"embeddable":true,"href":"https:\/\/creena.educacion.navarra.es\/web\/wp-json\/wp\/v2\/users\/1"}],"replies":[{"embeddable":true,"href":"https:\/\/creena.educacion.navarra.es\/web\/wp-json\/wp\/v2\/comments?post=132"}],"version-history":[{"count":17,"href":"https:\/\/creena.educacion.navarra.es\/web\/wp-json\/wp\/v2\/pages\/132\/revisions"}],"predecessor-version":[{"id":19281,"href":"https:\/\/creena.educacion.navarra.es\/web\/wp-json\/wp\/v2\/pages\/132\/revisions\/19281"}],"up":[{"embeddable":true,"href":"https:\/\/creena.educacion.navarra.es\/web\/wp-json\/wp\/v2\/pages\/163"}],"wp:attachment":[{"href":"https:\/\/creena.educacion.navarra.es\/web\/wp-json\/wp\/v2\/media?parent=132"}],"curies":[{"name":"wp","href":"https:\/\/api.w.org\/{rel}","templated":true}]}}