{"id":1338,"date":"2015-12-11T11:09:58","date_gmt":"2015-12-11T10:09:58","guid":{"rendered":"http:\/\/creena.educacion.navarra.es\/web\/?page_id=1338"},"modified":"2024-05-07T08:12:17","modified_gmt":"2024-05-07T06:12:17","slug":"p-c-p-i-e","status":"publish","type":"page","link":"https:\/\/creena.educacion.navarra.es\/web\/necesidades-educativas-especiales\/ciclos-de-formacion-profesional-especial\/p-c-p-i-e\/","title":{"rendered":"Organizaci\u00f3n CFPE"},"content":{"rendered":"<p><\/p>\n<p><a href=\"https:\/\/creena.educacion.navarra.es\/web\/wp-content\/uploads\/2022\/05\/oferta.jpg\"><img loading=\"lazy\" class=\" wp-image-16121\" src=\"https:\/\/creena.educacion.navarra.es\/web\/wp-content\/uploads\/2022\/05\/oferta.jpg\" alt=\"\" width=\"170\" height=\"114\" srcset=\"https:\/\/creena.educacion.navarra.es\/web\/wp-content\/uploads\/2022\/05\/oferta.jpg 679w, https:\/\/creena.educacion.navarra.es\/web\/wp-content\/uploads\/2022\/05\/oferta-300x200.jpg 300w\" sizes=\"(max-width: 170px) 100vw, 170px\" \/><\/a><\/p>\n<ul>\n<li><strong><a href=\"https:\/\/drive.google.com\/open?id=0B0eiH-cLhm7IZTlUOWRpTXhXNUE\" target=\"_blank\" rel=\"noopener noreferrer\">Caracter\u00edsticas<\/a><\/strong><\/li>\n<li><a href=\"https:\/\/drive.google.com\/open?id=0B0eiH-cLhm7Ic0hXa3RHX1p1bVE\" target=\"_blank\" rel=\"noopener noreferrer\">Curr\u00edculo<\/a><\/li>\n<li><a href=\"https:\/\/drive.google.com\/file\/d\/1zeV1XOvh_Cg8P3oRG-uuW_JaHOVbLZO9\/view?usp=sharing\" target=\"_blank\" rel=\"noopener\">Documento de ajuste curricular y programaci\u00f3n<\/a><\/li>\n<li style=\"list-style-type: none;\">&nbsp;<\/li>\n<li style=\"list-style-type: none;\">&nbsp;<\/li>\n<li style=\"list-style-type: none;\">&nbsp;<\/li>\n<\/ul>\n\n\n<p><\/p>\n","protected":false},"excerpt":{"rendered":"<p>Caracter\u00edsticas Curr\u00edculo Documento de ajuste curricular y programaci\u00f3n &nbsp; &nbsp; &nbsp;<\/p>\n","protected":false},"author":1,"featured_media":0,"parent":15104,"menu_order":3,"comment_status":"closed","ping_status":"closed","template":"","meta":{"_genesis_hide_title":false,"_genesis_hide_breadcrumbs":false,"_genesis_hide_singular_image":false,"_genesis_hide_footer_widgets":false,"_genesis_custom_body_class":"","_genesis_custom_post_class":"","_genesis_layout":"content-sidebar"},"_links":{"self":[{"href":"https:\/\/creena.educacion.navarra.es\/web\/wp-json\/wp\/v2\/pages\/1338"}],"collection":[{"href":"https:\/\/creena.educacion.navarra.es\/web\/wp-json\/wp\/v2\/pages"}],"about":[{"href":"https:\/\/creena.educacion.navarra.es\/web\/wp-json\/wp\/v2\/types\/page"}],"author":[{"embeddable":true,"href":"https:\/\/creena.educacion.navarra.es\/web\/wp-json\/wp\/v2\/users\/1"}],"replies":[{"embeddable":true,"href":"https:\/\/creena.educacion.navarra.es\/web\/wp-json\/wp\/v2\/comments?post=1338"}],"version-history":[{"count":77,"href":"https:\/\/creena.educacion.navarra.es\/web\/wp-json\/wp\/v2\/pages\/1338\/revisions"}],"predecessor-version":[{"id":18138,"href":"https:\/\/creena.educacion.navarra.es\/web\/wp-json\/wp\/v2\/pages\/1338\/revisions\/18138"}],"up":[{"embeddable":true,"href":"https:\/\/creena.educacion.navarra.es\/web\/wp-json\/wp\/v2\/pages\/15104"}],"wp:attachment":[{"href":"https:\/\/creena.educacion.navarra.es\/web\/wp-json\/wp\/v2\/media?parent=1338"}],"curies":[{"name":"wp","href":"https:\/\/api.w.org\/{rel}","templated":true}]}}