{"id":1383,"date":"2015-12-14T09:12:39","date_gmt":"2015-12-14T08:12:39","guid":{"rendered":"http:\/\/creena.educacion.navarra.es\/web\/?page_id=1383"},"modified":"2018-05-16T14:36:47","modified_gmt":"2018-05-16T12:36:47","slug":"cip-maria-ana-sanz","status":"publish","type":"page","link":"https:\/\/creena.educacion.navarra.es\/web\/necesidades-educativas-especiales\/ciclos-de-formacion-profesional-especial\/mapa-de-localizacion\/cip-maria-ana-sanz\/","title":{"rendered":"Mar\u00eda Ana Sanz Centro Integrado"},"content":{"rendered":"<p><strong>Direcci\u00f3n: <\/strong>Calle Milagro s\/n, \u00a031015 Pamplona\/Iru\u00f1ea<a href=\"http:\/\/creena.educacion.navarra.es\/web\/wp-content\/uploads\/2015\/12\/mariananasanz.jpg\" rel=\"attachment wp-att-1384\"><img loading=\"lazy\" class=\"alignright wp-image-1384\" src=\"http:\/\/creena.educacion.navarra.es\/web\/wp-content\/uploads\/2015\/12\/mariananasanz-300x151.jpg\" alt=\"mariananasanz\" width=\"296\" height=\"149\" srcset=\"https:\/\/creena.educacion.navarra.es\/web\/wp-content\/uploads\/2015\/12\/mariananasanz-300x151.jpg 300w, https:\/\/creena.educacion.navarra.es\/web\/wp-content\/uploads\/2015\/12\/mariananasanz.jpg 454w\" sizes=\"(max-width: 296px) 100vw, 296px\" \/><\/a><\/p>\n<p><strong>Tel\u00e9fono: <\/strong>948136624<\/p>\n<p><strong>E-mail: <\/strong>info@mariaanasanz.es<\/p>\n<p><strong>P\u00e1gina web: <\/strong><a href=\"http:\/\/www.masanz.es\/\" target=\"_blank\" rel=\"noopener noreferrer\">http:\/\/www.masanz.es\/<\/a><\/p>\n<p><strong>Programas<\/strong><\/p>\n<ul>\n<li><a href=\"https:\/\/drive.google.com\/open?id=0B0eiH-cLhm7IVkJldVZmSXJ4eU0\" target=\"_blank\" rel=\"noopener\">Auxiliar en Operaciones de Tratamiento de Datos,<\/a><br \/>\nOfim\u00e1tica y Archivo<\/li>\n<li><a href=\"https:\/\/drive.google.com\/open?id=0B0eiH-cLhm7IenlMSXI2d1hWbzg\" target=\"_blank\" rel=\"noopener\">Auxiliar en Servicios Generales de Comercio<\/a><\/li>\n<\/ul>\n","protected":false},"excerpt":{"rendered":"<p>Direcci\u00f3n: Calle Milagro s\/n, \u00a031015 Pamplona\/Iru\u00f1ea Tel\u00e9fono: 948136624 E-mail: info@mariaanasanz.es P\u00e1gina web: http:\/\/www.masanz.es\/ Programas Auxiliar en Operaciones de Tratamiento de Datos, Ofim\u00e1tica y Archivo Auxiliar en Servicios Generales de Comercio<\/p>\n","protected":false},"author":1,"featured_media":0,"parent":3628,"menu_order":10,"comment_status":"closed","ping_status":"closed","template":"","meta":{"_genesis_hide_title":false,"_genesis_hide_breadcrumbs":false,"_genesis_hide_singular_image":false,"_genesis_hide_footer_widgets":false,"_genesis_custom_body_class":"","_genesis_custom_post_class":"","_genesis_layout":""},"_links":{"self":[{"href":"https:\/\/creena.educacion.navarra.es\/web\/wp-json\/wp\/v2\/pages\/1383"}],"collection":[{"href":"https:\/\/creena.educacion.navarra.es\/web\/wp-json\/wp\/v2\/pages"}],"about":[{"href":"https:\/\/creena.educacion.navarra.es\/web\/wp-json\/wp\/v2\/types\/page"}],"author":[{"embeddable":true,"href":"https:\/\/creena.educacion.navarra.es\/web\/wp-json\/wp\/v2\/users\/1"}],"replies":[{"embeddable":true,"href":"https:\/\/creena.educacion.navarra.es\/web\/wp-json\/wp\/v2\/comments?post=1383"}],"version-history":[{"count":7,"href":"https:\/\/creena.educacion.navarra.es\/web\/wp-json\/wp\/v2\/pages\/1383\/revisions"}],"predecessor-version":[{"id":11817,"href":"https:\/\/creena.educacion.navarra.es\/web\/wp-json\/wp\/v2\/pages\/1383\/revisions\/11817"}],"up":[{"embeddable":true,"href":"https:\/\/creena.educacion.navarra.es\/web\/wp-json\/wp\/v2\/pages\/3628"}],"wp:attachment":[{"href":"https:\/\/creena.educacion.navarra.es\/web\/wp-json\/wp\/v2\/media?parent=1383"}],"curies":[{"name":"wp","href":"https:\/\/api.w.org\/{rel}","templated":true}]}}