{"id":14171,"date":"2020-03-31T09:48:32","date_gmt":"2020-03-31T07:48:32","guid":{"rendered":"https:\/\/creena.educacion.navarra.es\/web\/?page_id=14171"},"modified":"2021-06-22T10:32:05","modified_gmt":"2021-06-22T08:32:05","slug":"creena-ante-covid-19","status":"publish","type":"page","link":"https:\/\/creena.educacion.navarra.es\/web\/creena-ante-covid-19\/","title":{"rendered":"CREENA ante COVID-19"},"content":{"rendered":"<ul>\n<li>Orientaciones al profesorado para la docencia no presencial\u00a0con el alumnado con Necesidades educativas asociadas a:\n<ul>\n<li><a href=\"https:\/\/drive.google.com\/open?id=1cyQD5RMw9wbLd2rdJzsE8kzmE4vgBC6O\" target=\"_blank\" rel=\"noopener noreferrer\">Discapacidad intelectual y\/o TEA<\/a>.<\/li>\n<li><a href=\"https:\/\/drive.google.com\/open?id=1XiDIeazjD230YL1C2AAaSkZimZVpO1vj\" target=\"_blank\" rel=\"noopener noreferrer\">Discapacidad visual<\/a><\/li>\n<li><a href=\"https:\/\/drive.google.com\/file\/d\/1ENaYB4NgNWNnAzlPmjH4OgF6wh4KxR-4\/view?usp=sharing\" target=\"_blank\" rel=\"noopener\">Discapacidad auditiva<\/a><\/li>\n<li><a href=\"https:\/\/drive.google.com\/open?id=11G1hntY6NpQzFKMHzI9QyiPoH67uoqUb\" target=\"_blank\" rel=\"noopener noreferrer\">Altas Capacidades<\/a><\/li>\n<li><a href=\"https:\/\/drive.google.com\/open?id=1usD2eCgEqhnS71dpK7Dqmt5k--HH8xsL\" target=\"_blank\" rel=\"noopener noreferrer\">Dificultades con la lectura\/TEL<\/a><\/li>\n<li><a href=\"https:\/\/drive.google.com\/open?id=1waNzHpqiudYq1dpIC7NEWF8eKkfv-e0z\" target=\"_blank\" rel=\"noopener noreferrer\">Dificultades de lenguaje (AyL)<\/a><\/li>\n<li><a href=\"https:\/\/drive.google.com\/open?id=1U_MG5PURy9MayJ6_degKuetkxHLyaBx8\" target=\"_blank\" rel=\"noopener noreferrer\">Dificultades de conducta<\/a><\/li>\n<li><a href=\"https:\/\/drive.google.com\/open?id=13Od5HkeJigj22tcxRxrHKkke3X3BFbYw\" target=\"_blank\" rel=\"noopener noreferrer\">Alumnado hospitalizado y alumnado atendido en aulas de Salud Mental<\/a><\/li>\n<li><a href=\"https:\/\/drive.google.com\/open?id=1UpmRtANnAlaXSHfThJ4Vi9uxBa2kgUDh\" target=\"_blank\" rel=\"noopener noreferrer\">Redes <strong>PROEDUCAR-HEZIGARRI<\/strong> <\/a><\/li>\n<\/ul>\n<\/li>\n<li>Os recordamos que los centros que necesit\u00e9is orientaciones para la atenci\u00f3n a este alumnado pod\u00e9is hacer la consulta al CREENA a trav\u00e9s del orientador u orientadora, escribiendo al email del equipo correspondiente.<\/li>\n<\/ul>\n","protected":false},"excerpt":{"rendered":"<p>Orientaciones al profesorado para la docencia no presencial\u00a0con el alumnado con Necesidades educativas asociadas a: Discapacidad intelectual y\/o TEA. Discapacidad visual Discapacidad auditiva Altas Capacidades Dificultades con la lectura\/TEL Dificultades de lenguaje (AyL) Dificultades de conducta Alumnado hospitalizado y alumnado atendido en aulas de Salud Mental Redes PROEDUCAR-HEZIGARRI Os recordamos que los centros que necesit\u00e9is [&hellip;]<\/p>\n","protected":false},"author":1,"featured_media":0,"parent":0,"menu_order":0,"comment_status":"closed","ping_status":"closed","template":"","meta":{"_genesis_hide_title":false,"_genesis_hide_breadcrumbs":false,"_genesis_hide_singular_image":false,"_genesis_hide_footer_widgets":false,"_genesis_custom_body_class":"","_genesis_custom_post_class":"","_genesis_layout":""},"_links":{"self":[{"href":"https:\/\/creena.educacion.navarra.es\/web\/wp-json\/wp\/v2\/pages\/14171"}],"collection":[{"href":"https:\/\/creena.educacion.navarra.es\/web\/wp-json\/wp\/v2\/pages"}],"about":[{"href":"https:\/\/creena.educacion.navarra.es\/web\/wp-json\/wp\/v2\/types\/page"}],"author":[{"embeddable":true,"href":"https:\/\/creena.educacion.navarra.es\/web\/wp-json\/wp\/v2\/users\/1"}],"replies":[{"embeddable":true,"href":"https:\/\/creena.educacion.navarra.es\/web\/wp-json\/wp\/v2\/comments?post=14171"}],"version-history":[{"count":20,"href":"https:\/\/creena.educacion.navarra.es\/web\/wp-json\/wp\/v2\/pages\/14171\/revisions"}],"predecessor-version":[{"id":15354,"href":"https:\/\/creena.educacion.navarra.es\/web\/wp-json\/wp\/v2\/pages\/14171\/revisions\/15354"}],"wp:attachment":[{"href":"https:\/\/creena.educacion.navarra.es\/web\/wp-json\/wp\/v2\/media?parent=14171"}],"curies":[{"name":"wp","href":"https:\/\/api.w.org\/{rel}","templated":true}]}}