{"id":147,"date":"2015-11-09T11:01:05","date_gmt":"2015-11-09T10:01:09","guid":{"rendered":"http:\/\/creena.educacion.navarra.es\/web\/?page_id=147"},"modified":"2024-10-14T09:13:27","modified_gmt":"2024-10-14T07:13:27","slug":"recursosa","status":"publish","type":"page","link":"https:\/\/creena.educacion.navarra.es\/web\/necesidades-educativas-especiales\/equipo-auditivos\/recursosa\/","title":{"rendered":"Recursos"},"content":{"rendered":"<table border=\"1\" width=\"700\" align=\"center\">\n<tbody>\n<tr>\n<td colspan=\"2\" align=\"center\"><\/td>\n<\/tr>\n<tr>\n<td width=\"250\"><a href=\"http:\/\/creena.educacion.navarra.es\/web\/wp-content\/uploads\/2015\/11\/enlaces.png\"><img loading=\"lazy\" class=\"aligncenter wp-image-1539\" src=\"http:\/\/creena.educacion.navarra.es\/web\/wp-content\/uploads\/2015\/11\/enlaces.png\" alt=\"\" width=\"72\" height=\"84\" \/><\/a><\/td>\n<td width=\"450\">\n<ul>\n<li style=\"text-align: left;\"><a href=\"https:\/\/creena.educacion.navarra.es\/web\/necesidades-educativas-especiales\/equipo-auditivos\/recursosa\/enlaces-de-interesa\/\">ENLACES DE INTER\u00c9S<\/a><\/li>\n<\/ul>\n<\/td>\n<\/tr>\n<tr>\n<td><a href=\"http:\/\/creena.educacion.navarra.es\/web\/wp-content\/uploads\/2015\/11\/protesis_emisoras.png\"><img loading=\"lazy\" class=\"aligncenter wp-image-1533\" src=\"http:\/\/creena.educacion.navarra.es\/web\/wp-content\/uploads\/2015\/11\/protesis_emisoras.png\" alt=\"\" width=\"61\" height=\"71\" \/><\/a><\/td>\n<td>\n<ul>\n<li style=\"text-align: left;\"><a href=\"https:\/\/creena.educacion.navarra.es\/web\/necesidades-educativas-especiales\/equipo-auditivos\/protesis-auditivas-y-emisoras\/\">PR\u00d3TESIS AUDITIVAS-EMISORAS<\/a><\/li>\n<\/ul>\n<\/td>\n<\/tr>\n<tr>\n<td><a href=\"http:\/\/creena.educacion.navarra.es\/web\/wp-content\/uploads\/2015\/11\/leporino_palatina.png\"><img loading=\"lazy\" class=\"aligncenter wp-image-1543\" src=\"http:\/\/creena.educacion.navarra.es\/web\/wp-content\/uploads\/2015\/11\/leporino_palatina.png\" alt=\"\" width=\"71\" height=\"72\" \/><\/a><\/td>\n<td>\n<ul>\n<li style=\"text-align: left;\"><a href=\"https:\/\/creena.educacion.navarra.es\/web\/necesidades-educativas-especiales\/equipo-auditivos\/recursosa\/labio-leporinofisura-palatina-2\/\">LABIO LEPORINO, FISURA PALATINA<\/a><\/li>\n<\/ul>\n<\/td>\n<\/tr>\n<tr>\n<td><a href=\"http:\/\/creena.educacion.navarra.es\/web\/wp-content\/uploads\/2015\/11\/bibliografia.png\"><img loading=\"lazy\" class=\"aligncenter wp-image-1535\" src=\"http:\/\/creena.educacion.navarra.es\/web\/wp-content\/uploads\/2015\/11\/bibliografia.png\" alt=\"\" width=\"52\" height=\"69\" \/><\/a><\/td>\n<td>\n<ul>\n<li style=\"text-align: left;\"><a href=\"https:\/\/creena.educacion.navarra.es\/web\/necesidades-educativas-especiales\/equipo-auditivos\/recursosa\/bibliografiaa\/\">BIBLIOGRAF\u00cdA<\/a><\/li>\n<\/ul>\n<\/td>\n<\/tr>\n<tr>\n<td><a href=\"http:\/\/creena.educacion.navarra.es\/web\/wp-content\/uploads\/2015\/11\/documentos.png\"><img loading=\"lazy\" class=\"aligncenter wp-image-1537\" src=\"http:\/\/creena.educacion.navarra.es\/web\/wp-content\/uploads\/2015\/11\/documentos.png\" alt=\"\" width=\"61\" height=\"55\" \/><\/a><\/td>\n<td>\n<ul>\n<li style=\"text-align: left;\"><a href=\"https:\/\/creena.educacion.navarra.es\/web\/necesidades-educativas-especiales\/equipo-auditivos\/recursosa\/documentacion\/\">DOCUMENTOS<\/a><\/li>\n<\/ul>\n<\/td>\n<\/tr>\n<tr>\n<td><a href=\"http:\/\/creena.educacion.navarra.es\/web\/wp-content\/uploads\/2015\/11\/materiales_propios.png\"><img loading=\"lazy\" class=\"aligncenter wp-image-1531\" src=\"http:\/\/creena.educacion.navarra.es\/web\/wp-content\/uploads\/2015\/11\/materiales_propios.png\" alt=\"\" width=\"68\" height=\"80\" \/><\/a><\/td>\n<td>\n<ul>\n<li style=\"text-align: left;\"><a href=\"https:\/\/creena.educacion.navarra.es\/web\/necesidades-educativas-especiales\/equipo-auditivos\/recursosa\/materiales-propios\/\">MATERIALES PROPIOS<\/a><\/li>\n<\/ul>\n<\/td>\n<\/tr>\n<tr>\n<td><a href=\"http:\/\/creena.educacion.navarra.es\/web\/wp-content\/uploads\/2019\/05\/las-aventuras-de-ana.png\"><img loading=\"lazy\" class=\"aligncenter wp-image-13446\" src=\"http:\/\/creena.educacion.navarra.es\/web\/wp-content\/uploads\/2019\/05\/las-aventuras-de-ana-300x226.png\" alt=\"\" width=\"110\" height=\"83\" srcset=\"https:\/\/creena.educacion.navarra.es\/web\/wp-content\/uploads\/2019\/05\/las-aventuras-de-ana-300x226.png 300w, https:\/\/creena.educacion.navarra.es\/web\/wp-content\/uploads\/2019\/05\/las-aventuras-de-ana.png 505w\" sizes=\"(max-width: 110px) 100vw, 110px\" \/><\/a><\/td>\n<td>\n<ul>\n<li><a href=\"https:\/\/complydis.usal.es\/las-aventuras-de-ana-y-coco\/\" target=\"_blank\" rel=\"noopener noreferrer\">MATERIALES PARA MEJORAR LAS HABILIDADES LECTORAS<\/a><\/li>\n<\/ul>\n<\/td>\n<\/tr>\n<tr>\n<td><a href=\"https:\/\/creena.educacion.navarra.es\/web\/wp-content\/uploads\/2020\/04\/PHONAKPIP.png\"><img loading=\"lazy\" class=\"aligncenter wp-image-14264\" src=\"https:\/\/creena.educacion.navarra.es\/web\/wp-content\/uploads\/2020\/04\/PHONAKPIP-300x197.png\" alt=\"\" width=\"122\" height=\"80\" srcset=\"https:\/\/creena.educacion.navarra.es\/web\/wp-content\/uploads\/2020\/04\/PHONAKPIP-300x200.png 300w, https:\/\/creena.educacion.navarra.es\/web\/wp-content\/uploads\/2020\/04\/PHONAKPIP-768x504.png 768w, https:\/\/creena.educacion.navarra.es\/web\/wp-content\/uploads\/2020\/04\/PHONAKPIP.png 867w\" sizes=\"(max-width: 122px) 100vw, 122px\" \/><\/a><\/td>\n<td>\n<ul>\n<li style=\"text-align: left;\"><a href=\"https:\/\/www.phonak-pip.es\/para-educadores\/material-didactico\/\" target=\"_blank\" rel=\"noopener noreferrer\">MATERIALES DID\u00c1CTICOS DE PHONAK<\/a><\/li>\n<\/ul>\n<\/td>\n<\/tr>\n<\/tbody>\n<\/table>\n","protected":false},"excerpt":{"rendered":"<p>ENLACES DE INTER\u00c9S PR\u00d3TESIS AUDITIVAS-EMISORAS LABIO LEPORINO, FISURA PALATINA BIBLIOGRAF\u00cdA DOCUMENTOS MATERIALES PROPIOS MATERIALES PARA MEJORAR LAS HABILIDADES LECTORAS MATERIALES DID\u00c1CTICOS DE PHONAK<\/p>\n","protected":false},"author":1,"featured_media":0,"parent":183,"menu_order":3,"comment_status":"closed","ping_status":"closed","template":"","meta":{"_genesis_hide_title":false,"_genesis_hide_breadcrumbs":false,"_genesis_hide_singular_image":false,"_genesis_hide_footer_widgets":false,"_genesis_custom_body_class":"","_genesis_custom_post_class":"","_genesis_layout":"content-sidebar"},"_links":{"self":[{"href":"https:\/\/creena.educacion.navarra.es\/web\/wp-json\/wp\/v2\/pages\/147"}],"collection":[{"href":"https:\/\/creena.educacion.navarra.es\/web\/wp-json\/wp\/v2\/pages"}],"about":[{"href":"https:\/\/creena.educacion.navarra.es\/web\/wp-json\/wp\/v2\/types\/page"}],"author":[{"embeddable":true,"href":"https:\/\/creena.educacion.navarra.es\/web\/wp-json\/wp\/v2\/users\/1"}],"replies":[{"embeddable":true,"href":"https:\/\/creena.educacion.navarra.es\/web\/wp-json\/wp\/v2\/comments?post=147"}],"version-history":[{"count":44,"href":"https:\/\/creena.educacion.navarra.es\/web\/wp-json\/wp\/v2\/pages\/147\/revisions"}],"predecessor-version":[{"id":18496,"href":"https:\/\/creena.educacion.navarra.es\/web\/wp-json\/wp\/v2\/pages\/147\/revisions\/18496"}],"up":[{"embeddable":true,"href":"https:\/\/creena.educacion.navarra.es\/web\/wp-json\/wp\/v2\/pages\/183"}],"wp:attachment":[{"href":"https:\/\/creena.educacion.navarra.es\/web\/wp-json\/wp\/v2\/media?parent=147"}],"curies":[{"name":"wp","href":"https:\/\/api.w.org\/{rel}","templated":true}]}}