{"id":1476,"date":"2015-12-15T11:07:01","date_gmt":"2015-12-15T10:07:01","guid":{"rendered":"http:\/\/creena.educacion.navarra.es\/web\/?page_id=1476"},"modified":"2021-06-09T11:17:20","modified_gmt":"2021-06-09T09:17:20","slug":"formacion-dual","status":"publish","type":"page","link":"https:\/\/creena.educacion.navarra.es\/web\/necesidades-educativas-especiales\/ciclos-de-formacion-profesional-especial\/formacion-dual\/","title":{"rendered":"Formaci\u00f3n Dual"},"content":{"rendered":"<ul>\n<li><span style=\"color: #800000;\"><a style=\"color: #800000;\" href=\"https:\/\/drive.google.com\/open?id=0B0eiH-cLhm7IN3l2WVo4aWxCckU\" target=\"_blank\" rel=\"noopener\">Documento para la formaci\u00f3n dual<\/a><\/span><\/li>\n<li><span style=\"color: #800000;\"><a style=\"color: #800000;\" href=\"https:\/\/drive.google.com\/open?id=0B0eiH-cLhm7IVV9lTmU0M3Vqb28\" target=\"_blank\" rel=\"noopener\">Formaci\u00f3n profesional dual<\/a><\/span><\/li>\n<li><span style=\"color: #800000;\"><a style=\"color: #800000;\" href=\"https:\/\/drive.google.com\/open?id=0B0eiH-cLhm7IN1hlY1BId3MwdUk\" target=\"_blank\" rel=\"noopener\">Propuesta organizativa de formaci\u00f3n dual CI M\u00aa Ana Sanz<\/a><\/span><\/li>\n<li><span style=\"color: #800000;\"><a style=\"color: #800000;\" href=\"https:\/\/drive.google.com\/open?id=0B0eiH-cLhm7ILXpKNzBvSXlEVEE\" target=\"_blank\" rel=\"noopener\">L.H. Dualeko antolamendu proposamena &#8211; BHI Lekaroz\/Elizondo<\/a><\/span><\/li>\n<\/ul>\n","protected":false},"excerpt":{"rendered":"<p>Documento para la formaci\u00f3n dual Formaci\u00f3n profesional dual Propuesta organizativa de formaci\u00f3n dual CI M\u00aa Ana Sanz L.H. Dualeko antolamendu proposamena &#8211; BHI Lekaroz\/Elizondo<\/p>\n","protected":false},"author":1,"featured_media":0,"parent":15104,"menu_order":3,"comment_status":"closed","ping_status":"closed","template":"","meta":{"_genesis_hide_title":false,"_genesis_hide_breadcrumbs":false,"_genesis_hide_singular_image":false,"_genesis_hide_footer_widgets":false,"_genesis_custom_body_class":"","_genesis_custom_post_class":"","_genesis_layout":"full-width-content"},"_links":{"self":[{"href":"https:\/\/creena.educacion.navarra.es\/web\/wp-json\/wp\/v2\/pages\/1476"}],"collection":[{"href":"https:\/\/creena.educacion.navarra.es\/web\/wp-json\/wp\/v2\/pages"}],"about":[{"href":"https:\/\/creena.educacion.navarra.es\/web\/wp-json\/wp\/v2\/types\/page"}],"author":[{"embeddable":true,"href":"https:\/\/creena.educacion.navarra.es\/web\/wp-json\/wp\/v2\/users\/1"}],"replies":[{"embeddable":true,"href":"https:\/\/creena.educacion.navarra.es\/web\/wp-json\/wp\/v2\/comments?post=1476"}],"version-history":[{"count":5,"href":"https:\/\/creena.educacion.navarra.es\/web\/wp-json\/wp\/v2\/pages\/1476\/revisions"}],"predecessor-version":[{"id":15190,"href":"https:\/\/creena.educacion.navarra.es\/web\/wp-json\/wp\/v2\/pages\/1476\/revisions\/15190"}],"up":[{"embeddable":true,"href":"https:\/\/creena.educacion.navarra.es\/web\/wp-json\/wp\/v2\/pages\/15104"}],"wp:attachment":[{"href":"https:\/\/creena.educacion.navarra.es\/web\/wp-json\/wp\/v2\/media?parent=1476"}],"curies":[{"name":"wp","href":"https:\/\/api.w.org\/{rel}","templated":true}]}}