{"id":15046,"date":"2021-06-04T09:34:23","date_gmt":"2021-06-04T07:34:23","guid":{"rendered":"https:\/\/creena.educacion.navarra.es\/web\/?page_id=15046"},"modified":"2025-02-20T11:27:18","modified_gmt":"2025-02-20T10:27:18","slug":"inclusion","status":"publish","type":"page","link":"https:\/\/creena.educacion.navarra.es\/web\/inclusion\/","title":{"rendered":"Inclusi\u00f3n"},"content":{"rendered":"<h3><span style=\"color: #993300;\"><strong>Blog de Sensibilizaci\u00f3n<\/strong><\/span><\/h3>\n<p><a href=\"http:\/\/creena.educacion.navarra.es\/web\/guiasensibilizacion\/\" target=\"_blank\" rel=\"noopener\"><img loading=\"lazy\" class=\"alignleft wp-image-12880\" src=\"http:\/\/creena.educacion.navarra.es\/web\/wp-content\/uploads\/2018\/11\/blogsensi-300x230.png\" alt=\"\" width=\"253\" height=\"195\" srcset=\"https:\/\/creena.educacion.navarra.es\/web\/wp-content\/uploads\/2018\/11\/blogsensi-300x230.png 300w, https:\/\/creena.educacion.navarra.es\/web\/wp-content\/uploads\/2018\/11\/blogsensi.png 363w\" sizes=\"(max-width: 253px) 100vw, 253px\" \/><\/a><\/p>\n<p>\u00a0<\/p>\n<h3>\u00a0<\/h3>\n<h3>\u00a0<\/h3>\n<p>\u00a0<\/p>\n<p>.<\/p>\n<p>\u00a0<\/p>\n<hr \/>\n<h3><span style=\"color: #993300;\"><strong>Infograf\u00edas<\/strong><\/span><\/h3>\n<p><a href=\"https:\/\/drive.google.com\/file\/d\/1ZxxLEY5dC07qoq_FOVC9IEPw5y4HAVWs\/view?usp=sharing\" target=\"_blank\" rel=\"noopener\"><img loading=\"lazy\" class=\"wp-image-15049 alignleft\" src=\"https:\/\/creena.educacion.navarra.es\/web\/wp-content\/uploads\/2021\/06\/inclusion.jpg\" alt=\"\" width=\"207\" height=\"295\" srcset=\"https:\/\/creena.educacion.navarra.es\/web\/wp-content\/uploads\/2021\/06\/inclusion.jpg 828w, https:\/\/creena.educacion.navarra.es\/web\/wp-content\/uploads\/2021\/06\/inclusion-210x300.jpg 210w, https:\/\/creena.educacion.navarra.es\/web\/wp-content\/uploads\/2021\/06\/inclusion-717x1024.jpg 717w, https:\/\/creena.educacion.navarra.es\/web\/wp-content\/uploads\/2021\/06\/inclusion-768x1096.jpg 768w\" sizes=\"(max-width: 207px) 100vw, 207px\" \/>\u00a0<\/a><a href=\"https:\/\/drive.google.com\/file\/d\/1ZxxLEY5dC07qoq_FOVC9IEPw5y4HAVWs\/view?usp=sharing\" target=\"_blank\" rel=\"noopener\">\u00a0 <\/a><a href=\"https:\/\/drive.google.com\/file\/d\/1ee0YOUaG5cfAY7nD48XJHtDAI4lvkbNb\/view?usp=sharing\" target=\"_blank\" rel=\"noopener\"><img loading=\"lazy\" class=\"alignnone  wp-image-15176\" src=\"https:\/\/creena.educacion.navarra.es\/web\/wp-content\/uploads\/2021\/06\/HACIA-LA-INCLUSION-1.jpg\" alt=\"\" width=\"220\" height=\"479\" srcset=\"https:\/\/creena.educacion.navarra.es\/web\/wp-content\/uploads\/2021\/06\/HACIA-LA-INCLUSION-1.jpg 355w, https:\/\/creena.educacion.navarra.es\/web\/wp-content\/uploads\/2021\/06\/HACIA-LA-INCLUSION-1-138x300.jpg 138w\" sizes=\"(max-width: 220px) 100vw, 220px\" \/><\/a><\/p>\n<hr \/>\n<h3><span style=\"color: #993300;\"><strong>Lecturas indispensables<\/strong><\/span><\/h3>\n<ul>\n<li><a href=\"https:\/\/drive.google.com\/file\/d\/11eSZk1SkeZqPhnyf-CTFiksLOnTkARMk\/view?usp=sharing\" target=\"_blank\" rel=\"noopener\">Replantear la educaci\u00f3n \u00bfhacia un bien com\u00fan mundial?. Ediciones UNESCO<\/a><\/li>\n<li><a href=\"https:\/\/drive.google.com\/file\/d\/1hl6SYv4sFAou5HFzAdpx6UH8FYTxl6Yw\/view?usp=sharing\" target=\"_blank\" rel=\"noopener\">La Naturaleza del Aprendizaje<\/a>.<\/li>\n<li><a href=\"https:\/\/drive.google.com\/file\/d\/1Ry9LWVq7Lj3mDoUzNgt-6NroI55O0R_b\/view?usp=sharing\" target=\"_blank\" rel=\"noopener\">Declaraci\u00f3n de Incheon y Marco de Acci\u00f3n<\/a><\/li>\n<\/ul>\n<hr \/>\n<h3><span style=\"font-size: 21.06px; color: #993300;\">V\u00eddeos<\/span><\/h3>\n<p><iframe loading=\"lazy\" src=\"https:\/\/drive.google.com\/file\/d\/1NGi7Kk3gyc3fi4XZjMsc76nnXdAg2vOK\/preview\" width=\"340\" height=\"240\"><\/iframe><\/p>\n<p>\u00a0<\/p>\n\n\n\n\n<p><\/p>\n","protected":false},"excerpt":{"rendered":"<p>Blog de Sensibilizaci\u00f3n \u00a0 \u00a0 \u00a0 \u00a0 . \u00a0 Infograf\u00edas \u00a0\u00a0 Lecturas indispensables Replantear la educaci\u00f3n \u00bfhacia un bien com\u00fan mundial?. Ediciones UNESCO La Naturaleza del Aprendizaje. Declaraci\u00f3n de Incheon y Marco de Acci\u00f3n V\u00eddeos \u00a0<\/p>\n","protected":false},"author":1,"featured_media":0,"parent":0,"menu_order":0,"comment_status":"closed","ping_status":"closed","template":"","meta":{"_genesis_hide_title":false,"_genesis_hide_breadcrumbs":false,"_genesis_hide_singular_image":false,"_genesis_hide_footer_widgets":false,"_genesis_custom_body_class":"","_genesis_custom_post_class":"","_genesis_layout":"content-sidebar"},"_links":{"self":[{"href":"https:\/\/creena.educacion.navarra.es\/web\/wp-json\/wp\/v2\/pages\/15046"}],"collection":[{"href":"https:\/\/creena.educacion.navarra.es\/web\/wp-json\/wp\/v2\/pages"}],"about":[{"href":"https:\/\/creena.educacion.navarra.es\/web\/wp-json\/wp\/v2\/types\/page"}],"author":[{"embeddable":true,"href":"https:\/\/creena.educacion.navarra.es\/web\/wp-json\/wp\/v2\/users\/1"}],"replies":[{"embeddable":true,"href":"https:\/\/creena.educacion.navarra.es\/web\/wp-json\/wp\/v2\/comments?post=15046"}],"version-history":[{"count":33,"href":"https:\/\/creena.educacion.navarra.es\/web\/wp-json\/wp\/v2\/pages\/15046\/revisions"}],"predecessor-version":[{"id":18944,"href":"https:\/\/creena.educacion.navarra.es\/web\/wp-json\/wp\/v2\/pages\/15046\/revisions\/18944"}],"wp:attachment":[{"href":"https:\/\/creena.educacion.navarra.es\/web\/wp-json\/wp\/v2\/media?parent=15046"}],"curies":[{"name":"wp","href":"https:\/\/api.w.org\/{rel}","templated":true}]}}