{"id":1610,"date":"2016-01-29T09:22:44","date_gmt":"2016-01-29T08:22:44","guid":{"rendered":"http:\/\/creena.educacion.navarra.es\/web\/necesidades-educativas-especiales\/equipo-auditivos\/recursos\/protesis-auditivas-y-emisoras\/"},"modified":"2024-04-15T08:23:19","modified_gmt":"2024-04-15T06:23:19","slug":"protesis-auditivas-y-emisoras","status":"publish","type":"page","link":"https:\/\/creena.educacion.navarra.es\/web\/necesidades-educativas-especiales\/equipo-auditivos\/protesis-auditivas-y-emisoras\/","title":{"rendered":"Pr\u00f3tesis auditivas y emisoras"},"content":{"rendered":"<ul>\n<li><a href=\"https:\/\/drive.google.com\/open?id=0B0eiH-cLhm7IT01DY1otUFd5LWc\" target=\"_blank\" rel=\"noopener noreferrer\">Ayudas t\u00e9cnicas<\/a><\/li>\n<li><a href=\"https:\/\/drive.google.com\/file\/d\/1HFfBifUDiEXG9NdFyc0SGZ5vl17jFfKe\/view?usp=sharing\" target=\"_blank\" rel=\"noopener\">Condicionado para las ayudas t\u00e9cnicas<\/a><\/li>\n<li><a href=\"https:\/\/drive.google.com\/file\/d\/1Wkb9Re5LWI-88Edziug8_rRYuE40-S9W\/view?usp=sharing\" target=\"_blank\" rel=\"noopener\">Utilizaci\u00f3n de las emisoras de FM<\/a><\/li>\n<li><a href=\"https:\/\/drive.google.com\/open?id=0B0eiH-cLhm7IM0tCRUdpRnd1UEU\" target=\"_blank\" rel=\"noopener noreferrer\">Informaci\u00f3n emisora Roger<\/a><\/li>\n<li><a href=\"https:\/\/drive.google.com\/open?id=1kUWs9f8A7I7SF3Age0_jrqSr2N1dwwfj\" target=\"_blank\" rel=\"noopener noreferrer\">Informaci\u00f3n emisora Touchscreen mic<\/a><\/li>\n<li><a href=\"https:\/\/drive.google.com\/open?id=0B0eiH-cLhm7IUmlkeHJmcDZUN2s\" target=\"_blank\" rel=\"noopener noreferrer\">Pr\u00f3tesis auditivas<\/a><\/li>\n<\/ul>\n","protected":false},"excerpt":{"rendered":"<p>Ayudas t\u00e9cnicas Condicionado para las ayudas t\u00e9cnicas Utilizaci\u00f3n de las emisoras de FM Informaci\u00f3n emisora Roger Informaci\u00f3n emisora Touchscreen mic Pr\u00f3tesis auditivas<\/p>\n","protected":false},"author":1,"featured_media":0,"parent":183,"menu_order":1,"comment_status":"closed","ping_status":"closed","template":"","meta":{"_genesis_hide_title":false,"_genesis_hide_breadcrumbs":false,"_genesis_hide_singular_image":false,"_genesis_hide_footer_widgets":false,"_genesis_custom_body_class":"","_genesis_custom_post_class":"","_genesis_layout":"content-sidebar"},"_links":{"self":[{"href":"https:\/\/creena.educacion.navarra.es\/web\/wp-json\/wp\/v2\/pages\/1610"}],"collection":[{"href":"https:\/\/creena.educacion.navarra.es\/web\/wp-json\/wp\/v2\/pages"}],"about":[{"href":"https:\/\/creena.educacion.navarra.es\/web\/wp-json\/wp\/v2\/types\/page"}],"author":[{"embeddable":true,"href":"https:\/\/creena.educacion.navarra.es\/web\/wp-json\/wp\/v2\/users\/1"}],"replies":[{"embeddable":true,"href":"https:\/\/creena.educacion.navarra.es\/web\/wp-json\/wp\/v2\/comments?post=1610"}],"version-history":[{"count":12,"href":"https:\/\/creena.educacion.navarra.es\/web\/wp-json\/wp\/v2\/pages\/1610\/revisions"}],"predecessor-version":[{"id":18101,"href":"https:\/\/creena.educacion.navarra.es\/web\/wp-json\/wp\/v2\/pages\/1610\/revisions\/18101"}],"up":[{"embeddable":true,"href":"https:\/\/creena.educacion.navarra.es\/web\/wp-json\/wp\/v2\/pages\/183"}],"wp:attachment":[{"href":"https:\/\/creena.educacion.navarra.es\/web\/wp-json\/wp\/v2\/media?parent=1610"}],"curies":[{"name":"wp","href":"https:\/\/api.w.org\/{rel}","templated":true}]}}