{"id":163,"date":"2015-11-09T11:13:48","date_gmt":"2015-11-09T10:13:48","guid":{"rendered":"http:\/\/creena.educacion.navarra.es\/web\/?page_id=163"},"modified":"2024-10-17T13:09:51","modified_gmt":"2024-10-17T11:09:51","slug":"informacion-general-biblioteca","status":"publish","type":"page","link":"https:\/\/creena.educacion.navarra.es\/web\/gestion-informacion-y-medios\/biblioteca\/informacion-general-biblioteca\/","title":{"rendered":"Informaci\u00f3n"},"content":{"rendered":"<ul>\n<li><a href=\"https:\/\/creena.educacion.navarra.es\/web\/gestion-informacion-y-medios\/biblioteca\/informacion-general-biblioteca\/presentacionb\/\">Presentaci\u00f3n<\/a><a href=\"http:\/\/creena.educacion.navarra.es\/web\/wp-content\/uploads\/2015\/11\/libro.jpg\"><img loading=\"lazy\" class=\"alignright wp-image-4001 size-medium\" src=\"https:\/\/creena.educacion.navarra.es\/web\/wp-content\/uploads\/2015\/11\/libro-300x225.jpg\" alt=\"\" width=\"300\" height=\"225\" srcset=\"https:\/\/creena.educacion.navarra.es\/web\/wp-content\/uploads\/2015\/11\/libro-300x225.jpg 300w, https:\/\/creena.educacion.navarra.es\/web\/wp-content\/uploads\/2015\/11\/libro.jpg 569w\" sizes=\"(max-width: 300px) 100vw, 300px\" \/><\/a><a href=\"https:\/\/creena.educacion.navarra.es\/web\/gestion-informacion-y-medios\/biblioteca\/informacion-general-biblioteca\/presentacionb\/\"><br \/>\n<\/a><\/li>\n<li><a href=\"https:\/\/creena.educacion.navarra.es\/web\/gestion-informacion-y-medios\/biblioteca\/informacion-general-biblioteca\/composicion-del-equipob\/\">Composici\u00f3n del equipo<\/a><\/li>\n<li><a href=\"https:\/\/creena.educacion.navarra.es\/web\/gestion-informacion-y-medios\/biblioteca\/informacion-general-biblioteca\/funcionesb\/\">Funciones<\/a><\/li>\n<li><a href=\"https:\/\/creena.educacion.navarra.es\/web\/gestion-informacion-y-medios\/biblioteca\/informacion-general-biblioteca\/reglamento\/\">Reglamento<\/a><\/li>\n<li><a href=\"https:\/\/creena.educacion.navarra.es\/web\/gestion-informacion-y-medios\/biblioteca\/informacion-general-biblioteca\/clasificacion-del-material\/\">Clasificaci\u00f3n materiales<\/a><\/li>\n<li><a href=\"https:\/\/creena.educacion.navarra.es\/web\/gestion-informacion-y-medios\/biblioteca\/informacion-general-biblioteca\/ubicacionbiblioteca\/\">Ubicaci\u00f3n<\/a><\/li>\n<li><a href=\"https:\/\/creena.educacion.navarra.es\/web\/gestion-informacion-y-medios\/biblioteca\/informacion-general-biblioteca\/horario\/\">Horario<\/a><\/li>\n<\/ul>\n","protected":false},"excerpt":{"rendered":"<p>Presentaci\u00f3n Composici\u00f3n del equipo Funciones Reglamento Clasificaci\u00f3n materiales Ubicaci\u00f3n Horario<\/p>\n","protected":false},"author":1,"featured_media":0,"parent":119,"menu_order":4,"comment_status":"closed","ping_status":"closed","template":"","meta":{"_genesis_hide_title":false,"_genesis_hide_breadcrumbs":false,"_genesis_hide_singular_image":false,"_genesis_hide_footer_widgets":false,"_genesis_custom_body_class":"","_genesis_custom_post_class":"","_genesis_layout":"content-sidebar"},"_links":{"self":[{"href":"https:\/\/creena.educacion.navarra.es\/web\/wp-json\/wp\/v2\/pages\/163"}],"collection":[{"href":"https:\/\/creena.educacion.navarra.es\/web\/wp-json\/wp\/v2\/pages"}],"about":[{"href":"https:\/\/creena.educacion.navarra.es\/web\/wp-json\/wp\/v2\/types\/page"}],"author":[{"embeddable":true,"href":"https:\/\/creena.educacion.navarra.es\/web\/wp-json\/wp\/v2\/users\/1"}],"replies":[{"embeddable":true,"href":"https:\/\/creena.educacion.navarra.es\/web\/wp-json\/wp\/v2\/comments?post=163"}],"version-history":[{"count":12,"href":"https:\/\/creena.educacion.navarra.es\/web\/wp-json\/wp\/v2\/pages\/163\/revisions"}],"predecessor-version":[{"id":18624,"href":"https:\/\/creena.educacion.navarra.es\/web\/wp-json\/wp\/v2\/pages\/163\/revisions\/18624"}],"up":[{"embeddable":true,"href":"https:\/\/creena.educacion.navarra.es\/web\/wp-json\/wp\/v2\/pages\/119"}],"wp:attachment":[{"href":"https:\/\/creena.educacion.navarra.es\/web\/wp-json\/wp\/v2\/media?parent=163"}],"curies":[{"name":"wp","href":"https:\/\/api.w.org\/{rel}","templated":true}]}}