{"id":1726,"date":"2016-02-02T11:07:07","date_gmt":"2016-02-02T10:07:07","guid":{"rendered":"http:\/\/creena.educacion.navarra.es\/web\/?page_id=1726"},"modified":"2016-10-11T13:34:18","modified_gmt":"2016-10-11T11:34:18","slug":"material-optico","status":"publish","type":"page","link":"https:\/\/creena.educacion.navarra.es\/web\/necesidades-educativas-especiales\/equipo-visuales\/recursos-auditivos\/galeria-de-materiales\/material-optico\/","title":{"rendered":"Material \u00f3ptico"},"content":{"rendered":"<ul>\n<li>Materiales que proporciona la ONCE a sus afiliados como adaptaci\u00f3n al puesto de estudio<\/li>\n<\/ul>\n<div id='gallery-1' class='gallery galleryid-1726 gallery-columns-3 gallery-size-thumbnail'><figure class='gallery-item'>\n\t\t\t<div class='gallery-icon landscape'>\n\t\t\t\t<a href='https:\/\/creena.educacion.navarra.es\/web\/wp-content\/uploads\/2016\/02\/lupa_manual_electronica-1.jpg'><img width=\"150\" height=\"150\" src=\"https:\/\/creena.educacion.navarra.es\/web\/wp-content\/uploads\/2016\/02\/lupa_manual_electronica-1-150x150.jpg\" class=\"attachment-thumbnail size-thumbnail\" alt=\"Lupa port\u00e1til de peque\u00f1as dimensiones que permite la lectura de textos, ver fotos y objetos. La visualizaci\u00f3n puede ser en color o cambiar el contraste de negro sobre blanco o viceversa.\" loading=\"lazy\" aria-describedby=\"gallery-1-1749\" \/><\/a>\n\t\t\t<\/div>\n\t\t\t\t<figcaption class='wp-caption-text gallery-caption' id='gallery-1-1749'>\n\t\t\t\tLupa manual electr\u00f3nica*\n\t\t\t\t<\/figcaption><\/figure><figure class='gallery-item'>\n\t\t\t<div class='gallery-icon landscape'>\n\t\t\t\t<a href='https:\/\/creena.educacion.navarra.es\/web\/wp-content\/uploads\/2016\/02\/telescopio_jpg.jpg'><img width=\"150\" height=\"150\" src=\"https:\/\/creena.educacion.navarra.es\/web\/wp-content\/uploads\/2016\/02\/telescopio_jpg-150x150.jpg\" class=\"attachment-thumbnail size-thumbnail\" alt=\"Estos telescopios monoculares son instrumentos que ayudan a realizar tareas de lejos. Pueden ser enfocables y afocales (est\u00e1n enfocados para una distancia de 6 metros o m\u00e1s).\" loading=\"lazy\" aria-describedby=\"gallery-1-1752\" \/><\/a>\n\t\t\t<\/div>\n\t\t\t\t<figcaption class='wp-caption-text gallery-caption' id='gallery-1-1752'>\n\t\t\t\tTelescopio\n\t\t\t\t<\/figcaption><\/figure><figure class='gallery-item'>\n\t\t\t<div class='gallery-icon landscape'>\n\t\t\t\t<a href='https:\/\/creena.educacion.navarra.es\/web\/wp-content\/uploads\/2016\/02\/telemicroscopio_jpg.jpg'><img width=\"150\" height=\"150\" src=\"https:\/\/creena.educacion.navarra.es\/web\/wp-content\/uploads\/2016\/02\/telemicroscopio_jpg-150x150.jpg\" class=\"attachment-thumbnail size-thumbnail\" alt=\"Los telemicroscopios montados en gafa permiten enfocar para realizar tareas a distancias cortas, tales como: lecturas prolongadas, manualidades... Es una ayuda que permite adoptar una mayor distancia de trabajo.\" loading=\"lazy\" aria-describedby=\"gallery-1-1756\" \/><\/a>\n\t\t\t<\/div>\n\t\t\t\t<figcaption class='wp-caption-text gallery-caption' id='gallery-1-1756'>\n\t\t\t\tTelemicroscopio\n\t\t\t\t<\/figcaption><\/figure><figure class='gallery-item'>\n\t\t\t<div class='gallery-icon landscape'>\n\t\t\t\t<a href='https:\/\/creena.educacion.navarra.es\/web\/wp-content\/uploads\/2016\/02\/lupas_jpg.jpg'><img width=\"150\" height=\"150\" src=\"https:\/\/creena.educacion.navarra.es\/web\/wp-content\/uploads\/2016\/02\/lupas_jpg-150x150.jpg\" class=\"attachment-thumbnail size-thumbnail\" alt=\"Son lupas pensadas para ser desplazadas con la mano y el alumno debe ajustar y mantener la separaci\u00f3n correcta del texto. Los ojos deben estar cerca de la lente. No es posible escribir f\u00e1cilmente por debajo de este tipo de ayudas de baja visi\u00f3n.\" loading=\"lazy\" aria-describedby=\"gallery-1-1760\" \/><\/a>\n\t\t\t<\/div>\n\t\t\t\t<figcaption class='wp-caption-text gallery-caption' id='gallery-1-1760'>\n\t\t\t\tLupa manual\n\t\t\t\t<\/figcaption><\/figure><figure class='gallery-item'>\n\t\t\t<div class='gallery-icon landscape'>\n\t\t\t\t<a href='https:\/\/creena.educacion.navarra.es\/web\/wp-content\/uploads\/2016\/02\/lupa_soporte_jpg.jpg'><img width=\"150\" height=\"150\" src=\"https:\/\/creena.educacion.navarra.es\/web\/wp-content\/uploads\/2016\/02\/lupa_soporte_jpg-150x150.jpg\" class=\"attachment-thumbnail size-thumbnail\" alt=\"Son lupas que incorporan un soporte para apoyarlas sobre el texto. Tiene la ventaja de mantener la distancia correcta de separaci\u00f3n con el texto y permitir aumentos superiores a la lupa bola.\" loading=\"lazy\" aria-describedby=\"gallery-1-1758\" \/><\/a>\n\t\t\t<\/div>\n\t\t\t\t<figcaption class='wp-caption-text gallery-caption' id='gallery-1-1758'>\n\t\t\t\tLupa con soporte\n\t\t\t\t<\/figcaption><\/figure><figure class='gallery-item'>\n\t\t\t<div class='gallery-icon portrait'>\n\t\t\t\t<a href='https:\/\/creena.educacion.navarra.es\/web\/wp-content\/uploads\/2016\/02\/lupa_TV_jpg.jpg'><img width=\"150\" height=\"150\" src=\"https:\/\/creena.educacion.navarra.es\/web\/wp-content\/uploads\/2016\/02\/lupa_TV_jpg-150x150.jpg\" class=\"attachment-thumbnail size-thumbnail\" alt=\"Es una ayuda electr\u00f3nica de ampliaci\u00f3n, que permite aumentar la imagen en la pantalla de un monitor mediante un circuito cerrado de televisi\u00f3n. Consta de: un monitor, una superficie deslizante sobre la que se coloca el material de lectura, una c\u00e1mara y un sistema \u00f3ptico Podemos aumentar la imagen y el texto hasta 60 veces (60X). Se puede ajustar el brillo y el contraste e incluso invertir el color de la imagen. Es recomendable cuando la visi\u00f3n no permite utilizar otros instrumentos \u00f3pticos o no se consiguen con ellos buenos resultados.\" loading=\"lazy\" aria-describedby=\"gallery-1-1762\" \/><\/a>\n\t\t\t<\/div>\n\t\t\t\t<figcaption class='wp-caption-text gallery-caption' id='gallery-1-1762'>\n\t\t\t\tLupa TV*\n\t\t\t\t<\/figcaption><\/figure><figure class='gallery-item'>\n\t\t\t<div class='gallery-icon landscape'>\n\t\t\t\t<a href='https:\/\/creena.educacion.navarra.es\/web\/wp-content\/uploads\/2016\/02\/lupa_TV_portatil_jpg.jpg'><img width=\"150\" height=\"150\" src=\"https:\/\/creena.educacion.navarra.es\/web\/wp-content\/uploads\/2016\/02\/lupa_TV_portatil_jpg-150x150.jpg\" class=\"attachment-thumbnail size-thumbnail\" alt=\"Lupa TV port\u00e1til en color, conectable a ordenador personal\/port\u00e1til por USB, directamente a un monitor VGA, al televisor o a cualquier pantalla externa. Dispone de software que permite la visualizaci\u00f3n sobre la pantalla del PC. La c\u00e1mara dispone de enfoque de cerca, a distancia y autoenfoque\" loading=\"lazy\" aria-describedby=\"gallery-1-1764\" \/><\/a>\n\t\t\t<\/div>\n\t\t\t\t<figcaption class='wp-caption-text gallery-caption' id='gallery-1-1764'>\n\t\t\t\tLupa TV portatil*\n\t\t\t\t<\/figcaption><\/figure>\n\t\t<\/div>\n\n","protected":false},"excerpt":{"rendered":"<p>Materiales que proporciona la ONCE a sus afiliados como adaptaci\u00f3n al puesto de estudio<\/p>\n","protected":false},"author":1,"featured_media":0,"parent":1728,"menu_order":0,"comment_status":"closed","ping_status":"closed","template":"","meta":{"_genesis_hide_title":false,"_genesis_hide_breadcrumbs":false,"_genesis_hide_singular_image":false,"_genesis_hide_footer_widgets":false,"_genesis_custom_body_class":"","_genesis_custom_post_class":"","_genesis_layout":"content-sidebar"},"_links":{"self":[{"href":"https:\/\/creena.educacion.navarra.es\/web\/wp-json\/wp\/v2\/pages\/1726"}],"collection":[{"href":"https:\/\/creena.educacion.navarra.es\/web\/wp-json\/wp\/v2\/pages"}],"about":[{"href":"https:\/\/creena.educacion.navarra.es\/web\/wp-json\/wp\/v2\/types\/page"}],"author":[{"embeddable":true,"href":"https:\/\/creena.educacion.navarra.es\/web\/wp-json\/wp\/v2\/users\/1"}],"replies":[{"embeddable":true,"href":"https:\/\/creena.educacion.navarra.es\/web\/wp-json\/wp\/v2\/comments?post=1726"}],"version-history":[{"count":28,"href":"https:\/\/creena.educacion.navarra.es\/web\/wp-json\/wp\/v2\/pages\/1726\/revisions"}],"predecessor-version":[{"id":3832,"href":"https:\/\/creena.educacion.navarra.es\/web\/wp-json\/wp\/v2\/pages\/1726\/revisions\/3832"}],"up":[{"embeddable":true,"href":"https:\/\/creena.educacion.navarra.es\/web\/wp-json\/wp\/v2\/pages\/1728"}],"wp:attachment":[{"href":"https:\/\/creena.educacion.navarra.es\/web\/wp-json\/wp\/v2\/media?parent=1726"}],"curies":[{"name":"wp","href":"https:\/\/api.w.org\/{rel}","templated":true}]}}