{"id":1728,"date":"2016-02-02T11:07:50","date_gmt":"2016-02-02T10:07:50","guid":{"rendered":"http:\/\/creena.educacion.navarra.es\/web\/?page_id=1728"},"modified":"2024-10-03T08:58:47","modified_gmt":"2024-10-03T06:58:47","slug":"galeria-de-materiales","status":"publish","type":"page","link":"https:\/\/creena.educacion.navarra.es\/web\/necesidades-educativas-especiales\/equipo-visuales\/recursos-auditivos\/galeria-de-materiales\/","title":{"rendered":"Galer\u00eda de materiales"},"content":{"rendered":"<ul>\n<li><a href=\"https:\/\/creena.educacion.navarra.es\/web\/necesidades-educativas-especiales\/equipo-visuales\/recursos-auditivos\/galeria-de-materiales\/material-de-adaptacion-al-puesto-de-estudio\/\">Material de adaptaci\u00f3n al puesto de estudio<\/a><\/li>\n<li style=\"text-align: left;\"><a href=\"https:\/\/creena.educacion.navarra.es\/web\/necesidades-educativas-especiales\/equipo-visuales\/recursos-auditivos\/galeria-de-materiales\/material-optico\/\">Material \u00f3ptico<\/a><\/li>\n<li style=\"text-align: left;\"><a href=\"https:\/\/creena.educacion.navarra.es\/web\/necesidades-educativas-especiales\/equipo-visuales\/recursos-auditivos\/galeria-de-materiales\/material-tecnologico\/\">Material tecnol\u00f3gico<\/a><\/li>\n<li style=\"text-align: left;\"><a href=\"https:\/\/creena.educacion.navarra.es\/web\/necesidades-educativas-especiales\/equipo-visuales\/recursos-auditivos\/galeria-de-materiales\/material-didacticov\/\">Material did\u00e1ctico<\/a><\/li>\n<\/ul>\n","protected":false},"excerpt":{"rendered":"<p>Material de adaptaci\u00f3n al puesto de estudio Material \u00f3ptico Material tecnol\u00f3gico Material did\u00e1ctico<\/p>\n","protected":false},"author":1,"featured_media":0,"parent":507,"menu_order":1,"comment_status":"closed","ping_status":"closed","template":"","meta":{"_genesis_hide_title":false,"_genesis_hide_breadcrumbs":false,"_genesis_hide_singular_image":false,"_genesis_hide_footer_widgets":false,"_genesis_custom_body_class":"","_genesis_custom_post_class":"","_genesis_layout":"content-sidebar"},"_links":{"self":[{"href":"https:\/\/creena.educacion.navarra.es\/web\/wp-json\/wp\/v2\/pages\/1728"}],"collection":[{"href":"https:\/\/creena.educacion.navarra.es\/web\/wp-json\/wp\/v2\/pages"}],"about":[{"href":"https:\/\/creena.educacion.navarra.es\/web\/wp-json\/wp\/v2\/types\/page"}],"author":[{"embeddable":true,"href":"https:\/\/creena.educacion.navarra.es\/web\/wp-json\/wp\/v2\/users\/1"}],"replies":[{"embeddable":true,"href":"https:\/\/creena.educacion.navarra.es\/web\/wp-json\/wp\/v2\/comments?post=1728"}],"version-history":[{"count":5,"href":"https:\/\/creena.educacion.navarra.es\/web\/wp-json\/wp\/v2\/pages\/1728\/revisions"}],"predecessor-version":[{"id":17222,"href":"https:\/\/creena.educacion.navarra.es\/web\/wp-json\/wp\/v2\/pages\/1728\/revisions\/17222"}],"up":[{"embeddable":true,"href":"https:\/\/creena.educacion.navarra.es\/web\/wp-json\/wp\/v2\/pages\/507"}],"wp:attachment":[{"href":"https:\/\/creena.educacion.navarra.es\/web\/wp-json\/wp\/v2\/media?parent=1728"}],"curies":[{"name":"wp","href":"https:\/\/api.w.org\/{rel}","templated":true}]}}