{"id":17588,"date":"2023-09-27T09:03:50","date_gmt":"2023-09-27T07:03:50","guid":{"rendered":"https:\/\/creena.educacion.navarra.es\/web\/?page_id=17588"},"modified":"2025-09-26T10:37:24","modified_gmt":"2025-09-26T08:37:24","slug":"estructura-del-creena","status":"publish","type":"page","link":"https:\/\/creena.educacion.navarra.es\/web\/informacion-generalg\/estructura-del-creena\/","title":{"rendered":"Estructura del CREENA"},"content":{"rendered":"\n<p>El <strong>CREENA<\/strong> presenta una doble estructura: en <strong>\u00e1reas<\/strong> y en <strong>programa<\/strong>s.<\/p>\n\n\n\n<h3>\u00c1REAS<\/h3>\n\n\n\n<div class=\"wp-block-columns\">\n<div class=\"wp-block-column\">\n<h5 class=\"has-vivid-red-background-color has-background\">\u00c1REA DE ASESORAMIENTO Y ACOMPA\u00d1AMIENTO<\/h5>\n\n\n\n<p class=\"has-pale-pink-background-color has-background\" style=\"font-size:14px\">Asesoramiento y acompa\u00f1amiento t\u00e9cnico al profesorado, especialmente en el propio centro educativo.<br><br><br><\/p>\n<\/div>\n\n\n\n<div class=\"wp-block-column\">\n<h5 class=\"has-vivid-green-cyan-background-color has-background\">\u00c1REA DE INNOVACI\u00d3N<br><br><\/h5>\n\n\n\n<p class=\"has-light-green-cyan-background-color has-background\" style=\"font-size:14px\">Estudiar y promover los avances en las pr\u00e1cticas e itinerarios en el campo de atenci\u00f3n a la diversidad, as\u00ed como conocer las necesidades de formaci\u00f3n de la comunidad educativa.<\/p>\n<\/div>\n\n\n\n<div class=\"wp-block-column\">\n<h5 class=\"has-vivid-cyan-blue-background-color has-background\">\u00c1REA DE GESTI\u00d3N<br><br><br><\/h5>\n\n\n\n<p class=\"has-pale-cyan-blue-background-color has-background\" style=\"font-size:14px\">Asesoramiento al Departamento de Educaci\u00f3n, a demanda de \u00e9ste o por propia iniciativa.<br><br><br><\/p>\n<\/div>\n<\/div>\n\n\n\n<h3>PROGRAMAS<\/h3>\n\n\n\n<ul class=\"has-background\" style=\"background-color:#edbff8\"><li><strong>Programa de transformaci\u00f3n de centros y dise\u00f1o universal de aprendizaje (DUA) para la inclusi\u00f3n<\/strong>: tendr\u00e1 como objetivo el asesoramiento a los centros en su progresiva transformaci\u00f3n, desarrollando respuestas educativas para todo el alumnado desde las programaciones de aula. (\u00c1mbitos: Altas Capacidades. Dificultades de Aprendizaje)<\/li><li><strong>Programa de necesidades educativas especiales<\/strong>: asesorar\u00e1 a los centros educativos en el dise\u00f1o de apoyos y atenciones educativas espec\u00edficas que favorezcan la inclusi\u00f3n del alumnado que afronta barreras que limitan su acceso, presencia, participaci\u00f3n y aprendizaje, derivadas de la discapacidad. Para ello contar\u00e1 con el apoyo de los centros de educaci\u00f3n especial, enriqueciendo al resto de los centros con su experiencia. (\u00c1mbitos: Discapacidad intelectual y TEA)<\/li><li><strong>Programa de comunicaci\u00f3n<\/strong>: lograr\u00e1 desarrollar todas las competencias comunicativas del alumnado. (\u00c1mbitos: Auditivos y Lenguaje. Dificultades de Aprendizaje)<\/li><li><strong>Programa de autonom\u00eda, accesibilidad y empleo<\/strong>: tendr\u00e1 como objetivo lograr autonom\u00eda, favorecer el acceso y la participaci\u00f3n de todo el alumnado en los diferentes entornos de aprendizaje, as\u00ed como favorecer la incorporaci\u00f3n al mundo laboral. (\u00c1mbitos: discapacidad motriz, discapacidad visual, FPE, GEA e inserci\u00f3n laboral)<\/li><li><strong>Programa de conducta<\/strong>: colaborar\u00e1 con los centros en su capacitaci\u00f3n en el afrontamiento de los problemas de conducta que conllevan una grave desregularizaci\u00f3n del alumnado.<\/li><li><strong>Programa de atenci\u00f3n temprana<\/strong>: detectar\u00e1, intervendr\u00e1 y propondr\u00e1 medidas de prevenci\u00f3n de dificultades en el desarrollo para garantizar la inclusi\u00f3n desde el primer ciclo de educaci\u00f3n infantil de alumnado con necesidades espec\u00edficas de apoyo educativo, facilitando la transici\u00f3n inclusiva al segundo ciclo de educaci\u00f3n infantil.<\/li><li><strong>Programa de atenci\u00f3n hospitalaria y domiciliaria<\/strong>: atender\u00e1 las aulas hospitalarias y al alumnado convaleciente en su domicilio, para garantizar el derecho a la educaci\u00f3n de todo el alumnado.<\/li><li><strong>Programa de informaci\u00f3n y medios<\/strong>, \u00c1mbitos: Servicios a la Comunidad, Internacionalizaci\u00f3n, Documentaci\u00f3n y TICs<\/li><\/ul>\n\n\n\n<p><\/p>\n","protected":false},"excerpt":{"rendered":"<p>El CREENA presenta una doble estructura: en \u00e1reas y en programas. \u00c1REAS \u00c1REA DE ASESORAMIENTO Y ACOMPA\u00d1AMIENTO Asesoramiento y acompa\u00f1amiento t\u00e9cnico al profesorado, especialmente en el propio centro educativo. \u00c1REA DE INNOVACI\u00d3N Estudiar y promover los avances en las pr\u00e1cticas e itinerarios en el campo de atenci\u00f3n a la diversidad, as\u00ed como conocer las necesidades [&hellip;]<\/p>\n","protected":false},"author":1,"featured_media":0,"parent":29,"menu_order":0,"comment_status":"closed","ping_status":"closed","template":"","meta":{"_genesis_hide_title":false,"_genesis_hide_breadcrumbs":false,"_genesis_hide_singular_image":false,"_genesis_hide_footer_widgets":false,"_genesis_custom_body_class":"","_genesis_custom_post_class":"","_genesis_layout":""},"_links":{"self":[{"href":"https:\/\/creena.educacion.navarra.es\/web\/wp-json\/wp\/v2\/pages\/17588"}],"collection":[{"href":"https:\/\/creena.educacion.navarra.es\/web\/wp-json\/wp\/v2\/pages"}],"about":[{"href":"https:\/\/creena.educacion.navarra.es\/web\/wp-json\/wp\/v2\/types\/page"}],"author":[{"embeddable":true,"href":"https:\/\/creena.educacion.navarra.es\/web\/wp-json\/wp\/v2\/users\/1"}],"replies":[{"embeddable":true,"href":"https:\/\/creena.educacion.navarra.es\/web\/wp-json\/wp\/v2\/comments?post=17588"}],"version-history":[{"count":15,"href":"https:\/\/creena.educacion.navarra.es\/web\/wp-json\/wp\/v2\/pages\/17588\/revisions"}],"predecessor-version":[{"id":19297,"href":"https:\/\/creena.educacion.navarra.es\/web\/wp-json\/wp\/v2\/pages\/17588\/revisions\/19297"}],"up":[{"embeddable":true,"href":"https:\/\/creena.educacion.navarra.es\/web\/wp-json\/wp\/v2\/pages\/29"}],"wp:attachment":[{"href":"https:\/\/creena.educacion.navarra.es\/web\/wp-json\/wp\/v2\/media?parent=17588"}],"curies":[{"name":"wp","href":"https:\/\/api.w.org\/{rel}","templated":true}]}}