{"id":17732,"date":"2023-12-11T08:52:34","date_gmt":"2023-12-11T07:52:34","guid":{"rendered":"https:\/\/creena.educacion.navarra.es\/web\/?page_id=17732"},"modified":"2026-03-17T10:09:35","modified_gmt":"2026-03-17T09:09:35","slug":"correccion-pruebas","status":"publish","type":"page","link":"https:\/\/creena.educacion.navarra.es\/web\/gestion-informacion-y-medios\/biblioteca\/correccion-pruebas\/","title":{"rendered":"Correcci\u00f3n pruebas"},"content":{"rendered":"\n<p>Se realizar\u00e1n 6 correcciones a cada orientador u orientadora (de los centros educativos p\u00fablicos y concertados de Navarra) en cada una de las pruebas que funcionan por usos. Estos usos no se computar\u00e1n por curso escolar, sino que a cada orientador u orientadora se le realizar\u00e1n esas 6 correcciones a lo largo de su trayectoria profesional con el fin de que conozca la prueba y no tenga que comprar el paquete de 25 usos desde un principio sin conocer la prueba.<\/p>\n\n\n\n<p>Las pruebas que se corrigen mediante usos (6 correcciones en cada una de ellas) son:  ABAS-II, ADITEC, ATENTO, AVE, BANETA, BARON, BAS3, BAT-7, BRIEF-P, BRIEF-2, BP-R,&nbsp; CEA, CECAD, CEG-infantil,&nbsp; CPQ, CSAT-R, CUMANIN-2, DABS, DIX, DP-3, DIVISA, EDICOLE, ESPQ, E-TDAH, EVALEC, EVAMAT, EVT-3, EXPLORA, IPP-R, MATRICES, NEURO-KID, PEAI, PERFIL SENSORIAL, PREDISCAL, PROLEC-SE-R, PROLEXIA, QPAD, RAVENS, SENA, TAMAI, TONI-4. <br>Para corregir estas pruebas se deben mandar mediante el <a rel=\"noreferrer noopener\" href=\"https:\/\/docs.google.com\/forms\/d\/e\/1FAIpQLSd-sQyvR0T4nZ3CL8riVerGkvFX8jhhWoQGGb4AmnrzN3oIAQ\/viewform\" target=\"_blank\"><strong>FORMULARIO<\/strong><\/a>.<\/p>\n\n\n\n<p>Las pruebas que se corrigen con programa instalado en CREENA (correcciones ilimitadas):  Leiter-3, EMAV, EMLE, EMA-DDA, EDAC.<br>Para corregir  Leiter se debe mandar mediante el <a rel=\"noreferrer noopener\" href=\"https:\/\/docs.google.com\/forms\/d\/e\/1FAIpQLSd-sQyvR0T4nZ3CL8riVerGkvFX8jhhWoQGGb4AmnrzN3oIAQ\/viewform\" target=\"_blank\"><strong>FORMULARIO<\/strong><\/a>.<br>Para corregir EMAV, EMLE, EMA-DDA y EDAC se deben mandar al correo: <a href=\"mailto:creendoc@educacion.navarra.es\">creendoc@educacion.navarra.es<\/a>, o llamando\/wasap al tel\u00e9fono 848431246<\/p>\n","protected":false},"excerpt":{"rendered":"<p>Se realizar\u00e1n 6 correcciones a cada orientador u orientadora (de los centros educativos p\u00fablicos y concertados de Navarra) en cada una de las pruebas que funcionan por usos. Estos usos no se computar\u00e1n por curso escolar, sino que a cada orientador u orientadora se le realizar\u00e1n esas 6 correcciones a lo largo de su trayectoria [&hellip;]<\/p>\n","protected":false},"author":1,"featured_media":0,"parent":119,"menu_order":0,"comment_status":"closed","ping_status":"closed","template":"","meta":{"_genesis_hide_title":false,"_genesis_hide_breadcrumbs":false,"_genesis_hide_singular_image":false,"_genesis_hide_footer_widgets":false,"_genesis_custom_body_class":"","_genesis_custom_post_class":"","_genesis_layout":""},"_links":{"self":[{"href":"https:\/\/creena.educacion.navarra.es\/web\/wp-json\/wp\/v2\/pages\/17732"}],"collection":[{"href":"https:\/\/creena.educacion.navarra.es\/web\/wp-json\/wp\/v2\/pages"}],"about":[{"href":"https:\/\/creena.educacion.navarra.es\/web\/wp-json\/wp\/v2\/types\/page"}],"author":[{"embeddable":true,"href":"https:\/\/creena.educacion.navarra.es\/web\/wp-json\/wp\/v2\/users\/1"}],"replies":[{"embeddable":true,"href":"https:\/\/creena.educacion.navarra.es\/web\/wp-json\/wp\/v2\/comments?post=17732"}],"version-history":[{"count":35,"href":"https:\/\/creena.educacion.navarra.es\/web\/wp-json\/wp\/v2\/pages\/17732\/revisions"}],"predecessor-version":[{"id":19603,"href":"https:\/\/creena.educacion.navarra.es\/web\/wp-json\/wp\/v2\/pages\/17732\/revisions\/19603"}],"up":[{"embeddable":true,"href":"https:\/\/creena.educacion.navarra.es\/web\/wp-json\/wp\/v2\/pages\/119"}],"wp:attachment":[{"href":"https:\/\/creena.educacion.navarra.es\/web\/wp-json\/wp\/v2\/media?parent=17732"}],"curies":[{"name":"wp","href":"https:\/\/api.w.org\/{rel}","templated":true}]}}