{"id":18862,"date":"2025-02-20T09:59:36","date_gmt":"2025-02-20T08:59:36","guid":{"rendered":"https:\/\/creena.educacion.navarra.es\/web\/?page_id=18862"},"modified":"2025-02-21T09:09:58","modified_gmt":"2025-02-21T08:09:58","slug":"informacion-l","status":"publish","type":"page","link":"https:\/\/creena.educacion.navarra.es\/web\/necesidades-educativas-especificas\/dif-de-lenguaje-oral\/informacion-l\/","title":{"rendered":"Informaci\u00f3n"},"content":{"rendered":"\n<ul><li><a href=\"https:\/\/creena.educacion.navarra.es\/web\/necesidades-educativas-especificas\/dif-de-lenguaje-oral\/informacion-l\/composicion-del-programa-l\/\">Composici\u00f3n del programa<\/a><\/li><li><a href=\"https:\/\/creena.educacion.navarra.es\/web\/necesidades-educativas-especificas\/dif-de-lenguaje-oral\/informacion-l\/funciones-l\/\">Funciones<\/a><\/li><li><a href=\"https:\/\/creena.educacion.navarra.es\/web\/necesidades-educativas-especificas\/dif-de-lenguaje-oral\/informacion-l\/ambito-de-intervencion-l\/\">\u00c1mbito de intervenci\u00f3n<\/a><\/li><li><a href=\"https:\/\/creena.educacion.navarra.es\/web\/necesidades-educativas-especificas\/dif-de-lenguaje-oral\/informacion-l\/criterios-de-intervencion-l\/\">Criterios de intervenci\u00f3n<\/a><\/li><\/ul>\n","protected":false},"excerpt":{"rendered":"<p>Composici\u00f3n del programa Funciones \u00c1mbito de intervenci\u00f3n Criterios de intervenci\u00f3n<\/p>\n","protected":false},"author":1,"featured_media":0,"parent":12701,"menu_order":0,"comment_status":"closed","ping_status":"closed","template":"","meta":{"_genesis_hide_title":false,"_genesis_hide_breadcrumbs":false,"_genesis_hide_singular_image":false,"_genesis_hide_footer_widgets":false,"_genesis_custom_body_class":"","_genesis_custom_post_class":"","_genesis_layout":""},"_links":{"self":[{"href":"https:\/\/creena.educacion.navarra.es\/web\/wp-json\/wp\/v2\/pages\/18862"}],"collection":[{"href":"https:\/\/creena.educacion.navarra.es\/web\/wp-json\/wp\/v2\/pages"}],"about":[{"href":"https:\/\/creena.educacion.navarra.es\/web\/wp-json\/wp\/v2\/types\/page"}],"author":[{"embeddable":true,"href":"https:\/\/creena.educacion.navarra.es\/web\/wp-json\/wp\/v2\/users\/1"}],"replies":[{"embeddable":true,"href":"https:\/\/creena.educacion.navarra.es\/web\/wp-json\/wp\/v2\/comments?post=18862"}],"version-history":[{"count":10,"href":"https:\/\/creena.educacion.navarra.es\/web\/wp-json\/wp\/v2\/pages\/18862\/revisions"}],"predecessor-version":[{"id":18962,"href":"https:\/\/creena.educacion.navarra.es\/web\/wp-json\/wp\/v2\/pages\/18862\/revisions\/18962"}],"up":[{"embeddable":true,"href":"https:\/\/creena.educacion.navarra.es\/web\/wp-json\/wp\/v2\/pages\/12701"}],"wp:attachment":[{"href":"https:\/\/creena.educacion.navarra.es\/web\/wp-json\/wp\/v2\/media?parent=18862"}],"curies":[{"name":"wp","href":"https:\/\/api.w.org\/{rel}","templated":true}]}}