{"id":18863,"date":"2025-02-20T10:06:46","date_gmt":"2025-02-20T09:06:46","guid":{"rendered":"https:\/\/creena.educacion.navarra.es\/web\/?page_id=18863"},"modified":"2025-02-21T09:15:09","modified_gmt":"2025-02-21T08:15:09","slug":"composicion-del-programa-l","status":"publish","type":"page","link":"https:\/\/creena.educacion.navarra.es\/web\/necesidades-educativas-especificas\/dif-de-lenguaje-oral\/informacion-l\/composicion-del-programa-l\/","title":{"rendered":"Composici\u00f3n del programa"},"content":{"rendered":"\n<p><strong>El Programa de comunicaci\u00f3n<\/strong>: lograr\u00e1 desarrollar todas las competencias comunicativas del alumnado. (\u00c1mbitos: Auditivos y Lenguaje. Dificultades de Aprendizaje)<\/p>\n\n\n\n<ul><li>Profesorado especializado en orientaci\u00f3n escolar.<\/li><li>Profesorado especializado en audici\u00f3n y lenguaje, perfil castellano y euskera<\/li><\/ul>\n","protected":false},"excerpt":{"rendered":"<p>El Programa de comunicaci\u00f3n: lograr\u00e1 desarrollar todas las competencias comunicativas del alumnado. (\u00c1mbitos: Auditivos y Lenguaje. Dificultades de Aprendizaje) Profesorado especializado en orientaci\u00f3n escolar. Profesorado especializado en audici\u00f3n y lenguaje, perfil castellano y euskera<\/p>\n","protected":false},"author":1,"featured_media":0,"parent":18862,"menu_order":0,"comment_status":"closed","ping_status":"closed","template":"","meta":{"_genesis_hide_title":false,"_genesis_hide_breadcrumbs":false,"_genesis_hide_singular_image":false,"_genesis_hide_footer_widgets":false,"_genesis_custom_body_class":"","_genesis_custom_post_class":"","_genesis_layout":""},"_links":{"self":[{"href":"https:\/\/creena.educacion.navarra.es\/web\/wp-json\/wp\/v2\/pages\/18863"}],"collection":[{"href":"https:\/\/creena.educacion.navarra.es\/web\/wp-json\/wp\/v2\/pages"}],"about":[{"href":"https:\/\/creena.educacion.navarra.es\/web\/wp-json\/wp\/v2\/types\/page"}],"author":[{"embeddable":true,"href":"https:\/\/creena.educacion.navarra.es\/web\/wp-json\/wp\/v2\/users\/1"}],"replies":[{"embeddable":true,"href":"https:\/\/creena.educacion.navarra.es\/web\/wp-json\/wp\/v2\/comments?post=18863"}],"version-history":[{"count":2,"href":"https:\/\/creena.educacion.navarra.es\/web\/wp-json\/wp\/v2\/pages\/18863\/revisions"}],"predecessor-version":[{"id":18963,"href":"https:\/\/creena.educacion.navarra.es\/web\/wp-json\/wp\/v2\/pages\/18863\/revisions\/18963"}],"up":[{"embeddable":true,"href":"https:\/\/creena.educacion.navarra.es\/web\/wp-json\/wp\/v2\/pages\/18862"}],"wp:attachment":[{"href":"https:\/\/creena.educacion.navarra.es\/web\/wp-json\/wp\/v2\/media?parent=18863"}],"curies":[{"name":"wp","href":"https:\/\/api.w.org\/{rel}","templated":true}]}}