{"id":18876,"date":"2025-02-20T10:19:27","date_gmt":"2025-02-20T09:19:27","guid":{"rendered":"https:\/\/creena.educacion.navarra.es\/web\/?page_id=18876"},"modified":"2025-02-21T09:08:57","modified_gmt":"2025-02-21T08:08:57","slug":"funciones-l","status":"publish","type":"page","link":"https:\/\/creena.educacion.navarra.es\/web\/necesidades-educativas-especificas\/dif-de-lenguaje-oral\/informacion-l\/funciones-l\/","title":{"rendered":"Funciones"},"content":{"rendered":"\n<ul><li>Colaboraci\u00f3n en la evaluaci\u00f3n, identificaci\u00f3n y orientaci\u00f3n en la respuesta al alumnado con&nbsp; Trastornos de la Comunicaci\u00f3n y Trastornos del Aprendizaje, en el \u00e1mbito de los centros educativos.<\/li><li>Colaboraci\u00f3n en la formaci\u00f3n de profesionales para la atenci\u00f3n a las NEE asociadas a Trastornos de la Comunicaci\u00f3n y Trastornos del Aprendizaje.<\/li><li>Selecci\u00f3n, recopilaci\u00f3n, sistematizaci\u00f3n y elaboraci\u00f3n de propuestas educativas, programas y materiales que contribuyan a la mejora de la atenci\u00f3n al alumnado.<\/li><li>Colaboraci\u00f3n con los centros educativos en la valoraci\u00f3n y desarrollo de proyectos organizativos de la respuesta educativa.<\/li><\/ul>\n","protected":false},"excerpt":{"rendered":"<p>Colaboraci\u00f3n en la evaluaci\u00f3n, identificaci\u00f3n y orientaci\u00f3n en la respuesta al alumnado con&nbsp; Trastornos de la Comunicaci\u00f3n y Trastornos del Aprendizaje, en el \u00e1mbito de los centros educativos. Colaboraci\u00f3n en la formaci\u00f3n de profesionales para la atenci\u00f3n a las NEE asociadas a Trastornos de la Comunicaci\u00f3n y Trastornos del Aprendizaje. Selecci\u00f3n, recopilaci\u00f3n, sistematizaci\u00f3n y elaboraci\u00f3n [&hellip;]<\/p>\n","protected":false},"author":1,"featured_media":0,"parent":18862,"menu_order":0,"comment_status":"closed","ping_status":"closed","template":"","meta":{"_genesis_hide_title":false,"_genesis_hide_breadcrumbs":false,"_genesis_hide_singular_image":false,"_genesis_hide_footer_widgets":false,"_genesis_custom_body_class":"","_genesis_custom_post_class":"","_genesis_layout":""},"_links":{"self":[{"href":"https:\/\/creena.educacion.navarra.es\/web\/wp-json\/wp\/v2\/pages\/18876"}],"collection":[{"href":"https:\/\/creena.educacion.navarra.es\/web\/wp-json\/wp\/v2\/pages"}],"about":[{"href":"https:\/\/creena.educacion.navarra.es\/web\/wp-json\/wp\/v2\/types\/page"}],"author":[{"embeddable":true,"href":"https:\/\/creena.educacion.navarra.es\/web\/wp-json\/wp\/v2\/users\/1"}],"replies":[{"embeddable":true,"href":"https:\/\/creena.educacion.navarra.es\/web\/wp-json\/wp\/v2\/comments?post=18876"}],"version-history":[{"count":2,"href":"https:\/\/creena.educacion.navarra.es\/web\/wp-json\/wp\/v2\/pages\/18876\/revisions"}],"predecessor-version":[{"id":18964,"href":"https:\/\/creena.educacion.navarra.es\/web\/wp-json\/wp\/v2\/pages\/18876\/revisions\/18964"}],"up":[{"embeddable":true,"href":"https:\/\/creena.educacion.navarra.es\/web\/wp-json\/wp\/v2\/pages\/18862"}],"wp:attachment":[{"href":"https:\/\/creena.educacion.navarra.es\/web\/wp-json\/wp\/v2\/media?parent=18876"}],"curies":[{"name":"wp","href":"https:\/\/api.w.org\/{rel}","templated":true}]}}