{"id":18899,"date":"2025-02-20T10:37:02","date_gmt":"2025-02-20T09:37:02","guid":{"rendered":"https:\/\/creena.educacion.navarra.es\/web\/?page_id=18899"},"modified":"2025-02-20T10:38:43","modified_gmt":"2025-02-20T09:38:43","slug":"evaluacion-lenguaje-oral","status":"publish","type":"page","link":"https:\/\/creena.educacion.navarra.es\/web\/necesidades-educativas-especificas\/dif-de-lenguaje-oral\/evaluacion-lenguaje-oral\/","title":{"rendered":"Evaluaci\u00f3n lenguaje oral"},"content":{"rendered":"\n<ul><li><a rel=\"noreferrer noopener\" href=\"https:\/\/drive.google.com\/open?id=0B0eiH-cLhm7INzJwaWFhNHFCREU\" target=\"_blank\">Pruebas de evaluaci\u00f3n psicopedag\u00f3gica espec\u00edficas para Lenguaje<\/a><\/li><li><a rel=\"noreferrer noopener\" href=\"https:\/\/creena.educacion.navarra.es\/web\/protocolos\/dificultades-del-lenguaje-y-tdl\/\" target=\"_blank\">Protocolo de evaluaci\u00f3n: Dificultades especificas de lenguaje oral<\/a><\/li><\/ul>\n","protected":false},"excerpt":{"rendered":"<p>Pruebas de evaluaci\u00f3n psicopedag\u00f3gica espec\u00edficas para Lenguaje Protocolo de evaluaci\u00f3n: Dificultades especificas de lenguaje oral<\/p>\n","protected":false},"author":1,"featured_media":0,"parent":12701,"menu_order":0,"comment_status":"closed","ping_status":"closed","template":"","meta":{"_genesis_hide_title":false,"_genesis_hide_breadcrumbs":false,"_genesis_hide_singular_image":false,"_genesis_hide_footer_widgets":false,"_genesis_custom_body_class":"","_genesis_custom_post_class":"","_genesis_layout":""},"_links":{"self":[{"href":"https:\/\/creena.educacion.navarra.es\/web\/wp-json\/wp\/v2\/pages\/18899"}],"collection":[{"href":"https:\/\/creena.educacion.navarra.es\/web\/wp-json\/wp\/v2\/pages"}],"about":[{"href":"https:\/\/creena.educacion.navarra.es\/web\/wp-json\/wp\/v2\/types\/page"}],"author":[{"embeddable":true,"href":"https:\/\/creena.educacion.navarra.es\/web\/wp-json\/wp\/v2\/users\/1"}],"replies":[{"embeddable":true,"href":"https:\/\/creena.educacion.navarra.es\/web\/wp-json\/wp\/v2\/comments?post=18899"}],"version-history":[{"count":1,"href":"https:\/\/creena.educacion.navarra.es\/web\/wp-json\/wp\/v2\/pages\/18899\/revisions"}],"predecessor-version":[{"id":18900,"href":"https:\/\/creena.educacion.navarra.es\/web\/wp-json\/wp\/v2\/pages\/18899\/revisions\/18900"}],"up":[{"embeddable":true,"href":"https:\/\/creena.educacion.navarra.es\/web\/wp-json\/wp\/v2\/pages\/12701"}],"wp:attachment":[{"href":"https:\/\/creena.educacion.navarra.es\/web\/wp-json\/wp\/v2\/media?parent=18899"}],"curies":[{"name":"wp","href":"https:\/\/api.w.org\/{rel}","templated":true}]}}