{"id":18907,"date":"2025-02-20T10:44:02","date_gmt":"2025-02-20T09:44:02","guid":{"rendered":"https:\/\/creena.educacion.navarra.es\/web\/?page_id=18907"},"modified":"2025-02-24T09:24:53","modified_gmt":"2025-02-24T08:24:53","slug":"recursos-l","status":"publish","type":"page","link":"https:\/\/creena.educacion.navarra.es\/web\/necesidades-educativas-especificas\/dif-de-lenguaje-oral\/recursos-l\/","title":{"rendered":"Recursos"},"content":{"rendered":"\n<p class=\"has-black-color has-text-color\">Facilitando el desarrollo del lenguaje\/Hizkuntzaren garapena erraztuz. <\/p>\n\n\n\n<p class=\"has-vivid-red-color has-text-color has-small-font-size\">(Revisi\u00f3n febrero 25)<\/p>\n\n\n\n<ul><li>entre 2 y 3 a\u00f1os (castellano)<br><a href=\"https:\/\/drive.google.com\/file\/d\/1dmwNCwDVvOah5p0ci8BXYEwki9ISf5Qe\/view?usp=sharing\" target=\"_blank\" rel=\"noreferrer noopener\">versi\u00f3n tr\u00edptico<\/a>&nbsp;\u2013&nbsp; <a href=\"https:\/\/drive.google.com\/file\/d\/1kGm7rN5c0aQ0jG0-VKMqNJA-zuk4dkjq\/view?usp=drive_link\" target=\"_blank\" rel=\"noreferrer noopener\">versi\u00f3n cartel&nbsp;<\/a><\/li><li>2-3 urte bitarte (euskera).&nbsp;<br><a href=\"https:\/\/drive.google.com\/file\/d\/1HUF6TlG7qBoB-m9B-doSXeGcFlBL4UFw\/view?usp=drive_link\" target=\"_blank\" rel=\"noreferrer noopener\">triptikoa<\/a> \u2013 <a href=\"https:\/\/drive.google.com\/file\/d\/1rSDs7ujrDkJwNIGbEMjSGDEyx75knzg3\/view?usp=drive_link\" target=\"_blank\" rel=\"noreferrer noopener\">kartela<\/a><\/li><li>\u0645\u0627\u0630\u0627 \u062a\u0641\u0639\u0644 \u0627\u0644\u0641\u062a\u064a\u0627\u062a \u0648\u0627\u0644\u0641\u062a\u064a\u0627\u0646 \u0627\u0644\u0630\u064a\u0646 \u062a\u062a\u0631\u0627\u0648\u062d \u0623\u0639\u0645\u0627\u0631\u0647\u0645 \u0628\u064a\u0646 2 \u06483 \u0633\u0646\u0648\u0627\u062a\u061f (\u00e1rabe)<br><a href=\"https:\/\/drive.google.com\/file\/d\/1GGEh9Bp85pB71vbCHX0XL4pE0vP9Hr1C\/view?usp=drive_link\" target=\"_blank\" rel=\"noreferrer noopener\">versi\u00f3n tr\u00edptico<\/a><\/li><li>\u0421\u041e\u0414\u0415\u0419\u0421\u0422\u0412\u0418\u0415 \u0420\u0410\u0417\u0412\u0418\u0422\u0418\u042e \u042f\u0417\u042b\u041a\u0410 \u041e\u0422 2 \u0414\u041e 3 \u041b\u0415\u0422 (ruso)<br><a href=\"https:\/\/drive.google.com\/file\/d\/1ikfp6LXsQo8Uh_Hy3a3BPsfkqzbBdwON\/view?usp=drive_link\" target=\"_blank\" rel=\"noreferrer noopener\">Cartel<\/a><\/li><li>FACILITATING DEVELOPMENT OF LANGUAGE- BETWEEN 2 AND 3 YEARS (Ingl\u00e9s)<br><a href=\"https:\/\/drive.google.com\/file\/d\/1Yo9Yu6IwxnrB1QAEdp89GlE94ZrLry8J\/view?usp=drive_link\" target=\"_blank\" rel=\"noreferrer noopener\">Cartel<\/a><\/li><\/ul>\n","protected":false},"excerpt":{"rendered":"<p>Facilitando el desarrollo del lenguaje\/Hizkuntzaren garapena erraztuz. (Revisi\u00f3n febrero 25) entre 2 y 3 a\u00f1os (castellano)versi\u00f3n tr\u00edptico&nbsp;\u2013&nbsp; versi\u00f3n cartel&nbsp; 2-3 urte bitarte (euskera).&nbsp;triptikoa \u2013 kartela \u0645\u0627\u0630\u0627 \u062a\u0641\u0639\u0644 \u0627\u0644\u0641\u062a\u064a\u0627\u062a \u0648\u0627\u0644\u0641\u062a\u064a\u0627\u0646 \u0627\u0644\u0630\u064a\u0646 \u062a\u062a\u0631\u0627\u0648\u062d \u0623\u0639\u0645\u0627\u0631\u0647\u0645 \u0628\u064a\u0646 2 \u06483 \u0633\u0646\u0648\u0627\u062a\u061f (\u00e1rabe)versi\u00f3n tr\u00edptico \u0421\u041e\u0414\u0415\u0419\u0421\u0422\u0412\u0418\u0415 \u0420\u0410\u0417\u0412\u0418\u0422\u0418\u042e \u042f\u0417\u042b\u041a\u0410 \u041e\u0422 2 \u0414\u041e 3 \u041b\u0415\u0422 (ruso)Cartel FACILITATING DEVELOPMENT OF LANGUAGE- BETWEEN 2 AND 3 [&hellip;]<\/p>\n","protected":false},"author":1,"featured_media":0,"parent":12701,"menu_order":0,"comment_status":"closed","ping_status":"closed","template":"","meta":{"_genesis_hide_title":false,"_genesis_hide_breadcrumbs":false,"_genesis_hide_singular_image":false,"_genesis_hide_footer_widgets":false,"_genesis_custom_body_class":"","_genesis_custom_post_class":"","_genesis_layout":""},"_links":{"self":[{"href":"https:\/\/creena.educacion.navarra.es\/web\/wp-json\/wp\/v2\/pages\/18907"}],"collection":[{"href":"https:\/\/creena.educacion.navarra.es\/web\/wp-json\/wp\/v2\/pages"}],"about":[{"href":"https:\/\/creena.educacion.navarra.es\/web\/wp-json\/wp\/v2\/types\/page"}],"author":[{"embeddable":true,"href":"https:\/\/creena.educacion.navarra.es\/web\/wp-json\/wp\/v2\/users\/1"}],"replies":[{"embeddable":true,"href":"https:\/\/creena.educacion.navarra.es\/web\/wp-json\/wp\/v2\/comments?post=18907"}],"version-history":[{"count":4,"href":"https:\/\/creena.educacion.navarra.es\/web\/wp-json\/wp\/v2\/pages\/18907\/revisions"}],"predecessor-version":[{"id":19006,"href":"https:\/\/creena.educacion.navarra.es\/web\/wp-json\/wp\/v2\/pages\/18907\/revisions\/19006"}],"up":[{"embeddable":true,"href":"https:\/\/creena.educacion.navarra.es\/web\/wp-json\/wp\/v2\/pages\/12701"}],"wp:attachment":[{"href":"https:\/\/creena.educacion.navarra.es\/web\/wp-json\/wp\/v2\/media?parent=18907"}],"curies":[{"name":"wp","href":"https:\/\/api.w.org\/{rel}","templated":true}]}}