{"id":19315,"date":"2025-10-01T08:31:22","date_gmt":"2025-10-01T06:31:22","guid":{"rendered":"https:\/\/creena.educacion.navarra.es\/web\/?page_id=19315"},"modified":"2025-10-01T08:39:37","modified_gmt":"2025-10-01T06:39:37","slug":"protocolos-para-la-deteccion-temprana-de-las-altas-capacidades-tdah-y-dificultades-en-el-lenguaje-escrito","status":"publish","type":"page","link":"https:\/\/creena.educacion.navarra.es\/web\/banco-de-recursos\/protocolos-para-la-deteccion-temprana-de-las-altas-capacidades-tdah-y-dificultades-en-el-lenguaje-escrito\/","title":{"rendered":"Protocolos para la detecci\u00f3n temprana de las altas capacidades, TDAH y dificultades en el lenguaje escrito"},"content":{"rendered":"\n<div class=\"wp-block-image\"><figure class=\"aligncenter size-full is-resized\"><a href=\"https:\/\/creena.educacion.navarra.es\/web\/wp-content\/uploads\/2020\/12\/protocolos.png\"><img loading=\"lazy\" src=\"https:\/\/creena.educacion.navarra.es\/web\/wp-content\/uploads\/2020\/12\/protocolos.png\" alt=\"\" class=\"wp-image-14721\" width=\"207\" height=\"148\" srcset=\"https:\/\/creena.educacion.navarra.es\/web\/wp-content\/uploads\/2020\/12\/protocolos.png 584w, https:\/\/creena.educacion.navarra.es\/web\/wp-content\/uploads\/2020\/12\/protocolos-300x215.png 300w\" sizes=\"(max-width: 207px) 100vw, 207px\" \/><\/a><\/figure><\/div>\n\n\n\n<ul><li>Revisi\u00f3n Junio 2024.&nbsp;<strong>Protocolo de detecci\u00f3n temprana de las dificultades en el lenguaje escrito:<\/strong>&nbsp;<a href=\"https:\/\/drive.google.com\/file\/d\/1Ild7R8QXrqRYDUIJPb3QpzpYipDrNHuz\/view?usp=sharing\" target=\"_blank\" rel=\"noreferrer noopener\">CASTELLANO<\/a>&nbsp;&#8211;&nbsp;<a href=\"https:\/\/drive.google.com\/file\/d\/1PBC4PAEqF73fEyVGgfOfwJd6s2ArA2gE\/view?usp=sharing\" target=\"_blank\" rel=\"noreferrer noopener\">EUSKERA<\/a><ul><li>ANEXO 0.- Cuestionario prematr\u00edcula. Familias.&nbsp;<a href=\"https:\/\/drive.google.com\/file\/d\/17qf4-n725mMpRt-SxT_f5nzP_d-a0xS7\/view?usp=sharing\" target=\"_blank\" rel=\"noreferrer noopener\">CASTELLANO<\/a>&nbsp;&#8211;&nbsp;<a href=\"https:\/\/drive.google.com\/file\/d\/10dhr7gfZoldJG3KBpm5iVREoPELT4967\/view?usp=sharing\" target=\"_blank\" rel=\"noreferrer noopener\">EUSKERA<\/a><\/li><li>ANEXO 1.- Educaci\u00f3n Infantil. Registro individual:&nbsp;<a href=\"https:\/\/drive.google.com\/file\/d\/1JDZtdaWwY4bv0QavZabCv_I1IUFg2rN9\/view?usp=sharing\" target=\"_blank\" rel=\"noreferrer noopener\">CASTELLANO<\/a>&nbsp;&#8211;&nbsp;<a href=\"https:\/\/drive.google.com\/file\/d\/17klUDgoOygjJ-OQ_Z-59DZujA71jLb4P\/view?usp=sharing\" target=\"_blank\" rel=\"noreferrer noopener\">EUSKERA<\/a><\/li><li>ANEXO 2.- Educaci\u00f3n Infantil. Registro colectivo:&nbsp;<a href=\"https:\/\/drive.google.com\/file\/d\/1lMnvm0aKU6j4ssS55ydEt67Relv50IFN\/view?usp=sharing\" target=\"_blank\" rel=\"noreferrer noopener\">CASTELLANO<\/a>&nbsp;&#8211;&nbsp;<a href=\"https:\/\/drive.google.com\/file\/d\/1qt70R2vkJASE8rVtx7-l5edVxsCa455D\/view?usp=sharing\" target=\"_blank\" rel=\"noreferrer noopener\">EUSKERA<\/a><\/li><li>ANEXO 3.- 1\u00ba y 2\u00ba de Educaci\u00f3n Primaria. Registro individual:&nbsp;<a href=\"https:\/\/drive.google.com\/file\/d\/1m0D5UlXm5T-aChUm3iasKhG1XqvQKTuj\/view?usp=sharing\" target=\"_blank\" rel=\"noreferrer noopener\">CASTELLANO<\/a>&nbsp;&#8211;&nbsp;<a href=\"https:\/\/drive.google.com\/file\/d\/1YZ7sS8Y7TZVIHx2BG__aJDwLXC6vr7VZ\/view?usp=sharing\" target=\"_blank\" rel=\"noreferrer noopener\">EUSKERA<\/a><\/li><li>ANEXO 4.- 1\u00ba y 2\u00ba de Educaci\u00f3n Primaria. Registro colectivo:&nbsp;<a href=\"https:\/\/drive.google.com\/file\/d\/1XEyPjWB-z5d89Nn40RdDx5vjeulRCRoB\/view?usp=sharing\" target=\"_blank\" rel=\"noreferrer noopener\">CASTELLANO<\/a>&nbsp;&#8211;&nbsp;<a href=\"https:\/\/drive.google.com\/file\/d\/1--O-UIon8JJQrrnD1jcesbondsFYh3FH\/view?usp=sharing\" target=\"_blank\" rel=\"noreferrer noopener\">EUSKERA<\/a><\/li><li>ANEXO 5.- 3\u00ba y 4\u00ba de Educaci\u00f3n Primaria. Registro individual:&nbsp;<a href=\"https:\/\/drive.google.com\/file\/d\/16iNsPHj5mnUq229sxe2U1giE8CmKr0Lu\/view?usp=sharing\" target=\"_blank\" rel=\"noreferrer noopener\">CASTELLANO<\/a>&nbsp;&#8211;&nbsp;<a href=\"https:\/\/drive.google.com\/file\/d\/1GHgDQB4vunaG59wh6tXJWbbIo81XehE3\/view?usp=sharing\" target=\"_blank\" rel=\"noreferrer noopener\">EUSKERA<\/a><\/li><\/ul><\/li><\/ul>\n\n\n\n<ul><li><strong>Protocolo de detecci\u00f3n precoz de altas capacidades<\/strong>:&nbsp;<a href=\"https:\/\/drive.google.com\/file\/d\/1OdOwNjshUSsSAOsc4oAvW9APOqzYY5Qm\/view?usp=drive_link\" target=\"_blank\" rel=\"noreferrer noopener\">CASTELLANO<\/a>&nbsp;&#8211;&nbsp;<a href=\"https:\/\/drive.google.com\/file\/d\/1YRh2UxCiTkQSyrkw3j_VSbjOrcqHU6dv\/view?usp=drive_link\" target=\"_blank\" rel=\"noreferrer noopener\">EUSKERA<\/a><\/li><\/ul>\n\n\n\n<ul><li><strong>Actualizaci\u00f3n del protocolo de detecci\u00f3n temprana de TDAH<\/strong>:&nbsp;<a href=\"https:\/\/drive.google.com\/file\/d\/1IQGNBv8HTEIB49OGSbDDNkspWaBZpigw\/view?usp=sharing\" target=\"_blank\" rel=\"noreferrer noopener\">CASTELLANO<\/a>&nbsp;&#8211;&nbsp;<a href=\"https:\/\/drive.google.com\/file\/d\/12itHbvxgNiaJ40B0ma-79HAeGOPq8O4I\/view?usp=sharing\" target=\"_blank\" rel=\"noreferrer noopener\">EUSKERA<\/a><\/li><\/ul>\n","protected":false},"excerpt":{"rendered":"<p>Revisi\u00f3n Junio 2024.&nbsp;Protocolo de detecci\u00f3n temprana de las dificultades en el lenguaje escrito:&nbsp;CASTELLANO&nbsp;&#8211;&nbsp;EUSKERA ANEXO 0.- Cuestionario prematr\u00edcula. Familias.&nbsp;CASTELLANO&nbsp;&#8211;&nbsp;EUSKERA ANEXO 1.- Educaci\u00f3n Infantil. Registro individual:&nbsp;CASTELLANO&nbsp;&#8211;&nbsp;EUSKERA ANEXO 2.- Educaci\u00f3n Infantil. Registro colectivo:&nbsp;CASTELLANO&nbsp;&#8211;&nbsp;EUSKERA ANEXO 3.- 1\u00ba y 2\u00ba de Educaci\u00f3n Primaria. Registro individual:&nbsp;CASTELLANO&nbsp;&#8211;&nbsp;EUSKERA ANEXO 4.- 1\u00ba y 2\u00ba de Educaci\u00f3n Primaria. Registro colectivo:&nbsp;CASTELLANO&nbsp;&#8211;&nbsp;EUSKERA ANEXO 5.- 3\u00ba y 4\u00ba [&hellip;]<\/p>\n","protected":false},"author":1,"featured_media":0,"parent":33,"menu_order":0,"comment_status":"closed","ping_status":"closed","template":"","meta":{"_genesis_hide_title":false,"_genesis_hide_breadcrumbs":false,"_genesis_hide_singular_image":false,"_genesis_hide_footer_widgets":false,"_genesis_custom_body_class":"","_genesis_custom_post_class":"","_genesis_layout":""},"_links":{"self":[{"href":"https:\/\/creena.educacion.navarra.es\/web\/wp-json\/wp\/v2\/pages\/19315"}],"collection":[{"href":"https:\/\/creena.educacion.navarra.es\/web\/wp-json\/wp\/v2\/pages"}],"about":[{"href":"https:\/\/creena.educacion.navarra.es\/web\/wp-json\/wp\/v2\/types\/page"}],"author":[{"embeddable":true,"href":"https:\/\/creena.educacion.navarra.es\/web\/wp-json\/wp\/v2\/users\/1"}],"replies":[{"embeddable":true,"href":"https:\/\/creena.educacion.navarra.es\/web\/wp-json\/wp\/v2\/comments?post=19315"}],"version-history":[{"count":1,"href":"https:\/\/creena.educacion.navarra.es\/web\/wp-json\/wp\/v2\/pages\/19315\/revisions"}],"predecessor-version":[{"id":19316,"href":"https:\/\/creena.educacion.navarra.es\/web\/wp-json\/wp\/v2\/pages\/19315\/revisions\/19316"}],"up":[{"embeddable":true,"href":"https:\/\/creena.educacion.navarra.es\/web\/wp-json\/wp\/v2\/pages\/33"}],"wp:attachment":[{"href":"https:\/\/creena.educacion.navarra.es\/web\/wp-json\/wp\/v2\/media?parent=19315"}],"curies":[{"name":"wp","href":"https:\/\/api.w.org\/{rel}","templated":true}]}}