{"id":19350,"date":"2025-10-27T11:28:04","date_gmt":"2025-10-27T10:28:04","guid":{"rendered":"https:\/\/creena.educacion.navarra.es\/web\/?page_id=19350"},"modified":"2026-03-04T15:05:21","modified_gmt":"2026-03-04T14:05:21","slug":"re-aca","status":"publish","type":"page","link":"https:\/\/creena.educacion.navarra.es\/web\/re-aca\/","title":{"rendered":"RE-ACA\/RE-ED"},"content":{"rendered":"\n<p>La OF 69\/2023 de inclusi\u00f3n educativa cita medidas para dar respuesta a las necesidades educativas del alumnado con necesidad espec\u00edfica de apoyo educativo, incluy\u00e9ndose entre ellas las&nbsp; adaptaciones de acceso.<\/p>\n\n\n\n<p>Desde el Centro de Recursos para la Equidad Educativa en Navarra (CREENA) se propone a la red de orientaci\u00f3n y al profesorado de los centros un instrumento para su concreci\u00f3n: un conjunto de documentos que aportan orientaciones referidas a aspectos organizativos, metodol\u00f3gicos y de evaluaci\u00f3n. Su selecci\u00f3n se ha hecho teniendo en cuenta las diferentes necesidades educativas que puede presentar el alumnado con necesidad espec\u00edfica de apoyo educativo.<\/p>\n\n\n\n<p>Como paso previo a adoptar medidas espec\u00edficas como son las adaptaciones de acceso para el alumnado con necesidad espec\u00edfica de apoyo educativo, es imprescindible y prescriptiva la realizaci\u00f3n de una evaluaci\u00f3n psicopedag\u00f3gica previa (art. 11.2 y art. 19.1b, OF 69\/2023) para identificar las necesidades educativas de la alumna o alumno al que se van a aplicar.<\/p>\n\n\n\n<p>La o el responsable de la elaboraci\u00f3n, aplicaci\u00f3n y valoraci\u00f3n de la medida, ser\u00e1 la profesora o el profesor titular de la asignatura y\/o la tutora o tutor. As\u00ed pues, para cada alumno o alumna en concreto, en cada \u00e1mbito o materia, se deber\u00e1 descargar el documento en cuesti\u00f3n y seleccionar en \u00e9l las adaptaciones que se ajusten a sus necesidades educativas.<br>Para m\u00e1s informaci\u00f3n:&nbsp;<\/p>\n\n\n\n<ul><li><a rel=\"noreferrer noopener\" href=\"https:\/\/drive.google.com\/file\/d\/1DINWuj9ndYQhwqaeOg08ZPjuaMDkaUYu\/view?usp=sharing\" target=\"_blank\">Videotutorial para acceder a documentos RE-ACA<\/a><\/li><li><a rel=\"noreferrer noopener\" href=\"https:\/\/drive.google.com\/file\/d\/1hiOdUnQexMS1Jm5DXVpEoen7ScSCVM6O\/view?usp=sharing\" target=\"_blank\">Infograf\u00eda de las Adaptaciones Curriculares de Acceso (RE-ACA) en Navarra<\/a><\/li><li><a rel=\"noreferrer noopener\" href=\"https:\/\/docs.google.com\/document\/d\/e\/2PACX-1vTSUI8OAO1E7-m2N6GalgTqDcpRGMRiSkVqib2PIot6wDAEpybS_RLplvBeYd2Eig\/pub\" target=\"_blank\">\u00cdndice de documentos RE-ACA descargables<\/a><\/li><li><a rel=\"noreferrer noopener\" href=\"https:\/\/docs.google.com\/document\/d\/e\/2PACX-1vSACMPhjFuZnQYrYie2oYcUAK9bjizTX5537M-zZOo6y3Ea7xzO8gwq_uvHAwkI7Q\/pub\" target=\"_blank\">Las Adaptaciones Curriculares de Acceso en el \u00e1mbito de la normativa educativa en Navarra.<\/a><\/li><\/ul>\n\n\n\n<h2><strong>MEDIDAS ESPEC\u00cdFICAS RE-ACA<\/strong><\/h2>\n\n\n\n<h4>Atenci\u00f3n domiciliaria y hospitalaria<\/h4>\n\n\n\n<h5>Domiciliaria<\/h5>\n\n\n\n<ul><li><a href=\"https:\/\/docs.google.com\/document\/d\/12o1HwonkCO4ESFT5XM1BVtudbaq34EnpoiuncTS0nkQ\/edit?usp=drive_link\" target=\"_blank\" rel=\"noreferrer noopener\">Educaci\u00f3n Primaria LOMLOE, Educaci\u00f3n Infantil (2\u00ba ciclo), Educaci\u00f3n Secundaria Obligatoria LOMLOE, Grado D &#8211; B\u00e1sico, Grado D &#8211; B\u00e1sico Espec\u00edfico<\/a><\/li><\/ul>\n\n\n\n<h5>Hospitalaria<\/h5>\n\n\n\n<ul><li><a href=\"https:\/\/docs.google.com\/document\/d\/1o43GUcItyqEyG5oKUS6L8Kl2gcMtlpIQ0k9gwg2yHj4\/edit?usp=drive_link\" target=\"_blank\" rel=\"noreferrer noopener\">Educaci\u00f3n Secundaria Obligatoria LOMLOE, Educaci\u00f3n Infantil (2\u00ba ciclo), Grado D &#8211; B\u00e1sico, Grado D &#8211; B\u00e1sico Espec\u00edfico, Educaci\u00f3n Primaria LOMLOE<\/a><\/li><\/ul>\n\n\n\n<h4>Atenci\u00f3n temprana<\/h4>\n\n\n\n<ul><li><a rel=\"noreferrer noopener\" href=\"https:\/\/docs.google.com\/document\/d\/14Mt_QCJR8RfGB0y0b5jQgLBWOCKQuZ-RZdrD1GJURGc\/edit?usp=drive_link\" target=\"_blank\">Educaci\u00f3n Infantil (1er ciclo)<\/a><\/li><\/ul>\n\n\n\n<h4>Autonom\u00eda, accesibilidad y empleo (AAE)<\/h4>\n\n\n\n<h5>Discapacidad Motora<\/h5>\n\n\n\n<ul><li><a href=\"https:\/\/docs.google.com\/document\/d\/1LtVJipxxGvNpSwtP8TDogb5Fv1tINb35LFHqQm4uPRU\/edit?usp=drive_link\" target=\"_blank\" rel=\"noreferrer noopener\">Educaci\u00f3n Secundaria Obligatoria LOMLOE,&nbsp;Secundaria Obligatoria Para Adultos Distancia LOMCE,&nbsp;Secundaria Obligatoria Para Adultos Presencial LOMCE,&nbsp;Grado D-B\u00e1sico,&nbsp;Grado D-B\u00e1sico Espec\u00edfico<\/a><\/li><li><a href=\"https:\/\/docs.google.com\/document\/d\/1F1op3etf4a5aPLvwcrrLfepoJqy6oX6g9BEx9F1SKhg\/edit?usp=drive_link\" target=\"_blank\" rel=\"noreferrer noopener\">Educaci\u00f3n Primaria LOMLOE<\/a><\/li><li><a href=\"https:\/\/docs.google.com\/document\/d\/1FheuLntc1z1Uf8EdMT2u3AFGwhwIzPehKNiSmxc4EOc\/edit?usp=drive_link\" target=\"_blank\" rel=\"noreferrer noopener\">Educaci\u00f3n Infantil (2\u00ba ciclo)<\/a><\/li><\/ul>\n\n\n\n<h5>Discapacidad Visual<\/h5>\n\n\n\n<ul><li><a href=\"https:\/\/docs.google.com\/document\/d\/1AsZoZGkktyfDQ3ol4-ruC4ZFdXBtueCU6vxdHj5n86c\/edit?usp=drive_link\" target=\"_blank\" rel=\"noreferrer noopener\">Educaci\u00f3n Secundaria Obligatoria LOMLOE,&nbsp;Secundaria Obligatoria Para Adultos Presencial LOMCE,&nbsp;Grado D-B\u00e1sico, Secundaria Obligatoria Para Adultos Distancia LOMCE,&nbsp;Grado D -B\u00e1sico Espec\u00edfico<\/a><\/li><li><a href=\"https:\/\/docs.google.com\/document\/d\/1I7FfNb6CufU73r0QMPeeLTTclGq55A4UiqAlmxKLw4A\/edit?usp=drive_link\" target=\"_blank\" rel=\"noreferrer noopener\">Educaci\u00f3n Primaria LOMLOE<\/a><\/li><li><a href=\"https:\/\/docs.google.com\/document\/d\/1GhMJN9VcalyA4UbKY0Okj11KgPGCUyy3uVb6va2M800\/edit?usp=drive_link\" target=\"_blank\" rel=\"noreferrer noopener\">Educaci\u00f3n Infantil (2\u00ba ciclo)<\/a><\/li><\/ul>\n\n\n\n<h5>Formaci\u00f3n Profesional Especial<\/h5>\n\n\n\n<ul><li><a href=\"https:\/\/docs.google.com\/document\/d\/185jd0vgIDOlGV-BkMU9F4hRvpUllA-IQwFKy9Yn5juQ\/edit?usp=drive_link\" target=\"_blank\" rel=\"noreferrer noopener\">Formaci\u00f3n Profesional Especial<\/a><\/li><\/ul>\n\n\n\n<h4>Comunicaci\u00f3n<\/h4>\n\n\n\n<h5>Discapacidad auditiva<\/h5>\n\n\n\n<ul><li><a href=\"https:\/\/docs.google.com\/document\/d\/1EOpJ6nWLU3-VZoOSRRWM0Amn3aro32aSCsesTQXW4oM\/edit?usp=drive_link\" target=\"_blank\" rel=\"noreferrer noopener\">Educaci\u00f3n Secundaria Obligatoria LOMLOE, Secundaria Obligatoria Para Adultos Distancia LOMCE, Secundaria Obligatoria Para Adultos Presencial LOMCE, Grado D-B\u00e1sico Espec\u00edfico, Grado D-B\u00e1sico<\/a><\/li><li><a href=\"https:\/\/docs.google.com\/document\/d\/1UvrjVUxoXWWsR_Qo61utf1lmPR4VNPRK94VcDDEfkb4\/edit?usp=drive_link\" target=\"_blank\" rel=\"noreferrer noopener\">Educaci\u00f3n Primaria LOMLOE<\/a><\/li><li><a href=\"https:\/\/docs.google.com\/document\/d\/1jrrfaILLcyoHWllYO9BAZ4iytcmFM6OeUmioC8Hw7y0\/edit?usp=drive_link\" target=\"_blank\" rel=\"noreferrer noopener\">Educaci\u00f3n Infantil (2\u00ba ciclo)<\/a><\/li><\/ul>\n\n\n\n<h5>Trastorno del desarrollo del lenguaje<\/h5>\n\n\n\n<ul><li><a href=\"https:\/\/docs.google.com\/document\/d\/10EMA6CjgLDfai1N3rCEjZMU-U2ZZcgORrgrDOf5eV2g\/edit?usp=drive_link\" target=\"_blank\" rel=\"noreferrer noopener\">Educaci\u00f3n Secundaria Obligatoria LOMLOE, Secundaria Obligatoria Para Adultos Presencial LOMCE, Grado D-B\u00e1sico, Secundaria Obligatoria Para Adultos Distancia LOMCE, Grado D-B\u00e1sico Espec\u00edfico<\/a><\/li><li><a href=\"https:\/\/docs.google.com\/document\/d\/1rakvv8kwrVL0gHaZA50PgJAqYUCb_jpbvqzBa9bHJ9c\/edit?usp=drive_link\" target=\"_blank\" rel=\"noreferrer noopener\">Educaci\u00f3n Primaria LOMLOE<\/a><\/li><li><a href=\"https:\/\/docs.google.com\/document\/d\/1O5HHiBcIa7dHF_bseQ2Fo7yKQDpqA6XL185E6SBXAYg\/edit?usp=drive_link\" target=\"_blank\" rel=\"noreferrer noopener\">Educaci\u00f3n Infantil (2\u00ba ciclo)<\/a><\/li><\/ul>\n\n\n\n<h5>Trastornos de aprendizaje<\/h5>\n\n\n\n<ul><li><a href=\"https:\/\/docs.google.com\/document\/d\/1vfOkUmwUwebkguhJhsNUdAepZIEQCMfsiA1wOdaWcM4\/edit?usp=drive_link\" target=\"_blank\" rel=\"noreferrer noopener\">Secundaria Obligatoria Para Adultos Distancia LOMCE, Educaci\u00f3n Secundaria Obligatoria LOMLOE, Secundaria Obligatoria Para Adultos Presencial LOMCE, Grado D-B\u00e1sico, Grado D-B\u00e1sico Espec\u00edfico<\/a><\/li><li><a href=\"https:\/\/docs.google.com\/document\/d\/1X7dAb0aRRzyr8xSDBGYmm02o_Ek9sXnh9ETYXIZfPu8\/edit?usp=drive_link\" target=\"_blank\" rel=\"noreferrer noopener\">Educaci\u00f3n Primaria LOMLOE<\/a><\/li><li><a href=\"https:\/\/docs.google.com\/document\/d\/1WOJfAC8M7lfa0zIuADyKd9ivePBuL8XeThrluQEv9H4\/edit?usp=drive_link\" target=\"_blank\" rel=\"noreferrer noopener\">Educaci\u00f3n Infantil (2\u00ba ciclo)<\/a><\/li><\/ul>\n\n\n\n<h4>Conducta<\/h4>\n\n\n\n<h5>Regulaci\u00f3n de la conducta<\/h5>\n\n\n\n<ul><li><a href=\"https:\/\/docs.google.com\/document\/d\/1xQQaQZEazWbmsDUaac9ug--70lhIt1Rm3kPma96PYDg\/edit?usp=drive_link\" target=\"_blank\" rel=\"noreferrer noopener\">Educaci\u00f3n Secundaria Obligatoria LOMLOE, Secundaria Obligatoria Para Adultos Distancia LOMCE, Secundaria Obligatoria Para Adultos Presencial LOMCE, Grado D-B\u00e1sico, Grado D-B\u00e1sico Espec\u00edfico<\/a><\/li><li><a href=\"https:\/\/docs.google.com\/document\/d\/1ESSTchUGbc9qivi2EX9dG9CyyFcZLjf6u8n7SfisZEs\/edit?usp=drive_link\" target=\"_blank\" rel=\"noreferrer noopener\">Educaci\u00f3n Primaria LOMLOE<\/a><\/li><li><a href=\"https:\/\/docs.google.com\/document\/d\/16Yec6gZXuKrhuvvfRtn48ZnSvDfd_2xHoJnTAWc32mw\/edit?usp=drive_link\" target=\"_blank\" rel=\"noreferrer noopener\">Educaci\u00f3n Infantil (2\u00ba ciclo)<\/a><\/li><\/ul>\n\n\n\n<h5>TDA-H<\/h5>\n\n\n\n<ul><li><a href=\"https:\/\/docs.google.com\/document\/d\/1BRMcLEf2BbOI9fd2x1yZfsW144nRbUMHOWk6VJwPshA\/edit?usp=drive_link\" target=\"_blank\" rel=\"noreferrer noopener\">Secundaria Obligatoria Para Adultos Distancia LOMCE, Educaci\u00f3n Secundaria Obligatoria LOMLOE, Secundaria Obligatoria Para Adultos Presencial LOMCE, Grado D-B\u00e1sico, Grado D-B\u00e1sico Espec\u00edfico<\/a><\/li><li><a rel=\"noreferrer noopener\" href=\"https:\/\/docs.google.com\/document\/d\/1Qq2CIdjmVr7Soa2pyawKzdpW2kf2sC0zAxSiW_5w11k\/edit?usp=drive_link\" target=\"_blank\">Educaci\u00f3n Primaria LOMLOE<\/a><\/li><\/ul>\n\n\n\n<h4>Necesidades Educativas Especiales (NEE)<\/h4>\n\n\n\n<h5>Discapacidad intelectual<\/h5>\n\n\n\n<ul><li><a rel=\"noreferrer noopener\" href=\"https:\/\/docs.google.com\/document\/d\/1h7xF40bxsrfV48YrJk4SuxwFkM3MsNxn8_lQdL_01ZY\/edit?usp=drive_link\" target=\"_blank\">Secundaria Obligatoria Para Adultos Distancia LOMCE, Educaci\u00f3n Secundaria Obligatoria LOMLOE, Secundaria Obligatoria Para Adultos Presencial LOMCE, Grado D-B\u00e1sico, Grado D-B\u00e1sico Espec\u00edfico<\/a><\/li><li><a rel=\"noreferrer noopener\" href=\"https:\/\/docs.google.com\/document\/d\/1HBtzy3feyreBw5H3WP4Brc3rdVsGBhuNgONKZEya4oU\/edit?usp=drive_link\" target=\"_blank\">Educaci\u00f3n Primaria LOMLOE<\/a><\/li><li><a href=\"https:\/\/docs.google.com\/document\/d\/13obQTE2fdhWvxCePXyNw2sZddcdd2G1rCQPB5QEn-AI\/edit?usp=drive_link\" target=\"_blank\" rel=\"noreferrer noopener\">Educaci\u00f3n Infantil (2\u00ba ciclo)<\/a><\/li><\/ul>\n\n\n\n<h5>Trastorno del Espectro Autista (TEA)<\/h5>\n\n\n\n<ul><li><a rel=\"noreferrer noopener\" href=\"https:\/\/docs.google.com\/document\/d\/1AZTj2c54Sp52wtLr7Pr2dm05hlKKdEuWW4rjTYKV4f8\/edit?usp=drive_link\" target=\"_blank\">Educaci\u00f3n Secundaria Obligatoria LOMLOE, Secundaria Obligatoria Para Adultos Presencial LOMCE, Grado D-B\u00e1sico, Secundaria Obligatoria Para Adultos Distancia LOMCE, Grado D-B\u00e1sico Espec\u00edfico<\/a><\/li><li><a href=\"https:\/\/docs.google.com\/document\/d\/1DN4680rVDNy7OBpDDDf7rjxcVARysZh6gKFCiiy45AA\/edit?usp=drive_link\" target=\"_blank\" rel=\"noreferrer noopener\">Educaci\u00f3n Primaria LOMLOE<\/a><\/li><li><a href=\"https:\/\/docs.google.com\/document\/d\/1xJrvhfgmiB8bgqHuJzuQZXX4eDwCVoSqdzgcJjRFK80\/edit?usp=drive_link\">E<\/a><a rel=\"noreferrer noopener\" href=\"https:\/\/docs.google.com\/document\/d\/1xJrvhfgmiB8bgqHuJzuQZXX4eDwCVoSqdzgcJjRFK80\/edit?usp=drive_link\" target=\"_blank\">ducaci\u00f3n Infantil (2\u00ba ciclo)<\/a><\/li><\/ul>\n\n\n\n<h4>TCDUA<\/h4>\n\n\n\n<h5>Altas capacidades<\/h5>\n\n\n\n<ul><li><a href=\"https:\/\/docs.google.com\/document\/d\/1j5R-Dh28xDi751fGMCpzzWc35hPSnlE0pMunVWEk0Ho\/edit?usp=drive_link\" target=\"_blank\" rel=\"noreferrer noopener\">Educaci\u00f3n Secundaria Obligatoria LOMLOE, Secundaria Obligatoria Para Adultos Presencial LOMCE, Secundaria Obligatoria Para Adultos Distancia LOMCE, Grado D-B\u00e1sico, Grado D-B\u00e1sico Espec\u00edfico<\/a><\/li><li><a href=\"https:\/\/docs.google.com\/document\/d\/13aA0olwbQSpczsilL7HUF5SBo4BInbg9bDZSx0o2-vw\/edit?usp=drive_link\" target=\"_blank\" rel=\"noreferrer noopener\">Educaci\u00f3n Primaria LOMLOE<\/a><\/li><\/ul>\n\n\n\n<h5>Dificultades de aprendizaje contextuales<\/h5>\n\n\n\n<ul><li><a href=\"https:\/\/docs.google.com\/document\/d\/1dJshwtyoYJTIc-OaL4m88HZUHH-_UERnjtEQCJcSQcE\/edit?usp=drive_link\" target=\"_blank\" rel=\"noreferrer noopener\">Secundaria Obligatoria Para Adultos Distancia LOMCE, Educaci\u00f3n Secundaria Obligatoria LOMLOE, Secundaria Obligatoria Para Adultos Presencial LOMCE, Grado D-B\u00e1sico, Grado D-B\u00e1sico Espec\u00edfico<\/a><\/li><li><a rel=\"noreferrer noopener\" href=\"https:\/\/docs.google.com\/document\/d\/1Kd3I5928FEQQbUuOzUyGiel7ogcOyQzDAGXlh3rgsyM\/edit?usp=drive_link\" target=\"_blank\">Educaci\u00f3n Primaria LOMLOE<\/a><\/li><li><a rel=\"noreferrer noopener\" href=\"https:\/\/docs.google.com\/document\/d\/1hl20_yiW1B_w2mZfZ22ly5zgV1u_XtDaNj7gofMWnV4\/edit?usp=drive_link\" target=\"_blank\">Educaci\u00f3n Infantil (2\u00ba ciclo)<\/a><\/li><\/ul>\n\n\n\n<p><\/p>\n","protected":false},"excerpt":{"rendered":"<p>La OF 69\/2023 de inclusi\u00f3n educativa cita medidas para dar respuesta a las necesidades educativas del alumnado con necesidad espec\u00edfica de apoyo educativo, incluy\u00e9ndose entre ellas las&nbsp; adaptaciones de acceso. Desde el Centro de Recursos para la Equidad Educativa en Navarra (CREENA) se propone a la red de orientaci\u00f3n y al profesorado de los centros [&hellip;]<\/p>\n","protected":false},"author":1,"featured_media":0,"parent":0,"menu_order":0,"comment_status":"closed","ping_status":"closed","template":"","meta":{"_genesis_hide_title":false,"_genesis_hide_breadcrumbs":false,"_genesis_hide_singular_image":false,"_genesis_hide_footer_widgets":false,"_genesis_custom_body_class":"","_genesis_custom_post_class":"","_genesis_layout":"content-sidebar"},"_links":{"self":[{"href":"https:\/\/creena.educacion.navarra.es\/web\/wp-json\/wp\/v2\/pages\/19350"}],"collection":[{"href":"https:\/\/creena.educacion.navarra.es\/web\/wp-json\/wp\/v2\/pages"}],"about":[{"href":"https:\/\/creena.educacion.navarra.es\/web\/wp-json\/wp\/v2\/types\/page"}],"author":[{"embeddable":true,"href":"https:\/\/creena.educacion.navarra.es\/web\/wp-json\/wp\/v2\/users\/1"}],"replies":[{"embeddable":true,"href":"https:\/\/creena.educacion.navarra.es\/web\/wp-json\/wp\/v2\/comments?post=19350"}],"version-history":[{"count":30,"href":"https:\/\/creena.educacion.navarra.es\/web\/wp-json\/wp\/v2\/pages\/19350\/revisions"}],"predecessor-version":[{"id":19623,"href":"https:\/\/creena.educacion.navarra.es\/web\/wp-json\/wp\/v2\/pages\/19350\/revisions\/19623"}],"wp:attachment":[{"href":"https:\/\/creena.educacion.navarra.es\/web\/wp-json\/wp\/v2\/media?parent=19350"}],"curies":[{"name":"wp","href":"https:\/\/api.w.org\/{rel}","templated":true}]}}