{"id":200,"date":"2015-11-10T08:53:16","date_gmt":"2015-11-10T07:53:16","guid":{"rendered":"http:\/\/creena.educacion.navarra.es\/web\/?page_id=200"},"modified":"2024-10-14T08:55:14","modified_gmt":"2024-10-14T06:55:14","slug":"discapacidad-auditiva","status":"publish","type":"page","link":"https:\/\/creena.educacion.navarra.es\/web\/necesidades-educativas-especiales\/equipo-auditivos\/discapacidad-auditiva\/","title":{"rendered":"Discapacidad Auditiva"},"content":{"rendered":"<h4><a href=\"http:\/\/creena.educacion.navarra.es\/web\/wp-content\/uploads\/2015\/11\/auditivo.jpg\"><img loading=\"lazy\" class=\"alignright wp-image-7690 size-medium\" src=\"https:\/\/creena.educacion.navarra.es\/web\/wp-content\/uploads\/2015\/11\/auditivo-300x200.jpg\" alt=\"\" width=\"300\" height=\"200\" srcset=\"https:\/\/creena.educacion.navarra.es\/web\/wp-content\/uploads\/2015\/11\/auditivo-300x200.jpg 300w, https:\/\/creena.educacion.navarra.es\/web\/wp-content\/uploads\/2015\/11\/auditivo.jpg 500w\" sizes=\"(max-width: 300px) 100vw, 300px\" \/><\/a><\/h4>\n<ul>\n<li><a href=\"https:\/\/drive.google.com\/open?id=18KbIWiy3sb1xcUvbocINQGxr1Xr06rfD\" data-wplink-edit=\"true\"><span style=\"color: #800000;\">Definici\u00f3n<\/span><\/a><\/li>\n<li><a href=\"https:\/\/drive.google.com\/open?id=1ySTQp4TToqQ1ePSRpCk2DR_zxKq8IMVF\" target=\"_blank\" rel=\"noopener\"><span style=\"color: #800000;\">Ejes diagn\u00f3sticos<\/span><\/a><\/li>\n<li><span style=\"color: #800000;\"><a style=\"color: #800000;\" href=\"https:\/\/drive.google.com\/open?id=0B0eiH-cLhm7IU1RZdGNZUURYZ3M\" target=\"_blank\" rel=\"noopener noreferrer\">Instituciones relacionadas con la discapacidad auditiva<\/a><\/span><\/li>\n<li><span style=\"color: #800000;\"><a style=\"color: #800000;\" href=\"https:\/\/drive.google.com\/open?id=0B0eiH-cLhm7ITk9oTV9rLURvOUk\" target=\"_blank\" rel=\"noopener noreferrer\">Documento de sensibilizaci\u00f3n<\/a><\/span><\/li>\n<\/ul>\n","protected":false},"excerpt":{"rendered":"<p>Definici\u00f3n Ejes diagn\u00f3sticos Instituciones relacionadas con la discapacidad auditiva Documento de sensibilizaci\u00f3n<\/p>\n","protected":false},"author":1,"featured_media":0,"parent":183,"menu_order":5,"comment_status":"closed","ping_status":"closed","template":"","meta":{"_genesis_hide_title":false,"_genesis_hide_breadcrumbs":false,"_genesis_hide_singular_image":false,"_genesis_hide_footer_widgets":false,"_genesis_custom_body_class":"","_genesis_custom_post_class":"","_genesis_layout":"content-sidebar"},"_links":{"self":[{"href":"https:\/\/creena.educacion.navarra.es\/web\/wp-json\/wp\/v2\/pages\/200"}],"collection":[{"href":"https:\/\/creena.educacion.navarra.es\/web\/wp-json\/wp\/v2\/pages"}],"about":[{"href":"https:\/\/creena.educacion.navarra.es\/web\/wp-json\/wp\/v2\/types\/page"}],"author":[{"embeddable":true,"href":"https:\/\/creena.educacion.navarra.es\/web\/wp-json\/wp\/v2\/users\/1"}],"replies":[{"embeddable":true,"href":"https:\/\/creena.educacion.navarra.es\/web\/wp-json\/wp\/v2\/comments?post=200"}],"version-history":[{"count":13,"href":"https:\/\/creena.educacion.navarra.es\/web\/wp-json\/wp\/v2\/pages\/200\/revisions"}],"predecessor-version":[{"id":18492,"href":"https:\/\/creena.educacion.navarra.es\/web\/wp-json\/wp\/v2\/pages\/200\/revisions\/18492"}],"up":[{"embeddable":true,"href":"https:\/\/creena.educacion.navarra.es\/web\/wp-json\/wp\/v2\/pages\/183"}],"wp:attachment":[{"href":"https:\/\/creena.educacion.navarra.es\/web\/wp-json\/wp\/v2\/media?parent=200"}],"curies":[{"name":"wp","href":"https:\/\/api.w.org\/{rel}","templated":true}]}}