{"id":268,"date":"2015-11-17T10:01:38","date_gmt":"2015-11-17T09:01:38","guid":{"rendered":"http:\/\/creena.educacion.navarra.es\/web\/?page_id=268"},"modified":"2024-10-14T09:08:35","modified_gmt":"2024-10-14T07:08:35","slug":"respuesta-educativa-auditivos","status":"publish","type":"page","link":"https:\/\/creena.educacion.navarra.es\/web\/necesidades-educativas-especiales\/equipo-auditivos\/respuesta-educativa-auditivos\/","title":{"rendered":"Respuesta Educativa"},"content":{"rendered":"<ul>\n<li style=\"text-align: left;\"><a href=\"https:\/\/creena.educacion.navarra.es\/web\/necesidades-educativas-especiales\/equipo-auditivos\/respuesta-educativa-auditivos\/escolarizacion-auditivos\/\">Escolarizaci\u00f3n<\/a><a href=\"https:\/\/creena.educacion.navarra.es\/web\/necesidades-educativas-especiales\/equipo-auditivos\/respuesta-educativa-auditivos\/escolarizacion-auditivos\/\"><img loading=\"lazy\" class=\"alignright wp-image-266\" src=\"http:\/\/creena.educacion.navarra.es\/web\/wp-content\/uploads\/2015\/11\/img_respuesta-300x175.jpg\" alt=\"\" width=\"345\" height=\"201\" srcset=\"https:\/\/creena.educacion.navarra.es\/web\/wp-content\/uploads\/2015\/11\/img_respuesta-300x175.jpg 300w, https:\/\/creena.educacion.navarra.es\/web\/wp-content\/uploads\/2015\/11\/img_respuesta.jpg 984w\" sizes=\"(max-width: 345px) 100vw, 345px\" \/><\/a><\/li>\n<li style=\"text-align: left;\"><a href=\"https:\/\/creena.educacion.navarra.es\/web\/necesidades-educativas-especiales\/equipo-auditivos\/respuesta-educativa-auditivos\/estrategias-auditivos\/\">Estrategias<\/a><\/li>\n<li style=\"text-align: left;\">Seguimiento curricular\n<ul>\n<li style=\"text-align: left;\"><a href=\"https:\/\/drive.google.com\/open?id=0B0eiH-cLhm7IX1NxT1N5ZEo2R3M\" target=\"_blank\" rel=\"noopener\">Inicio de Educaci\u00f3n Infantil\u00a0<\/a><\/li>\n<li style=\"text-align: left;\"><a href=\"https:\/\/drive.google.com\/a\/educacion.navarra.es\/file\/d\/0B0eiH-cLhm7IT2plYXRJVmVTdEU\/view\" target=\"_blank\" rel=\"noopener\">Infantil<\/a><\/li>\n<li style=\"text-align: left;\"><a href=\"https:\/\/drive.google.com\/a\/educacion.navarra.es\/file\/d\/0B0eiH-cLhm7IaHRmblRvQ2tPZWs\/view\" target=\"_blank\" rel=\"noopener\">Primaria<\/a><\/li>\n<\/ul>\n<\/li>\n<li style=\"text-align: left;\">Programas\n<ul>\n<li style=\"text-align: left;\"><a href=\"https:\/\/drive.google.com\/a\/educacion.navarra.es\/file\/d\/0B0eiH-cLhm7IY0VWbUwwSkktM1U\/view\" target=\"_blank\" rel=\"noopener\">Estimulaci\u00f3n auditiva<\/a><\/li>\n<li style=\"text-align: left;\"><a href=\"https:\/\/drive.google.com\/a\/educacion.navarra.es\/file\/d\/0B0eiH-cLhm7IWFNuVFBTc1dnU1U\/view\" target=\"_blank\" rel=\"noopener\">Percepci\u00f3n auditiva<\/a><\/li>\n<\/ul>\n<\/li>\n<li style=\"text-align: left;\"><a href=\"https:\/\/drive.google.com\/a\/educacion.navarra.es\/file\/d\/0B0eiH-cLhm7IUnpKbU1zdHBJWjg\/view\" target=\"_blank\" rel=\"noopener\">Orientaciones para la comprensi\u00f3n lectora<\/a><\/li>\n<\/ul>\n","protected":false},"excerpt":{"rendered":"<p>Escolarizaci\u00f3n Estrategias Seguimiento curricular Inicio de Educaci\u00f3n Infantil\u00a0 Infantil Primaria Programas Estimulaci\u00f3n auditiva Percepci\u00f3n auditiva Orientaciones para la comprensi\u00f3n lectora<\/p>\n","protected":false},"author":1,"featured_media":0,"parent":183,"menu_order":0,"comment_status":"closed","ping_status":"closed","template":"","meta":{"_genesis_hide_title":false,"_genesis_hide_breadcrumbs":false,"_genesis_hide_singular_image":false,"_genesis_hide_footer_widgets":false,"_genesis_custom_body_class":"","_genesis_custom_post_class":"","_genesis_layout":"content-sidebar"},"_links":{"self":[{"href":"https:\/\/creena.educacion.navarra.es\/web\/wp-json\/wp\/v2\/pages\/268"}],"collection":[{"href":"https:\/\/creena.educacion.navarra.es\/web\/wp-json\/wp\/v2\/pages"}],"about":[{"href":"https:\/\/creena.educacion.navarra.es\/web\/wp-json\/wp\/v2\/types\/page"}],"author":[{"embeddable":true,"href":"https:\/\/creena.educacion.navarra.es\/web\/wp-json\/wp\/v2\/users\/1"}],"replies":[{"embeddable":true,"href":"https:\/\/creena.educacion.navarra.es\/web\/wp-json\/wp\/v2\/comments?post=268"}],"version-history":[{"count":14,"href":"https:\/\/creena.educacion.navarra.es\/web\/wp-json\/wp\/v2\/pages\/268\/revisions"}],"predecessor-version":[{"id":18493,"href":"https:\/\/creena.educacion.navarra.es\/web\/wp-json\/wp\/v2\/pages\/268\/revisions\/18493"}],"up":[{"embeddable":true,"href":"https:\/\/creena.educacion.navarra.es\/web\/wp-json\/wp\/v2\/pages\/183"}],"wp:attachment":[{"href":"https:\/\/creena.educacion.navarra.es\/web\/wp-json\/wp\/v2\/media?parent=268"}],"curies":[{"name":"wp","href":"https:\/\/api.w.org\/{rel}","templated":true}]}}