{"id":2768,"date":"2016-02-12T11:52:00","date_gmt":"2016-02-12T10:52:00","guid":{"rendered":"http:\/\/creena.educacion.navarra.es\/web\/necesidades-educativas-especificas\/equipo-altas-capacidades\/informacion-general-altas-capacidades\/composicion-del-equipo-altas-capacidades-2\/"},"modified":"2026-02-11T10:53:01","modified_gmt":"2026-02-11T09:53:01","slug":"composicion-del-equipo-altas-capacidades-2","status":"publish","type":"page","link":"https:\/\/creena.educacion.navarra.es\/web\/necesidades-educativas-especificas\/equipo-altas-capacidades\/informacion-general-altas-capacidades\/composicion-del-equipo-altas-capacidades-2\/","title":{"rendered":"Composici\u00f3n del Programa"},"content":{"rendered":"<p><strong>Programa de transformaci\u00f3n de centros y dise\u00f1o universal de aprendizaje (DUA) para la inclusi\u00f3n<\/strong>: tendr\u00e1 como objetivo el asesoramiento a los centros en su progresiva transformaci\u00f3n, desarrollando respuestas educativas para todo el alumnado desde las programaciones de aula. (\u00c1mbitos: Altas Capacidades. Dificultades de Aprendizaje)<\/p>\n<ul>\n<li>Profesorado especialista en Orientaci\u00f3n Educativa<\/li>\n<li>Profesorado de Infantil y Primaria<\/li>\n<li aria-level=\"1\">Profesorado de Secundaria<\/li>\n<\/ul>\n","protected":false},"excerpt":{"rendered":"<p>Programa de transformaci\u00f3n de centros y dise\u00f1o universal de aprendizaje (DUA) para la inclusi\u00f3n: tendr\u00e1 como objetivo el asesoramiento a los centros en su progresiva transformaci\u00f3n, desarrollando respuestas educativas para todo el alumnado desde las programaciones de aula. (\u00c1mbitos: Altas Capacidades. Dificultades de Aprendizaje) Profesorado especialista en Orientaci\u00f3n Educativa Profesorado de Infantil y Primaria Profesorado [&hellip;]<\/p>\n","protected":false},"author":1,"featured_media":0,"parent":418,"menu_order":1,"comment_status":"closed","ping_status":"closed","template":"","meta":{"_genesis_hide_title":false,"_genesis_hide_breadcrumbs":false,"_genesis_hide_singular_image":false,"_genesis_hide_footer_widgets":false,"_genesis_custom_body_class":"","_genesis_custom_post_class":"","_genesis_layout":"content-sidebar"},"_links":{"self":[{"href":"https:\/\/creena.educacion.navarra.es\/web\/wp-json\/wp\/v2\/pages\/2768"}],"collection":[{"href":"https:\/\/creena.educacion.navarra.es\/web\/wp-json\/wp\/v2\/pages"}],"about":[{"href":"https:\/\/creena.educacion.navarra.es\/web\/wp-json\/wp\/v2\/types\/page"}],"author":[{"embeddable":true,"href":"https:\/\/creena.educacion.navarra.es\/web\/wp-json\/wp\/v2\/users\/1"}],"replies":[{"embeddable":true,"href":"https:\/\/creena.educacion.navarra.es\/web\/wp-json\/wp\/v2\/comments?post=2768"}],"version-history":[{"count":7,"href":"https:\/\/creena.educacion.navarra.es\/web\/wp-json\/wp\/v2\/pages\/2768\/revisions"}],"predecessor-version":[{"id":19568,"href":"https:\/\/creena.educacion.navarra.es\/web\/wp-json\/wp\/v2\/pages\/2768\/revisions\/19568"}],"up":[{"embeddable":true,"href":"https:\/\/creena.educacion.navarra.es\/web\/wp-json\/wp\/v2\/pages\/418"}],"wp:attachment":[{"href":"https:\/\/creena.educacion.navarra.es\/web\/wp-json\/wp\/v2\/media?parent=2768"}],"curies":[{"name":"wp","href":"https:\/\/api.w.org\/{rel}","templated":true}]}}