{"id":289,"date":"2015-11-17T11:38:06","date_gmt":"2015-11-17T10:38:06","guid":{"rendered":"http:\/\/creena.educacion.navarra.es\/web\/?page_id=289"},"modified":"2017-04-28T13:44:25","modified_gmt":"2017-04-28T11:44:25","slug":"aspecto-legales-atenciontemprana","status":"publish","type":"page","link":"https:\/\/creena.educacion.navarra.es\/web\/necesidades-educativas-especificas\/atencion-temprana\/informacion-general-atenciontemprana\/aspecto-legales-atenciontemprana\/","title":{"rendered":"Aspectos legales"},"content":{"rendered":"<p>Seg\u00fan la OF 79\/2012 del 27 de agosto de 2012:<\/p>\n<ul>\n<li>Los ni\u00f1os y ni\u00f1as que presenten necesidades educativas especiales tendr\u00e1n acceso directo a la Escuela Infantil.<\/li>\n<li>Estos ni\u00f1os y ni\u00f1as se contabilizar\u00e1n por encima de la ratio del aula y podr\u00e1n disponer de una educadora o educador de apoyo.<\/li>\n<li>El personal educativo de apoyo podr\u00e1 ser responsable hasta de tres ni\u00f1os o ni\u00f1as con estas caracter\u00edsticas.<\/li>\n<li>Es la Administraci\u00f3n Educativa quien debe organizar geogr\u00e1ficamente la distribuci\u00f3n y ubicaci\u00f3n de los ni\u00f1os y ni\u00f1as as\u00ed como la del personal educativo de apoyo.<\/li>\n<li>La valoraci\u00f3n de los recursos educativos necesarios para atenderles y su financiaci\u00f3n ser\u00e1 a cargo del Departamento de Educaci\u00f3n.<\/li>\n<\/ul>\n","protected":false},"excerpt":{"rendered":"<p>Seg\u00fan la OF 79\/2012 del 27 de agosto de 2012: Los ni\u00f1os y ni\u00f1as que presenten necesidades educativas especiales tendr\u00e1n acceso directo a la Escuela Infantil. Estos ni\u00f1os y ni\u00f1as se contabilizar\u00e1n por encima de la ratio del aula y podr\u00e1n disponer de una educadora o educador de apoyo. El personal educativo de apoyo podr\u00e1 [&hellip;]<\/p>\n","protected":false},"author":1,"featured_media":0,"parent":279,"menu_order":4,"comment_status":"closed","ping_status":"closed","template":"","meta":{"_genesis_hide_title":false,"_genesis_hide_breadcrumbs":false,"_genesis_hide_singular_image":false,"_genesis_hide_footer_widgets":false,"_genesis_custom_body_class":"","_genesis_custom_post_class":"","_genesis_layout":"content-sidebar"},"_links":{"self":[{"href":"https:\/\/creena.educacion.navarra.es\/web\/wp-json\/wp\/v2\/pages\/289"}],"collection":[{"href":"https:\/\/creena.educacion.navarra.es\/web\/wp-json\/wp\/v2\/pages"}],"about":[{"href":"https:\/\/creena.educacion.navarra.es\/web\/wp-json\/wp\/v2\/types\/page"}],"author":[{"embeddable":true,"href":"https:\/\/creena.educacion.navarra.es\/web\/wp-json\/wp\/v2\/users\/1"}],"replies":[{"embeddable":true,"href":"https:\/\/creena.educacion.navarra.es\/web\/wp-json\/wp\/v2\/comments?post=289"}],"version-history":[{"count":4,"href":"https:\/\/creena.educacion.navarra.es\/web\/wp-json\/wp\/v2\/pages\/289\/revisions"}],"predecessor-version":[{"id":7061,"href":"https:\/\/creena.educacion.navarra.es\/web\/wp-json\/wp\/v2\/pages\/289\/revisions\/7061"}],"up":[{"embeddable":true,"href":"https:\/\/creena.educacion.navarra.es\/web\/wp-json\/wp\/v2\/pages\/279"}],"wp:attachment":[{"href":"https:\/\/creena.educacion.navarra.es\/web\/wp-json\/wp\/v2\/media?parent=289"}],"curies":[{"name":"wp","href":"https:\/\/api.w.org\/{rel}","templated":true}]}}