{"id":293,"date":"2015-11-17T12:52:33","date_gmt":"2015-11-17T11:52:33","guid":{"rendered":"http:\/\/creena.educacion.navarra.es\/web\/?page_id=293"},"modified":"2023-04-25T13:14:22","modified_gmt":"2023-04-25T11:14:22","slug":"informacion-general-2","status":"publish","type":"page","link":"https:\/\/creena.educacion.navarra.es\/web\/necesidades-educativas-especiales\/equipo-visuales\/informacion-general-2\/","title":{"rendered":"Informaci\u00f3n"},"content":{"rendered":"<h4><span style=\"color: #ff9900;\">Presentaci\u00f3n<\/span><br \/>\n<iframe loading=\"lazy\" src=\"https:\/\/drive.google.com\/file\/d\/187V4-BH6s0fLZCM2gQMRjgUhq7E6mQg0\/preview\" width=\"320\" height=\"240\"><\/iframe><\/h4>\n<ul>\n<li><a href=\"https:\/\/creena.educacion.navarra.es\/web\/necesidades-educativas-especiales\/equipo-visuales\/informacion-general-2\/introduccionobjetivo-general-visuales\/\">Objetivo general<\/a><\/li>\n<li><a href=\"https:\/\/creena.educacion.navarra.es\/web\/necesidades-educativas-especiales\/equipo-visuales\/informacion-general-2\/criterios-de-intervencion-v\/\">Criterios de intervenci\u00f3n<\/a><\/li>\n<li><a href=\"https:\/\/creena.educacion.navarra.es\/web\/necesidades-educativas-especiales\/equipo-visuales\/informacion-general-2\/composicion-del-equipo-visuales\/\">Composici\u00f3n del equipo<\/a><\/li>\n<li><a href=\"https:\/\/creena.educacion.navarra.es\/web\/necesidades-educativas-especiales\/equipo-visuales\/informacion-general-2\/ambito-de-actuacion\/\">\u00c1mbitos de actuaci\u00f3n<\/a><\/li>\n<li><a href=\"https:\/\/creena.educacion.navarra.es\/web\/necesidades-educativas-especiales\/equipo-visuales\/informacion-general-2\/tipo-de-atencion-visuales\/\">Tipo de atenci\u00f3n<\/a><\/li>\n<li><a href=\"https:\/\/creena.educacion.navarra.es\/web\/necesidades-educativas-especiales\/equipo-visuales\/informacion-general-2\/relacion-con-la-once-visuales\/\">Relaci\u00f3n con la ONCE<\/a><\/li>\n<\/ul>\n","protected":false},"excerpt":{"rendered":"<p>Presentaci\u00f3n Objetivo general Criterios de intervenci\u00f3n Composici\u00f3n del equipo \u00c1mbitos de actuaci\u00f3n Tipo de atenci\u00f3n Relaci\u00f3n con la ONCE<\/p>\n","protected":false},"author":1,"featured_media":0,"parent":457,"menu_order":0,"comment_status":"closed","ping_status":"closed","template":"","meta":{"_genesis_hide_title":false,"_genesis_hide_breadcrumbs":false,"_genesis_hide_singular_image":false,"_genesis_hide_footer_widgets":false,"_genesis_custom_body_class":"","_genesis_custom_post_class":"","_genesis_layout":"content-sidebar"},"_links":{"self":[{"href":"https:\/\/creena.educacion.navarra.es\/web\/wp-json\/wp\/v2\/pages\/293"}],"collection":[{"href":"https:\/\/creena.educacion.navarra.es\/web\/wp-json\/wp\/v2\/pages"}],"about":[{"href":"https:\/\/creena.educacion.navarra.es\/web\/wp-json\/wp\/v2\/types\/page"}],"author":[{"embeddable":true,"href":"https:\/\/creena.educacion.navarra.es\/web\/wp-json\/wp\/v2\/users\/1"}],"replies":[{"embeddable":true,"href":"https:\/\/creena.educacion.navarra.es\/web\/wp-json\/wp\/v2\/comments?post=293"}],"version-history":[{"count":15,"href":"https:\/\/creena.educacion.navarra.es\/web\/wp-json\/wp\/v2\/pages\/293\/revisions"}],"predecessor-version":[{"id":17057,"href":"https:\/\/creena.educacion.navarra.es\/web\/wp-json\/wp\/v2\/pages\/293\/revisions\/17057"}],"up":[{"embeddable":true,"href":"https:\/\/creena.educacion.navarra.es\/web\/wp-json\/wp\/v2\/pages\/457"}],"wp:attachment":[{"href":"https:\/\/creena.educacion.navarra.es\/web\/wp-json\/wp\/v2\/media?parent=293"}],"curies":[{"name":"wp","href":"https:\/\/api.w.org\/{rel}","templated":true}]}}