{"id":302,"date":"2015-11-17T13:14:17","date_gmt":"2015-11-17T12:14:17","guid":{"rendered":"http:\/\/creena.educacion.navarra.es\/web\/?page_id=302"},"modified":"2017-05-15T13:39:41","modified_gmt":"2017-05-15T11:39:41","slug":"ambito-de-actuacion","status":"publish","type":"page","link":"https:\/\/creena.educacion.navarra.es\/web\/necesidades-educativas-especiales\/equipo-visuales\/informacion-general-2\/ambito-de-actuacion\/","title":{"rendered":"\u00c1mbito de Actuaci\u00f3n"},"content":{"rendered":"<ul>\n<li>El equipo de visuales, siguiendo las directrices del CREENA act\u00faa, presencialmente, con car\u00e1cter complementario y subsidiario en respuesta a las demandas planteadas por el orientador\/a desde la UAE o Departamentos de Orientaci\u00f3n de los centros educativos, con el fin de no sustituir acciones que desde los propios centros se puedan organizar.<\/li>\n<li>Se atender\u00e1n los centros ordinarios de Educaci\u00f3n Infantil, Primaria, Secundaria Obligatoria y Post-obligatoria as\u00ed como a los centros de Educaci\u00f3n Especial, tanto p\u00fablicos como concertados.<\/li>\n<li>El equipo de visuales atiende al alumnado con ceguera o con deficiencia visual que presenta una agudeza visual igual o menos a 0.3, y con un campo visual igual o menos a 10\u00ba.<\/li>\n<\/ul>\n","protected":false},"excerpt":{"rendered":"<p>El equipo de visuales, siguiendo las directrices del CREENA act\u00faa, presencialmente, con car\u00e1cter complementario y subsidiario en respuesta a las demandas planteadas por el orientador\/a desde la UAE o Departamentos de Orientaci\u00f3n de los centros educativos, con el fin de no sustituir acciones que desde los propios centros se puedan organizar. Se atender\u00e1n los centros [&hellip;]<\/p>\n","protected":false},"author":1,"featured_media":0,"parent":293,"menu_order":2,"comment_status":"closed","ping_status":"closed","template":"","meta":{"_genesis_hide_title":false,"_genesis_hide_breadcrumbs":false,"_genesis_hide_singular_image":false,"_genesis_hide_footer_widgets":false,"_genesis_custom_body_class":"","_genesis_custom_post_class":"","_genesis_layout":"content-sidebar"},"_links":{"self":[{"href":"https:\/\/creena.educacion.navarra.es\/web\/wp-json\/wp\/v2\/pages\/302"}],"collection":[{"href":"https:\/\/creena.educacion.navarra.es\/web\/wp-json\/wp\/v2\/pages"}],"about":[{"href":"https:\/\/creena.educacion.navarra.es\/web\/wp-json\/wp\/v2\/types\/page"}],"author":[{"embeddable":true,"href":"https:\/\/creena.educacion.navarra.es\/web\/wp-json\/wp\/v2\/users\/1"}],"replies":[{"embeddable":true,"href":"https:\/\/creena.educacion.navarra.es\/web\/wp-json\/wp\/v2\/comments?post=302"}],"version-history":[{"count":6,"href":"https:\/\/creena.educacion.navarra.es\/web\/wp-json\/wp\/v2\/pages\/302\/revisions"}],"predecessor-version":[{"id":9174,"href":"https:\/\/creena.educacion.navarra.es\/web\/wp-json\/wp\/v2\/pages\/302\/revisions\/9174"}],"up":[{"embeddable":true,"href":"https:\/\/creena.educacion.navarra.es\/web\/wp-json\/wp\/v2\/pages\/293"}],"wp:attachment":[{"href":"https:\/\/creena.educacion.navarra.es\/web\/wp-json\/wp\/v2\/media?parent=302"}],"curies":[{"name":"wp","href":"https:\/\/api.w.org\/{rel}","templated":true}]}}