{"id":304,"date":"2015-11-17T13:24:08","date_gmt":"2015-11-17T12:24:08","guid":{"rendered":"http:\/\/creena.educacion.navarra.es\/web\/?page_id=304"},"modified":"2016-10-28T09:39:43","modified_gmt":"2016-10-28T07:39:43","slug":"tipo-de-atencion-visuales","status":"publish","type":"page","link":"https:\/\/creena.educacion.navarra.es\/web\/necesidades-educativas-especiales\/equipo-visuales\/informacion-general-2\/tipo-de-atencion-visuales\/","title":{"rendered":"Tipo de Atenci\u00f3n"},"content":{"rendered":"<p>Respetando el car\u00e1cter complementario y subsidiario de la intervenci\u00f3n que se promueve desde el CREENA, el Equipo Espec\u00edfico de Visuales act\u00faa presencialmente en los centros, asesorando y adoptando aquellas medidas que promuevan inclusi\u00f3n de los alumnos con discapacidad visual en el \u00e1mbito educativo, familiar y social.<\/p>\n<ul>\n<li>La atenci\u00f3n presencial implica la intervenci\u00f3n del Equipo con el alumnado, con los profesionales de los centros educativos y con la familia, para trabajar aspectos espec\u00edficos de la discapacidad visual. Esto supone la colaboraci\u00f3n y el asesoramiento sobre \u00e1reas espec\u00edficas, la transcripci\u00f3n al braille, la adaptaci\u00f3n y elaboraci\u00f3n de materiales, as\u00ed como la formaci\u00f3n en distintas t\u00e9cnicas y programas a desarrollar con este alumnado por parte de los profesionales que intervienen cada curso con ellos.<\/li>\n<li>La temporalizaci\u00f3n de la atenci\u00f3n del Equipo ser\u00e1 m\u00e1s o menos frecuente dependiendo del grado de discapacidad, de las caracter\u00edsticas del alumno y de las circunstancias que concurren en cada caso.<\/li>\n<\/ul>\n","protected":false},"excerpt":{"rendered":"<p>Respetando el car\u00e1cter complementario y subsidiario de la intervenci\u00f3n que se promueve desde el CREENA, el Equipo Espec\u00edfico de Visuales act\u00faa presencialmente en los centros, asesorando y adoptando aquellas medidas que promuevan inclusi\u00f3n de los alumnos con discapacidad visual en el \u00e1mbito educativo, familiar y social. La atenci\u00f3n presencial implica la intervenci\u00f3n del Equipo con [&hellip;]<\/p>\n","protected":false},"author":1,"featured_media":0,"parent":293,"menu_order":3,"comment_status":"closed","ping_status":"closed","template":"","meta":{"_genesis_hide_title":false,"_genesis_hide_breadcrumbs":false,"_genesis_hide_singular_image":false,"_genesis_hide_footer_widgets":false,"_genesis_custom_body_class":"","_genesis_custom_post_class":"","_genesis_layout":"content-sidebar"},"_links":{"self":[{"href":"https:\/\/creena.educacion.navarra.es\/web\/wp-json\/wp\/v2\/pages\/304"}],"collection":[{"href":"https:\/\/creena.educacion.navarra.es\/web\/wp-json\/wp\/v2\/pages"}],"about":[{"href":"https:\/\/creena.educacion.navarra.es\/web\/wp-json\/wp\/v2\/types\/page"}],"author":[{"embeddable":true,"href":"https:\/\/creena.educacion.navarra.es\/web\/wp-json\/wp\/v2\/users\/1"}],"replies":[{"embeddable":true,"href":"https:\/\/creena.educacion.navarra.es\/web\/wp-json\/wp\/v2\/comments?post=304"}],"version-history":[{"count":3,"href":"https:\/\/creena.educacion.navarra.es\/web\/wp-json\/wp\/v2\/pages\/304\/revisions"}],"predecessor-version":[{"id":7013,"href":"https:\/\/creena.educacion.navarra.es\/web\/wp-json\/wp\/v2\/pages\/304\/revisions\/7013"}],"up":[{"embeddable":true,"href":"https:\/\/creena.educacion.navarra.es\/web\/wp-json\/wp\/v2\/pages\/293"}],"wp:attachment":[{"href":"https:\/\/creena.educacion.navarra.es\/web\/wp-json\/wp\/v2\/media?parent=304"}],"curies":[{"name":"wp","href":"https:\/\/api.w.org\/{rel}","templated":true}]}}