{"id":308,"date":"2015-11-17T14:14:51","date_gmt":"2015-11-17T13:14:51","guid":{"rendered":"http:\/\/creena.educacion.navarra.es\/web\/?page_id=308"},"modified":"2024-10-11T12:36:27","modified_gmt":"2024-10-11T10:36:27","slug":"discapacidad-visual","status":"publish","type":"page","link":"https:\/\/creena.educacion.navarra.es\/web\/necesidades-educativas-especiales\/equipo-visuales\/discapacidad-visual\/","title":{"rendered":"DISCAPACIDAD VISUAL"},"content":{"rendered":"<ul>\n<li><a href=\"https:\/\/creena.educacion.navarra.es\/web\/necesidades-educativas-especiales\/equipo-visuales\/discapacidad-visual\/definicion-visuales\/\">Definici\u00f3n<\/a><\/li>\n<li><a href=\"http:\/\/creena.educacion.navarra.es\/web\/wp-content\/uploads\/2015\/11\/portada_visuales.jpg\"><img loading=\"lazy\" class=\"alignright wp-image-294\" src=\"http:\/\/creena.educacion.navarra.es\/web\/wp-content\/uploads\/2015\/11\/portada_visuales-300x173.jpg\" alt=\"\" width=\"328\" height=\"189\" srcset=\"https:\/\/creena.educacion.navarra.es\/web\/wp-content\/uploads\/2015\/11\/portada_visuales-300x173.jpg 300w, https:\/\/creena.educacion.navarra.es\/web\/wp-content\/uploads\/2015\/11\/portada_visuales.jpg 692w\" sizes=\"(max-width: 328px) 100vw, 328px\" \/><\/a><a href=\"https:\/\/creena.educacion.navarra.es\/web\/necesidades-educativas-especiales\/equipo-visuales\/discapacidad-visual\/glosario-visuales\/\">Glosario<\/a><\/li>\n<li><a href=\"https:\/\/creena.educacion.navarra.es\/web\/necesidades-educativas-especiales\/equipo-visuales\/discapacidad-visual\/simulaciones\/\">Simulaci\u00f3n<\/a>\n<ul>\n<li><a href=\"https:\/\/drive.google.com\/open?id=0B0eiH-cLhm7IeDVCVmY5Mjh2bGs\" target=\"_blank\" rel=\"noopener noreferrer\">Movimiento de mano en lectura Braille<\/a><\/li>\n<li><a href=\"https:\/\/drive.google.com\/open?id=0B0eiH-cLhm7IeHllX0VXMzh3bms\" target=\"_blank\" rel=\"noopener noreferrer\">Patolog\u00edas visuales<\/a><\/li>\n<\/ul>\n<\/li>\n<li>Braille\n<ul>\n<li><a href=\"https:\/\/drive.google.com\/open?id=0B0eiH-cLhm7ISDMzaFVnaWVXWFU\" target=\"_blank\" rel=\"noopener noreferrer\">Detr\u00e1s de cada punto<\/a><\/li>\n<li><a href=\"http:\/\/www.braillevirtual.fe.usp.br\/es\/Espanhol\/braille.html\" target=\"_blank\" rel=\"noopener noreferrer\">Braille virtual<\/a><\/li>\n<li><a href=\"https:\/\/drive.google.com\/open?id=0B0eiH-cLhm7ISndLZ3BZNE1GRlk\" target=\"_blank\" rel=\"noopener noreferrer\">Fuente Braille<\/a><\/li>\n<\/ul>\n<\/li>\n<\/ul>\n","protected":false},"excerpt":{"rendered":"<p>Definici\u00f3n Glosario Simulaci\u00f3n Movimiento de mano en lectura Braille Patolog\u00edas visuales Braille Detr\u00e1s de cada punto Braille virtual Fuente Braille<\/p>\n","protected":false},"author":1,"featured_media":0,"parent":457,"menu_order":1,"comment_status":"closed","ping_status":"closed","template":"","meta":{"_genesis_hide_title":false,"_genesis_hide_breadcrumbs":false,"_genesis_hide_singular_image":false,"_genesis_hide_footer_widgets":false,"_genesis_custom_body_class":"","_genesis_custom_post_class":"","_genesis_layout":"content-sidebar"},"_links":{"self":[{"href":"https:\/\/creena.educacion.navarra.es\/web\/wp-json\/wp\/v2\/pages\/308"}],"collection":[{"href":"https:\/\/creena.educacion.navarra.es\/web\/wp-json\/wp\/v2\/pages"}],"about":[{"href":"https:\/\/creena.educacion.navarra.es\/web\/wp-json\/wp\/v2\/types\/page"}],"author":[{"embeddable":true,"href":"https:\/\/creena.educacion.navarra.es\/web\/wp-json\/wp\/v2\/users\/1"}],"replies":[{"embeddable":true,"href":"https:\/\/creena.educacion.navarra.es\/web\/wp-json\/wp\/v2\/comments?post=308"}],"version-history":[{"count":11,"href":"https:\/\/creena.educacion.navarra.es\/web\/wp-json\/wp\/v2\/pages\/308\/revisions"}],"predecessor-version":[{"id":18486,"href":"https:\/\/creena.educacion.navarra.es\/web\/wp-json\/wp\/v2\/pages\/308\/revisions\/18486"}],"up":[{"embeddable":true,"href":"https:\/\/creena.educacion.navarra.es\/web\/wp-json\/wp\/v2\/pages\/457"}],"wp:attachment":[{"href":"https:\/\/creena.educacion.navarra.es\/web\/wp-json\/wp\/v2\/media?parent=308"}],"curies":[{"name":"wp","href":"https:\/\/api.w.org\/{rel}","templated":true}]}}