{"id":311,"date":"2015-11-17T14:26:42","date_gmt":"2015-11-17T13:26:42","guid":{"rendered":"http:\/\/creena.educacion.navarra.es\/web\/?page_id=311"},"modified":"2022-05-16T12:47:28","modified_gmt":"2022-05-16T10:47:28","slug":"definicion-visuales","status":"publish","type":"page","link":"https:\/\/creena.educacion.navarra.es\/web\/necesidades-educativas-especiales\/equipo-visuales\/discapacidad-visual\/definicion-visuales\/","title":{"rendered":"Definici\u00f3n"},"content":{"rendered":"<p>La Organizaci\u00f3n Mundial de la Salud define discapacidad visual en dos t\u00e9rminos:<\/p>\n<ul>\n<li>El t\u00e9rmino ceguera abarca desde 0.05 de agudeza visual hasta la no percepci\u00f3n de la luz o una reducci\u00f3n del campo visual inferior a 10\u00ba.<\/li>\n<li>El t\u00e9rmino baja visi\u00f3n comprende una agudeza m\u00e1xima inferior a 0.3 y m\u00ednima superior a 0.065.<\/li>\n<\/ul>\n<p>La OMS clasifica la discapacidad visual en <strong>diferentes grados<\/strong>, en funci\u00f3n de la agudeza visual y del campo visual.<\/p>\n<ul>\n<li>Visi\u00f3n normal: agudeza visual 0.8 o mejor<\/li>\n<li>Baja visi\u00f3n moderada: agudeza visual &lt;0.3<\/li>\n<li>Baja visi\u00f3n grave: agudeza visual &lt;0.12<\/li>\n<li>Baja visi\u00f3n profunda: agudeza visual &lt;0.05<\/li>\n<li>Ceguera casi total: agudeza visual &lt;0.02<\/li>\n<li>Ceguera total: no percepci\u00f3n de la luz<\/li>\n<\/ul>\n","protected":false},"excerpt":{"rendered":"<p>La Organizaci\u00f3n Mundial de la Salud define discapacidad visual en dos t\u00e9rminos: El t\u00e9rmino ceguera abarca desde 0.05 de agudeza visual hasta la no percepci\u00f3n de la luz o una reducci\u00f3n del campo visual inferior a 10\u00ba. El t\u00e9rmino baja visi\u00f3n comprende una agudeza m\u00e1xima inferior a 0.3 y m\u00ednima superior a 0.065. La OMS [&hellip;]<\/p>\n","protected":false},"author":1,"featured_media":0,"parent":308,"menu_order":2,"comment_status":"closed","ping_status":"closed","template":"","meta":{"_genesis_hide_title":false,"_genesis_hide_breadcrumbs":false,"_genesis_hide_singular_image":false,"_genesis_hide_footer_widgets":false,"_genesis_custom_body_class":"","_genesis_custom_post_class":"","_genesis_layout":"content-sidebar"},"_links":{"self":[{"href":"https:\/\/creena.educacion.navarra.es\/web\/wp-json\/wp\/v2\/pages\/311"}],"collection":[{"href":"https:\/\/creena.educacion.navarra.es\/web\/wp-json\/wp\/v2\/pages"}],"about":[{"href":"https:\/\/creena.educacion.navarra.es\/web\/wp-json\/wp\/v2\/types\/page"}],"author":[{"embeddable":true,"href":"https:\/\/creena.educacion.navarra.es\/web\/wp-json\/wp\/v2\/users\/1"}],"replies":[{"embeddable":true,"href":"https:\/\/creena.educacion.navarra.es\/web\/wp-json\/wp\/v2\/comments?post=311"}],"version-history":[{"count":5,"href":"https:\/\/creena.educacion.navarra.es\/web\/wp-json\/wp\/v2\/pages\/311\/revisions"}],"predecessor-version":[{"id":16197,"href":"https:\/\/creena.educacion.navarra.es\/web\/wp-json\/wp\/v2\/pages\/311\/revisions\/16197"}],"up":[{"embeddable":true,"href":"https:\/\/creena.educacion.navarra.es\/web\/wp-json\/wp\/v2\/pages\/308"}],"wp:attachment":[{"href":"https:\/\/creena.educacion.navarra.es\/web\/wp-json\/wp\/v2\/media?parent=311"}],"curies":[{"name":"wp","href":"https:\/\/api.w.org\/{rel}","templated":true}]}}