{"id":3367,"date":"2016-02-24T13:18:51","date_gmt":"2016-02-24T12:18:51","guid":{"rendered":"http:\/\/creena.educacion.navarra.es\/web\/gestion-informacion-y-medios\/informacion-e-insercion-laboral-pcpies\/educacion-de-adultos\/"},"modified":"2019-09-09T14:05:01","modified_gmt":"2019-09-09T12:05:01","slug":"educacion-de-adultos","status":"publish","type":"page","link":"https:\/\/creena.educacion.navarra.es\/web\/necesidades-educativas-especiales\/educacion-de-adultos\/","title":{"rendered":"Grupos Espec\u00edficos para personas Adultas (GEA)"},"content":{"rendered":"<ul>\n<li><a href=\"https:\/\/drive.google.com\/open?id=1nbEETDO5X-Bg39pgmfFq89x-EWnTbAVL\" target=\"_blank\" rel=\"noopener noreferrer\">Informaci\u00f3n matr\u00edcula 2019-2020<\/a><\/li>\n<li><a href=\"https:\/\/drive.google.com\/open?id=17V7B5BhTkn4m9Baiu6twydD0OR6vRIWu\" target=\"_blank\" rel=\"noopener noreferrer\">Caracter\u00edsticas<\/a><\/li>\n<li style=\"text-align: left;\"><a href=\"https:\/\/drive.google.com\/open?id=1xdmp1mtmRS6DnskEURH9C_p26hlhk2SG\" target=\"_blank\" rel=\"noopener noreferrer\">Oferta formativa<\/a><\/li>\n<li><a href=\"https:\/\/creena.educacion.navarra.es\/web\/necesidades-educativas-especiales\/educacion-de-adultos\/mapa-de-localizacion-educacion-de-adultos\/\">Mapa de localizaci\u00f3n<\/a><\/li>\n<li style=\"text-align: left;\"><a href=\"https:\/\/creena.educacion.navarra.es\/web\/necesidades-educativas-especiales\/educacion-de-adultos\/folletos-de-los-centros\/\">Folletos de los centros <\/a>\n<ul>\n<li style=\"text-align: left;\"><a href=\"https:\/\/drive.google.com\/open?id=1HFJabfYycvIcgL5aHSWhtRDS3_lpA8N4\" target=\"_blank\" rel=\"noopener noreferrer\">GEA CEBA Estella-Lizarra<\/a><\/li>\n<li style=\"text-align: left;\"><a href=\"https:\/\/drive.google.com\/open?id=175NkvfQVz-OQRJDS_b3NK-i3fODW3Ii3\" target=\"_blank\" rel=\"noopener noreferrer\">GEA CPEBPA Jos\u00e9 Mar\u00eda Iribarren Pamplona-Iru\u00f1a<\/a><\/li>\n<li style=\"text-align: left;\"><a href=\"https:\/\/drive.google.com\/open?id=1hS1bjpzCjUbvnAzhMVM_rFEDKX4mLFqi\" target=\"_blank\" rel=\"noopener noreferrer\">GEA CEBA Sang\u00fcesa-Zangoza<\/a><\/li>\n<li style=\"text-align: left;\"><a href=\"https:\/\/drive.google.com\/open?id=1-EueLu_-sm9KNTIzA8abfNAHeOlf3zc6\" target=\"_blank\" rel=\"noopener noreferrer\">GEA CEBA Tafalla<\/a><\/li>\n<li style=\"text-align: left;\"><a href=\"https:\/\/drive.google.com\/open?id=1wVoj640hXAdATqBoPrSo1x9jrQErgPyi\" target=\"_blank\" rel=\"noopener noreferrer\">GEA CPEBPA Tudela-Tutera<\/a><\/li>\n<\/ul>\n<\/li>\n<li><a href=\"https:\/\/creena.educacion.navarra.es\/web\/necesidades-educativas-especiales\/educacion-de-adultos\/discp-adolescencia-adultez-ea\/\">Discapacidad\u00a0 intelectual adolescencia-vida adulta<\/a><\/li>\n<\/ul>\n<p><iframe loading=\"lazy\" src=\"https:\/\/drive.google.com\/a\/educacion.navarra.es\/file\/d\/0B0eiH-cLhm7ISmVaanVjdTUxWEE\/preview\" width=\"640\" height=\"480\"><\/iframe><\/p>\n","protected":false},"excerpt":{"rendered":"<p>Informaci\u00f3n matr\u00edcula 2019-2020 Caracter\u00edsticas Oferta formativa Mapa de localizaci\u00f3n Folletos de los centros GEA CEBA Estella-Lizarra GEA CPEBPA Jos\u00e9 Mar\u00eda Iribarren Pamplona-Iru\u00f1a GEA CEBA Sang\u00fcesa-Zangoza GEA CEBA Tafalla GEA CPEBPA Tudela-Tutera Discapacidad\u00a0 intelectual adolescencia-vida adulta<\/p>\n","protected":false},"author":1,"featured_media":0,"parent":10,"menu_order":4,"comment_status":"closed","ping_status":"closed","template":"","meta":{"_genesis_hide_title":false,"_genesis_hide_breadcrumbs":false,"_genesis_hide_singular_image":false,"_genesis_hide_footer_widgets":false,"_genesis_custom_body_class":"","_genesis_custom_post_class":"","_genesis_layout":"content-sidebar"},"_links":{"self":[{"href":"https:\/\/creena.educacion.navarra.es\/web\/wp-json\/wp\/v2\/pages\/3367"}],"collection":[{"href":"https:\/\/creena.educacion.navarra.es\/web\/wp-json\/wp\/v2\/pages"}],"about":[{"href":"https:\/\/creena.educacion.navarra.es\/web\/wp-json\/wp\/v2\/types\/page"}],"author":[{"embeddable":true,"href":"https:\/\/creena.educacion.navarra.es\/web\/wp-json\/wp\/v2\/users\/1"}],"replies":[{"embeddable":true,"href":"https:\/\/creena.educacion.navarra.es\/web\/wp-json\/wp\/v2\/comments?post=3367"}],"version-history":[{"count":61,"href":"https:\/\/creena.educacion.navarra.es\/web\/wp-json\/wp\/v2\/pages\/3367\/revisions"}],"predecessor-version":[{"id":13656,"href":"https:\/\/creena.educacion.navarra.es\/web\/wp-json\/wp\/v2\/pages\/3367\/revisions\/13656"}],"up":[{"embeddable":true,"href":"https:\/\/creena.educacion.navarra.es\/web\/wp-json\/wp\/v2\/pages\/10"}],"wp:attachment":[{"href":"https:\/\/creena.educacion.navarra.es\/web\/wp-json\/wp\/v2\/media?parent=3367"}],"curies":[{"name":"wp","href":"https:\/\/api.w.org\/{rel}","templated":true}]}}