{"id":3368,"date":"2016-02-24T13:19:23","date_gmt":"2016-02-24T12:19:23","guid":{"rendered":"http:\/\/creena.educacion.navarra.es\/web\/gestion-informacion-y-medios\/informacion-e-insercion-laboral-pcpies\/insercion-laboral\/"},"modified":"2021-06-14T10:18:10","modified_gmt":"2021-06-14T08:18:10","slug":"insercion-laboral","status":"publish","type":"page","link":"https:\/\/creena.educacion.navarra.es\/web\/gestion-informacion-y-medios\/insercion-laboral\/","title":{"rendered":"INSERCI\u00d3N LABORAL"},"content":{"rendered":"<ul>\n<li>Informaci\u00f3n<a href=\"http:\/\/insercionlaboral-creena.blogspot.com\/\" target=\"_blank\" rel=\"noopener noreferrer\"><img loading=\"lazy\" class=\"alignright wp-image-6806\" src=\"http:\/\/creena.educacion.navarra.es\/web\/wp-content\/uploads\/2015\/12\/blogil.png\" alt=\"blogil\" width=\"151\" height=\"151\" srcset=\"https:\/\/creena.educacion.navarra.es\/web\/wp-content\/uploads\/2015\/12\/blogil.png 200w, https:\/\/creena.educacion.navarra.es\/web\/wp-content\/uploads\/2015\/12\/blogil-150x150.png 150w\" sizes=\"(max-width: 151px) 100vw, 151px\" \/><\/a>\n<ul>\n<li><a href=\"https:\/\/drive.google.com\/open?id=0B0eiH-cLhm7IeXVxaUkwb1cyOTQ\" target=\"_blank\" rel=\"noopener noreferrer\">La Unidad de Informaci\u00f3n e Inserci\u00f3n Laboral<\/a><\/li>\n<li><a href=\"https:\/\/drive.google.com\/open?id=14sUpBVp2eqqSomiFZtPq3291P6WfNJs5\">Acceso a la Unidad<\/a><\/li>\n<li><a href=\"http:\/\/creena.educacion.navarra.es\/web\/wp-content\/uploads\/2019\/04\/Nuevo-22.gif\"><img loading=\"lazy\" class=\"alignleft size-full wp-image-13197\" src=\"http:\/\/creena.educacion.navarra.es\/web\/wp-content\/uploads\/2019\/04\/Nuevo-22.gif\" alt=\"\" width=\"64\" height=\"10\" \/><\/a><a href=\"https:\/\/drive.google.com\/open?id=1VXxB-jArg8g2WMXbxG0UrsG30a97eqsV\" target=\"_blank\" rel=\"noopener noreferrer\">Gu\u00eda de Orientaci\u00f3n Socio-Laboral para personas con discapacidad<\/a><\/li>\n<\/ul>\n<\/li>\n<li>Folletos informativos<\/li>\n<li style=\"list-style-type: none;\">\n<ul>\n<li style=\"list-style-type: none;\">\n<ul>\n<li><a href=\"https:\/\/drive.google.com\/open?id=1ccXbCEK4hMtT1EyaJzy5QE5Sx41BIxns\" target=\"_blank\" rel=\"noopener noreferrer\">La Unidad de Informaci\u00f3n e Inserci\u00f3n Laboral<\/a><\/li>\n<li><a href=\"https:\/\/drive.google.com\/open?id=1_ZylohLp5R0gsSIyI0jTK_kLaS5qZ1IM\" target=\"_blank\" rel=\"noopener noreferrer\">He terminado de estudiar, \u00bfY ahora qu\u00e9?<\/a><\/li>\n<li><a href=\"https:\/\/drive.google.com\/open?id=1w0b1RNHGo2pyWeupgZ_UVCgQEw8TH5Om\" target=\"_blank\" rel=\"noopener noreferrer\">Empleabilidad de personas con discapacidad intelectual<\/a><\/li>\n<li><a href=\"https:\/\/drive.google.com\/open?id=1mdnPTJ7ERO632D2eLbNE8aIz6gCanCVB\" target=\"_blank\" rel=\"noopener noreferrer\">Ayudas a la contrataci\u00f3n de personas con discapacidad intelectual<\/a><\/li>\n<\/ul>\n<\/li>\n<\/ul>\n<\/li>\n<li>Discapacidad intelectual adolescencia-vida adulta\n<ul>\n<li><a href=\"https:\/\/drive.google.com\/open?id=1h5s8uoSg5Wzw9201W9n01xIIilHHyYck\" target=\"_blank\" rel=\"noopener noreferrer\">Definici\u00f3n<\/a><\/li>\n<li><a href=\"https:\/\/drive.google.com\/open?id=1v0NpH1C1RLTMwfg5pAAa8OtbxXA_Tz1q\" target=\"_blank\" rel=\"noopener noreferrer\">Certificado de discapacidad<\/a><\/li>\n<\/ul>\n<\/li>\n<\/ul>\n\n\n<p><\/p>\n","protected":false},"excerpt":{"rendered":"<p>Informaci\u00f3n La Unidad de Informaci\u00f3n e Inserci\u00f3n Laboral Acceso a la Unidad Gu\u00eda de Orientaci\u00f3n Socio-Laboral para personas con discapacidad Folletos informativos La Unidad de Informaci\u00f3n e Inserci\u00f3n Laboral He terminado de estudiar, \u00bfY ahora qu\u00e9? Empleabilidad de personas con discapacidad intelectual Ayudas a la contrataci\u00f3n de personas con discapacidad intelectual Discapacidad intelectual adolescencia-vida adulta [&hellip;]<\/p>\n","protected":false},"author":1,"featured_media":0,"parent":14,"menu_order":3,"comment_status":"closed","ping_status":"closed","template":"","meta":{"_genesis_hide_title":false,"_genesis_hide_breadcrumbs":false,"_genesis_hide_singular_image":false,"_genesis_hide_footer_widgets":false,"_genesis_custom_body_class":"","_genesis_custom_post_class":"","_genesis_layout":""},"_links":{"self":[{"href":"https:\/\/creena.educacion.navarra.es\/web\/wp-json\/wp\/v2\/pages\/3368"}],"collection":[{"href":"https:\/\/creena.educacion.navarra.es\/web\/wp-json\/wp\/v2\/pages"}],"about":[{"href":"https:\/\/creena.educacion.navarra.es\/web\/wp-json\/wp\/v2\/types\/page"}],"author":[{"embeddable":true,"href":"https:\/\/creena.educacion.navarra.es\/web\/wp-json\/wp\/v2\/users\/1"}],"replies":[{"embeddable":true,"href":"https:\/\/creena.educacion.navarra.es\/web\/wp-json\/wp\/v2\/comments?post=3368"}],"version-history":[{"count":55,"href":"https:\/\/creena.educacion.navarra.es\/web\/wp-json\/wp\/v2\/pages\/3368\/revisions"}],"predecessor-version":[{"id":15297,"href":"https:\/\/creena.educacion.navarra.es\/web\/wp-json\/wp\/v2\/pages\/3368\/revisions\/15297"}],"up":[{"embeddable":true,"href":"https:\/\/creena.educacion.navarra.es\/web\/wp-json\/wp\/v2\/pages\/14"}],"wp:attachment":[{"href":"https:\/\/creena.educacion.navarra.es\/web\/wp-json\/wp\/v2\/media?parent=3368"}],"curies":[{"name":"wp","href":"https:\/\/api.w.org\/{rel}","templated":true}]}}