{"id":3418,"date":"2016-02-25T10:52:03","date_gmt":"2016-02-25T09:52:03","guid":{"rendered":"http:\/\/creena.educacion.navarra.es\/web\/gestion-informacion-y-medios\/informacion-e-insercion-laboral-pcpies\/p-c-p-i-e\/recursos-pcpie\/materiales-centros\/"},"modified":"2024-10-17T10:36:23","modified_gmt":"2024-10-17T08:36:23","slug":"materiales-centros","status":"publish","type":"page","link":"https:\/\/creena.educacion.navarra.es\/web\/necesidades-educativas-especiales\/ciclos-de-formacion-profesional-especial\/materiales-centros\/","title":{"rendered":"Materiales centros PCPIE"},"content":{"rendered":"<table>\n<tbody>\n<tr>\n<td><a href=\"http:\/\/creena.educacion.navarra.es\/web\/wp-content\/uploads\/2016\/02\/elizondo_bhi.png\"><img loading=\"lazy\" class=\"alignright wp-image-3428 size-full\" src=\"https:\/\/creena.educacion.navarra.es\/web\/wp-content\/uploads\/2016\/02\/elizondo_bhi.png\" alt=\"\" width=\"148\" height=\"121\" \/><\/a><\/td>\n<td style=\"text-align: left; padding-left: 30px;\">\n<ul>\n<li><a href=\"https:\/\/drive.google.com\/open?id=0B0eiH-cLhm7IZE42eVp4RjNGQjA\" target=\"_blank\" rel=\"noopener noreferrer\"><span style=\"color: #800000;\">Proyecto Baratza tailerra<\/span><span style=\"color: #800000;\">.<\/span><\/a><\/li>\n<li><span style=\"color: #800000;\"><a style=\"color: #800000;\" href=\"https:\/\/drive.google.com\/open?id=0B0eiH-cLhm7IcW1xbUt5RUFYa1k\" target=\"_blank\" rel=\"noopener noreferrer\">Esquema\u00a0<\/a><\/span><\/li>\n<\/ul>\n<\/td>\n<\/tr>\n<tr>\n<td><span style=\"color: #800000;\"><a style=\"color: #800000;\" href=\"http:\/\/creena.educacion.navarra.es\/web\/wp-content\/uploads\/2016\/02\/ci_burlada.png\"><img loading=\"lazy\" class=\"alignright wp-image-3454 size-full\" src=\"https:\/\/creena.educacion.navarra.es\/web\/wp-content\/uploads\/2016\/02\/ci_burlada.png\" alt=\"\" width=\"148\" height=\"121\" \/><\/a><\/span><\/td>\n<td>\n<ul>\n<li style=\"text-align: left;\"><span style=\"color: #800000;\"><a style=\"color: #800000;\" href=\"https:\/\/drive.google.com\/open?id=0B0eiH-cLhm7IY19uel9EUGlJMjA\" target=\"_blank\" rel=\"noopener noreferrer\">Recetas de cocina<\/a><\/span><\/li>\n<li style=\"text-align: left;\"><span style=\"color: #800000;\"><a style=\"color: #800000;\" href=\"https:\/\/drive.google.com\/open?id=0B0eiH-cLhm7ISk05UE56T3U1Ync\" target=\"_blank\" rel=\"noopener noreferrer\">Viaje de estudios<\/a><\/span><\/li>\n<\/ul>\n<\/td>\n<\/tr>\n<tr>\n<td><a href=\"http:\/\/creena.educacion.navarra.es\/web\/wp-content\/uploads\/2016\/02\/m_ana_sanz.png\"><img loading=\"lazy\" class=\"alignright wp-image-3436 size-full\" src=\"https:\/\/creena.educacion.navarra.es\/web\/wp-content\/uploads\/2016\/02\/m_ana_sanz.png\" alt=\"\" width=\"148\" height=\"121\" \/><\/a><\/td>\n<td style=\"text-align: left; padding-left: 30px;\">\n<ul>\n<li><span style=\"color: #800000;\"><a style=\"color: #800000;\" href=\"https:\/\/drive.google.com\/open?id=0B0eiH-cLhm7IZmFKZTdNcGR2bFE\" target=\"_blank\" rel=\"noopener noreferrer\">Taller de reciclaje<\/a><\/span><\/li>\n<\/ul>\n<\/td>\n<\/tr>\n<tr>\n<td><a href=\"http:\/\/creena.educacion.navarra.es\/web\/wp-content\/uploads\/2016\/02\/ci_escuela_sanitaria.png\"><img loading=\"lazy\" class=\"alignright wp-image-3458 size-full\" src=\"https:\/\/creena.educacion.navarra.es\/web\/wp-content\/uploads\/2016\/02\/ci_escuela_sanitaria.png\" alt=\"\" width=\"148\" height=\"121\" \/><\/a><\/td>\n<td style=\"text-align: left; padding-left: 30px;\">\n<ul>\n<li><span style=\"color: #800000;\"><a style=\"color: #800000;\" href=\"https:\/\/drive.google.com\/open?id=0B0eiH-cLhm7IZ0FSYXdNREpQMUk\" target=\"_blank\" rel=\"noopener noreferrer\">U.D. La Salud<\/a><\/span><\/li>\n<\/ul>\n<\/td>\n<\/tr>\n<tr>\n<td><a href=\"http:\/\/creena.educacion.navarra.es\/web\/wp-content\/uploads\/2016\/02\/itc_cuatrovientos.png\"><img loading=\"lazy\" class=\"alignright wp-image-3434 size-full\" src=\"https:\/\/creena.educacion.navarra.es\/web\/wp-content\/uploads\/2016\/02\/itc_cuatrovientos.png\" alt=\"\" width=\"148\" height=\"121\" \/><\/a><\/td>\n<td>\n<ul>\n<li style=\"text-align: left;\"><span style=\"color: #800000;\"><a style=\"color: #800000;\" href=\"https:\/\/drive.google.com\/open?id=0B0eiH-cLhm7Iai1ZN2pUYnJybnc\" target=\"_blank\" rel=\"noopener noreferrer\">Proyecto simulando<\/a><\/span><\/li>\n<li style=\"text-align: left;\"><span style=\"color: #800000;\"><a style=\"color: #800000;\" href=\"https:\/\/drive.google.com\/open?id=0B0eiH-cLhm7IOUEtVVQzUVlzdVk\" target=\"_blank\" rel=\"noopener noreferrer\">U.D. Mi barrio<\/a><\/span><\/li>\n<\/ul>\n<\/td>\n<\/tr>\n<tr>\n<td><a href=\"http:\/\/creena.educacion.navarra.es\/web\/wp-content\/uploads\/2016\/02\/escuela_de_arte.png\"><img loading=\"lazy\" class=\"alignright wp-image-3430 size-full\" src=\"https:\/\/creena.educacion.navarra.es\/web\/wp-content\/uploads\/2016\/02\/escuela_de_arte.png\" alt=\"\" width=\"148\" height=\"121\" \/><\/a><\/td>\n<td style=\"text-align: left; padding-left: 30px;\">\n<ul>\n<li><span style=\"color: #800000;\"><a style=\"color: #800000;\" href=\"https:\/\/drive.google.com\/open?id=0B0eiH-cLhm7IdkJKajdmWkhYM3c\" target=\"_blank\" rel=\"noopener noreferrer\">U.D. Oficios art\u00edsticos<\/a><\/span><\/li>\n<\/ul>\n<\/td>\n<\/tr>\n<tr>\n<td><a href=\"http:\/\/creena.educacion.navarra.es\/web\/wp-content\/uploads\/2016\/02\/c_santa_catalina_laboure.png\"><img loading=\"lazy\" class=\"alignright wp-image-3442 size-full\" src=\"https:\/\/creena.educacion.navarra.es\/web\/wp-content\/uploads\/2016\/02\/c_santa_catalina_laboure.png\" alt=\"\" width=\"148\" height=\"121\" \/><\/a><\/td>\n<td style=\"text-align: left; padding-left: 30px;\">\n<ul>\n<li><span style=\"color: #800000;\"><a style=\"color: #800000;\" href=\"https:\/\/drive.google.com\/open?id=0B0eiH-cLhm7IbHdiT1cySDlZaVU\" target=\"_blank\" rel=\"noopener noreferrer\">\u00a0U.D. Descubriendo el color<\/a><\/span><\/li>\n<\/ul>\n<\/td>\n<\/tr>\n<tr>\n<td><a href=\"http:\/\/creena.educacion.navarra.es\/web\/wp-content\/uploads\/2016\/02\/c_hijas_jesus.png\"><img loading=\"lazy\" class=\"alignright wp-image-3438 size-full\" src=\"https:\/\/creena.educacion.navarra.es\/web\/wp-content\/uploads\/2016\/02\/c_hijas_jesus.png\" alt=\"\" width=\"148\" height=\"121\" \/><\/a><\/td>\n<td>\n<ul>\n<li style=\"text-align: left;\">\u00a0U.D. Organizaci\u00f3n de empresas y entidades p\u00fablicas\n<ul>\n<li><span style=\"color: #800000;\"><a style=\"color: #800000;\" href=\"https:\/\/drive.google.com\/open?id=0B0eiH-cLhm7Iem8wYVkzZ19PN1k\" target=\"_blank\" rel=\"noopener noreferrer\">Conceptos b\u00e1sicos de organizaci\u00f3n de empresas y entidades p\u00fablicas<\/a><\/span><\/li>\n<li><span style=\"color: #800000;\"><a style=\"color: #800000;\" href=\"https:\/\/drive.google.com\/open?id=0B0eiH-cLhm7IZmczZFB0X2pOMVk\" target=\"_blank\" rel=\"noopener noreferrer\">Fichas de trabajo<\/a><\/span><\/li>\n<\/ul>\n<\/li>\n<li style=\"text-align: left;\">Proyecto \u00abCuento Adaptado\u00bb<\/li>\n<\/ul>\n<\/td>\n<\/tr>\n<tr>\n<td><a href=\"http:\/\/creena.educacion.navarra.es\/web\/wp-content\/uploads\/2016\/02\/ies_ega_san_adrian.png\"><img loading=\"lazy\" class=\"alignright wp-image-3432 size-full\" src=\"https:\/\/creena.educacion.navarra.es\/web\/wp-content\/uploads\/2016\/02\/ies_ega_san_adrian.png\" alt=\"\" width=\"148\" height=\"121\" \/><\/a><\/td>\n<td>\n<ul>\n<li style=\"text-align: left;\"><span style=\"color: #800000;\"><a style=\"color: #800000;\" href=\"https:\/\/drive.google.com\/open?id=0B0eiH-cLhm7IaVRqNXIxTTZaRTg\" target=\"_blank\" rel=\"noopener noreferrer\">\u00a0U.D. Productos l\u00e1cteos<\/a><\/span><\/li>\n<\/ul>\n<\/td>\n<\/tr>\n<tr>\n<td><a href=\"http:\/\/creena.educacion.navarra.es\/web\/wp-content\/uploads\/2016\/02\/cee_el_molino.png\"><img loading=\"lazy\" class=\"alignright wp-image-3446 size-full\" src=\"https:\/\/creena.educacion.navarra.es\/web\/wp-content\/uploads\/2016\/02\/cee_el_molino.png\" alt=\"\" width=\"148\" height=\"121\" \/><\/a><\/td>\n<td>\n<ul>\n<li style=\"text-align: left;\"><span style=\"color: #800000;\">\u00a0<a style=\"color: #800000;\" href=\"https:\/\/drive.google.com\/open?id=0B0eiH-cLhm7IdUtSOEFFblJVZEk\" target=\"_blank\" rel=\"noopener noreferrer\">U.D. Conozco mi colegio<\/a><\/span><\/li>\n<li style=\"text-align: left;\"><span style=\"color: #800000;\"><a style=\"color: #800000;\" href=\"https:\/\/drive.google.com\/open?id=0B0eiH-cLhm7ITF9WaWo2S090VlU\" target=\"_blank\" rel=\"noopener noreferrer\">U.D. Vestido y buena presencia<\/a><\/span><\/li>\n<li style=\"text-align: left;\"><span style=\"color: #800000;\"><a style=\"color: #800000;\" href=\"https:\/\/drive.google.com\/open?id=0B0eiH-cLhm7IQ0ZJTV91Tnp1QTA\" target=\"_blank\" rel=\"noopener noreferrer\">U.D. Romper para crear<\/a><\/span><\/li>\n<\/ul>\n<\/td>\n<\/tr>\n<\/tbody>\n<\/table>\n","protected":false},"excerpt":{"rendered":"<p>Proyecto Baratza tailerra. Esquema\u00a0 Recetas de cocina Viaje de estudios Taller de reciclaje U.D. La Salud Proyecto simulando U.D. Mi barrio U.D. Oficios art\u00edsticos \u00a0U.D. Descubriendo el color \u00a0U.D. Organizaci\u00f3n de empresas y entidades p\u00fablicas Conceptos b\u00e1sicos de organizaci\u00f3n de empresas y entidades p\u00fablicas Fichas de trabajo Proyecto \u00abCuento Adaptado\u00bb \u00a0U.D. Productos l\u00e1cteos \u00a0U.D. Conozco [&hellip;]<\/p>\n","protected":false},"author":1,"featured_media":0,"parent":15104,"menu_order":1,"comment_status":"closed","ping_status":"closed","template":"","meta":{"_genesis_hide_title":false,"_genesis_hide_breadcrumbs":false,"_genesis_hide_singular_image":false,"_genesis_hide_footer_widgets":false,"_genesis_custom_body_class":"","_genesis_custom_post_class":"","_genesis_layout":"full-width-content"},"_links":{"self":[{"href":"https:\/\/creena.educacion.navarra.es\/web\/wp-json\/wp\/v2\/pages\/3418"}],"collection":[{"href":"https:\/\/creena.educacion.navarra.es\/web\/wp-json\/wp\/v2\/pages"}],"about":[{"href":"https:\/\/creena.educacion.navarra.es\/web\/wp-json\/wp\/v2\/types\/page"}],"author":[{"embeddable":true,"href":"https:\/\/creena.educacion.navarra.es\/web\/wp-json\/wp\/v2\/users\/1"}],"replies":[{"embeddable":true,"href":"https:\/\/creena.educacion.navarra.es\/web\/wp-json\/wp\/v2\/comments?post=3418"}],"version-history":[{"count":15,"href":"https:\/\/creena.educacion.navarra.es\/web\/wp-json\/wp\/v2\/pages\/3418\/revisions"}],"predecessor-version":[{"id":18600,"href":"https:\/\/creena.educacion.navarra.es\/web\/wp-json\/wp\/v2\/pages\/3418\/revisions\/18600"}],"up":[{"embeddable":true,"href":"https:\/\/creena.educacion.navarra.es\/web\/wp-json\/wp\/v2\/pages\/15104"}],"wp:attachment":[{"href":"https:\/\/creena.educacion.navarra.es\/web\/wp-json\/wp\/v2\/media?parent=3418"}],"curies":[{"name":"wp","href":"https:\/\/api.w.org\/{rel}","templated":true}]}}