{"id":380,"date":"2015-11-18T11:10:56","date_gmt":"2015-11-18T10:10:56","guid":{"rendered":"http:\/\/creena.educacion.navarra.es\/web\/?page_id=380"},"modified":"2021-10-27T11:20:49","modified_gmt":"2021-10-27T09:20:49","slug":"software-visuales","status":"publish","type":"page","link":"https:\/\/creena.educacion.navarra.es\/web\/necesidades-educativas-especiales\/equipo-visuales\/recursos-auditivos\/software-visuales\/","title":{"rendered":"Software"},"content":{"rendered":"<p><strong>Software educativo<\/strong><\/p>\n<ul>\n<li><a href=\"https:\/\/educacion.once.es\/braitico\" target=\"_blank\" rel=\"noopener noreferrer\">BRAITICO<\/a>, m\u00e9todo braille de la ONCE para la alfabetizaci\u00f3n y la competencia lectoescritora.<\/li>\n<li><a href=\"http:\/\/cidat.once.es\/home.cfm?id=2023&amp;nivel=2\" target=\"_blank\" rel=\"noopener noreferrer\">Revisor de pantalla Jaws<\/a> (ONCE)<\/li>\n<li><a href=\"http:\/\/cidat.once.es\/home.cfm?id=1876&amp;nivel=2\" target=\"_blank\" rel=\"noopener noreferrer\">Revisor de pantalla NVDA<\/a> (ONCE)<\/li>\n<li><a href=\"http:\/\/cidat.once.es\/home.cfm?id=1876&amp;nivel=2\" target=\"_blank\" rel=\"noopener noreferrer\">Conversor de textos al braille \u2013 EBrai<\/a> (ONCE)<\/li>\n<li><a href=\"http:\/\/cti.once.es\/home.cfm?excepcion=52&amp;idproducto=714&amp;idseccion=02\" target=\"_blank\" rel=\"noopener noreferrer\">Editor musical braille<\/a> \u2013 BME (ONCE)<\/li>\n<li><a href=\"http:\/\/cidat.once.es\/home.cfm?id=2351&amp;nivel=2\" target=\"_blank\" rel=\"noopener noreferrer\">Editor Cient\u00edfico EDICO<\/a> (ONCE)<\/li>\n<li>Transcriptor de griego al braille &#8211; UNI2BRA (Fonos y Odos) <a href=\"https:\/\/drive.google.com\/open?id=18PFbBe2_WhAVfM5iN63shlEOB90J0Ott\">Gu\u00eda de usuario<\/a><\/li>\n<li><a href=\"http:\/\/tactileview.com\/default.asp\" target=\"_blank\" rel=\"noopener noreferrer\">Programa de dise\u00f1o de gr\u00e1ficos t\u00e1ctiles TactileView\u00a0<\/a><\/li>\n<\/ul>\n<h4><strong>Programas de estimulaci\u00f3n visual:<\/strong><\/h4>\n<ul>\n<li><a href=\"https:\/\/educacion.once.es\/recursos-educativos\/programas-educativos\" target=\"_blank\" rel=\"noopener noreferrer\">EVO<\/a> (Estimulaci\u00f3n Visual por Ordenador. ONCE)<\/li>\n<li><a href=\"https:\/\/diversidad.murciaeduca.es\/hmes\/\" target=\"_blank\" rel=\"noopener noreferrer\">HMES<\/a> (Herramienta multimedia de Estimulaci\u00f3n Sensorial. Universidad de Murcia)<\/li>\n<li><a href=\"https:\/\/creena.educacion.navarra.es\/web\/recursose\/2019\/03\/25\/sen-switcher\/\" target=\"_blank\" rel=\"noopener noreferrer\">Senswitcher<\/a> (Internet)<\/li>\n<li><a href=\"https:\/\/educacion.once.es\/recursos-educativos\/programas-educativos\" target=\"_blank\" rel=\"noopener noreferrer\">EFIVIS<\/a> (ONCE)<\/li>\n<\/ul>\n<h4><strong>Cuentos y j<\/strong><strong>uegos inform\u00e1ticos (ONCE):<\/strong><\/h4>\n<ul>\n<li><a href=\"https:\/\/educacion.once.es\/recursos-educativos\/cuentos\" target=\"_blank\" rel=\"noopener noreferrer\">El caracol Seraf\u00edn<\/a> (Euskera, castellano e ingl\u00e9s)<\/li>\n<li><a href=\"https:\/\/educacion.once.es\/cuentos\/leocadia.htm\" target=\"_blank\" rel=\"noopener noreferrer\">La pulga Leocadia<\/a> (Euskera, castellano e ingl\u00e9s)<\/li>\n<li><a href=\"https:\/\/educacion.once.es\/cuentos\/arbol.html\" target=\"_blank\" rel=\"noopener noreferrer\">El \u00e1rbol m\u00e1gico de las palabras<\/a> (Euskera, castellano e ingl\u00e9s)<\/li>\n<li><a href=\"https:\/\/www.mundoprimaria.com\/cuentos-infantiles-cortos\/audiocuentos-infantiles\" target=\"_blank\" rel=\"noopener noreferrer\">Audiocuentos infantiles<\/a><\/li>\n<li><a href=\"http:\/\/bibliotecainfantil.fundaciononce.es\/\" target=\"_blank\" rel=\"noopener noreferrer\">Biblioteca infantil<\/a> (ONCE)<\/li>\n<li><a href=\"http:\/\/www.cedeti.cl\/tecnologias-inclusivas\/software-educativo\/cantaletras\/\" target=\"_blank\" rel=\"noopener noreferrer\">Cantaletras<\/a> (CEDETI. Chile)<\/li>\n<li><a href=\"https:\/\/www.compartolid.es\/la-granja-de-neri\/\" target=\"_blank\" rel=\"noopener noreferrer\">La granja de Neri\u00a0<\/a><\/li>\n<\/ul>\n<h4><strong>Programas para el aprendizaje del teclado QWERTY:<\/strong><\/h4>\n<ul>\n<li><a href=\"https:\/\/educacion.once.es\/recursos-educativos\/programas-educativos\" target=\"_blank\" rel=\"noopener noreferrer\">Mekanta<\/a> (ONCE)<\/li>\n<li><a href=\"https:\/\/educacion.once.es\/recursos-educativos\/programas-educativos\" target=\"_blank\" rel=\"noopener noreferrer\">Mecanograf\u00eda interactiva<\/a> ONCE-MIO<\/li>\n<\/ul>\n<p>Gratuitos y accesibles para discapacidad visual y ceguera:<\/p>\n<ul>\n<li><a href=\"https:\/\/www.cursomecanet.com\/mecanet\/\" target=\"_blank\" rel=\"noopener\">MecaNet<\/a><\/li>\n<li><a href=\"https:\/\/www.typingclub.com\/mecanografia\" target=\"_blank\" rel=\"noopener\">TypingClub<\/a><\/li>\n<li><a href=\"https:\/\/www.google.com\/url?sa=t&amp;rct=j&amp;q=&amp;esrc=s&amp;source=web&amp;cd=&amp;ved=2ahUKEwiXo5OJoOrzAhWLFxQKHY2bBOgQFnoECAUQAQ&amp;url=https%3A%2F%2Feducacion.once.es%2Ftiflotecnologia%2F6-recursos-educativos-digitales%2F6-3-recursos-especificos%2F6-3-1-conocimientos-del-teclado-programas-para-su%2Fteclado-2%2Fat_download%2Ftiflo_file&amp;usg=AOvVaw3-cFEeNM4-hhbtJYfUza6M\" target=\"_blank\" rel=\"noopener\">Teclado 2.0<\/a><\/li>\n<li><a href=\"https:\/\/mecasoftpro.waxoo.com\/\" target=\"_blank\" rel=\"noopener\">MecasoftPRO<\/a><\/li>\n<\/ul>\n<ul>\n<li><a href=\"https:\/\/educacion.once.es\/cres\/cre-barcelona\/recursos\/guia-de-trabajo-para-maestros-de-aula-con-alumnos-con-discapacidad-visual#windows\" target=\"_blank\" rel=\"noopener noreferrer\">Accesibilidad de Windows\u00a0<\/a><\/li>\n<li><a href=\"https:\/\/www.compartolid.es\/big-mouse-pointer\/\" target=\"_blank\" rel=\"noopener noreferrer\">Cursores grandes\u00a0<\/a><\/li>\n<\/ul>\n<h4>Aprendizaje de braille<\/h4>\n<ul>\n<li><a href=\"https:\/\/www.once.es\/servicios-sociales\/braille\/paginas-braille\/aprender-braille\" target=\"_blank\" rel=\"noopener noreferrer\">Aprende Braille<\/a><\/li>\n<\/ul>\n<h4><strong>Programa conversor de texto a audio<\/strong><\/h4>\n<ul>\n<li>DSpeech (Gratuito)<\/li>\n<li>Balabolka (Gratuito)<\/li>\n<li><a href=\"http:\/\/cidat.once.es\/home.cfm?id=159&amp;nivel=2\" target=\"_blank\" rel=\"noopener noreferrer\">Reproductor Daisy Player<\/a> (ONCE)<\/li>\n<\/ul>\n<h4><strong>Blog y Symbaloo del equipo<\/strong><\/h4>\n<ul>\n<li><a href=\"http:\/\/visualescreena.blogspot.com\/\" target=\"_blank\" rel=\"noopener noreferrer\">Blog del equipo de visuales<\/a><\/li>\n<li><a href=\"https:\/\/www.symbaloo.com\/mix\/equipodevisualescreena\" target=\"_blank\" rel=\"noopener noreferrer\">Symbaloo<\/a>:<\/li>\n<\/ul>\n","protected":false},"excerpt":{"rendered":"<p>Software educativo BRAITICO, m\u00e9todo braille de la ONCE para la alfabetizaci\u00f3n y la competencia lectoescritora. Revisor de pantalla Jaws (ONCE) Revisor de pantalla NVDA (ONCE) Conversor de textos al braille \u2013 EBrai (ONCE) Editor musical braille \u2013 BME (ONCE) Editor Cient\u00edfico EDICO (ONCE) Transcriptor de griego al braille &#8211; UNI2BRA (Fonos y Odos) Gu\u00eda de [&hellip;]<\/p>\n","protected":false},"author":1,"featured_media":0,"parent":507,"menu_order":4,"comment_status":"closed","ping_status":"closed","template":"","meta":{"_genesis_hide_title":false,"_genesis_hide_breadcrumbs":false,"_genesis_hide_singular_image":false,"_genesis_hide_footer_widgets":false,"_genesis_custom_body_class":"","_genesis_custom_post_class":"","_genesis_layout":"content-sidebar"},"_links":{"self":[{"href":"https:\/\/creena.educacion.navarra.es\/web\/wp-json\/wp\/v2\/pages\/380"}],"collection":[{"href":"https:\/\/creena.educacion.navarra.es\/web\/wp-json\/wp\/v2\/pages"}],"about":[{"href":"https:\/\/creena.educacion.navarra.es\/web\/wp-json\/wp\/v2\/types\/page"}],"author":[{"embeddable":true,"href":"https:\/\/creena.educacion.navarra.es\/web\/wp-json\/wp\/v2\/users\/1"}],"replies":[{"embeddable":true,"href":"https:\/\/creena.educacion.navarra.es\/web\/wp-json\/wp\/v2\/comments?post=380"}],"version-history":[{"count":12,"href":"https:\/\/creena.educacion.navarra.es\/web\/wp-json\/wp\/v2\/pages\/380\/revisions"}],"predecessor-version":[{"id":15829,"href":"https:\/\/creena.educacion.navarra.es\/web\/wp-json\/wp\/v2\/pages\/380\/revisions\/15829"}],"up":[{"embeddable":true,"href":"https:\/\/creena.educacion.navarra.es\/web\/wp-json\/wp\/v2\/pages\/507"}],"wp:attachment":[{"href":"https:\/\/creena.educacion.navarra.es\/web\/wp-json\/wp\/v2\/media?parent=380"}],"curies":[{"name":"wp","href":"https:\/\/api.w.org\/{rel}","templated":true}]}}