{"id":388,"date":"2015-11-18T11:33:57","date_gmt":"2015-11-18T10:33:57","guid":{"rendered":"http:\/\/creena.educacion.navarra.es\/web\/?page_id=388"},"modified":"2017-05-16T10:36:52","modified_gmt":"2017-05-16T08:36:52","slug":"presenteacion-conducta","status":"publish","type":"page","link":"https:\/\/creena.educacion.navarra.es\/web\/necesidades-educativas-especiales\/equipo-conducta\/informacion-general-conducta\/presenteacion-conducta\/","title":{"rendered":"Presentaci\u00f3n"},"content":{"rendered":"<p>El \u00e1mbito de actuaci\u00f3n propio del Equipo de Conducta es el relativo a las necesidades educativas individuales del alumnado con conductas desadaptadas y de aquel que presenta trastornos comportamentales derivados de categor\u00edas diagn\u00f3sticas\u00a0 psiqui\u00e1tricas.<\/p>\n","protected":false},"excerpt":{"rendered":"<p>El \u00e1mbito de actuaci\u00f3n propio del Equipo de Conducta es el relativo a las necesidades educativas individuales del alumnado con conductas desadaptadas y de aquel que presenta trastornos comportamentales derivados de categor\u00edas diagn\u00f3sticas\u00a0 psiqui\u00e1tricas.<\/p>\n","protected":false},"author":1,"featured_media":0,"parent":600,"menu_order":0,"comment_status":"closed","ping_status":"closed","template":"","meta":{"_genesis_hide_title":false,"_genesis_hide_breadcrumbs":false,"_genesis_hide_singular_image":false,"_genesis_hide_footer_widgets":false,"_genesis_custom_body_class":"","_genesis_custom_post_class":"","_genesis_layout":"content-sidebar"},"_links":{"self":[{"href":"https:\/\/creena.educacion.navarra.es\/web\/wp-json\/wp\/v2\/pages\/388"}],"collection":[{"href":"https:\/\/creena.educacion.navarra.es\/web\/wp-json\/wp\/v2\/pages"}],"about":[{"href":"https:\/\/creena.educacion.navarra.es\/web\/wp-json\/wp\/v2\/types\/page"}],"author":[{"embeddable":true,"href":"https:\/\/creena.educacion.navarra.es\/web\/wp-json\/wp\/v2\/users\/1"}],"replies":[{"embeddable":true,"href":"https:\/\/creena.educacion.navarra.es\/web\/wp-json\/wp\/v2\/comments?post=388"}],"version-history":[{"count":6,"href":"https:\/\/creena.educacion.navarra.es\/web\/wp-json\/wp\/v2\/pages\/388\/revisions"}],"predecessor-version":[{"id":9244,"href":"https:\/\/creena.educacion.navarra.es\/web\/wp-json\/wp\/v2\/pages\/388\/revisions\/9244"}],"up":[{"embeddable":true,"href":"https:\/\/creena.educacion.navarra.es\/web\/wp-json\/wp\/v2\/pages\/600"}],"wp:attachment":[{"href":"https:\/\/creena.educacion.navarra.es\/web\/wp-json\/wp\/v2\/media?parent=388"}],"curies":[{"name":"wp","href":"https:\/\/api.w.org\/{rel}","templated":true}]}}