{"id":392,"date":"2015-11-18T11:43:42","date_gmt":"2015-11-18T10:43:42","guid":{"rendered":"http:\/\/creena.educacion.navarra.es\/web\/?page_id=392"},"modified":"2017-05-16T10:37:36","modified_gmt":"2017-05-16T08:37:36","slug":"funciones-conducta","status":"publish","type":"page","link":"https:\/\/creena.educacion.navarra.es\/web\/necesidades-educativas-especiales\/equipo-conducta\/informacion-general-conducta\/funciones-conducta\/","title":{"rendered":"Funciones"},"content":{"rendered":"<ul>\n<li>Intervenir desde el respeto a los principios de complementariedad y subsidiariedad, posibilitando una respuesta operativa, gradual y ajustada a las demandas formuladas por los centros.<\/li>\n<li>Colaborar con los centros en la atenci\u00f3n de las necesidades educativas del alumnado mediante la aplicaci\u00f3n del modelo de intervenci\u00f3n elaborado y en continua revisi\u00f3n.<\/li>\n<li>Seleccionar, crear, revisar y compilar instrumentos y documentos que permitan desarrollar un trabajo sistem\u00e1tico tanto en el funcionamiento interno del Equipo como en la labor a realizar en los centros o en coordinaci\u00f3n con otros agentes organismos.<\/li>\n<li>Colaborar con las diferentes estructuras que componen el conjunto del CREENA, coordinar con aqu\u00e9llas con las que se comparten responsabilidades y desarrollar funciones y tareas que vinculan al Equipo de Conducta con el resto de equipos, comisiones y \u00e1reas.<\/li>\n<li>Articular las medidas que sean necesarias para atender la demandas planteadas desde instancias superiores de la Administraci\u00f3n Educativa.<\/li>\n<\/ul>\n<p>&nbsp;<\/p>\n","protected":false},"excerpt":{"rendered":"<p>Intervenir desde el respeto a los principios de complementariedad y subsidiariedad, posibilitando una respuesta operativa, gradual y ajustada a las demandas formuladas por los centros. Colaborar con los centros en la atenci\u00f3n de las necesidades educativas del alumnado mediante la aplicaci\u00f3n del modelo de intervenci\u00f3n elaborado y en continua revisi\u00f3n. Seleccionar, crear, revisar y compilar [&hellip;]<\/p>\n","protected":false},"author":1,"featured_media":0,"parent":600,"menu_order":2,"comment_status":"closed","ping_status":"closed","template":"","meta":{"_genesis_hide_title":false,"_genesis_hide_breadcrumbs":false,"_genesis_hide_singular_image":false,"_genesis_hide_footer_widgets":false,"_genesis_custom_body_class":"","_genesis_custom_post_class":"","_genesis_layout":"content-sidebar"},"_links":{"self":[{"href":"https:\/\/creena.educacion.navarra.es\/web\/wp-json\/wp\/v2\/pages\/392"}],"collection":[{"href":"https:\/\/creena.educacion.navarra.es\/web\/wp-json\/wp\/v2\/pages"}],"about":[{"href":"https:\/\/creena.educacion.navarra.es\/web\/wp-json\/wp\/v2\/types\/page"}],"author":[{"embeddable":true,"href":"https:\/\/creena.educacion.navarra.es\/web\/wp-json\/wp\/v2\/users\/1"}],"replies":[{"embeddable":true,"href":"https:\/\/creena.educacion.navarra.es\/web\/wp-json\/wp\/v2\/comments?post=392"}],"version-history":[{"count":8,"href":"https:\/\/creena.educacion.navarra.es\/web\/wp-json\/wp\/v2\/pages\/392\/revisions"}],"predecessor-version":[{"id":9246,"href":"https:\/\/creena.educacion.navarra.es\/web\/wp-json\/wp\/v2\/pages\/392\/revisions\/9246"}],"up":[{"embeddable":true,"href":"https:\/\/creena.educacion.navarra.es\/web\/wp-json\/wp\/v2\/pages\/600"}],"wp:attachment":[{"href":"https:\/\/creena.educacion.navarra.es\/web\/wp-json\/wp\/v2\/media?parent=392"}],"curies":[{"name":"wp","href":"https:\/\/api.w.org\/{rel}","templated":true}]}}