{"id":427,"date":"2015-11-19T12:19:33","date_gmt":"2015-11-19T11:19:33","guid":{"rendered":"http:\/\/creena.educacion.navarra.es\/web\/?page_id=427"},"modified":"2018-02-19T10:30:10","modified_gmt":"2018-02-19T09:30:10","slug":"rendimiento-altas-capacidades","status":"publish","type":"page","link":"https:\/\/creena.educacion.navarra.es\/web\/necesidades-educativas-especificas\/equipo-altas-capacidades\/altas-capacidades\/modelos-explicativos\/rendimiento-altas-capacidades\/","title":{"rendered":"Modelos basados en el rendimiento"},"content":{"rendered":"<p>Consideran que la alta capacidad intelectual como potencial es una caracter\u00edstica necesaria pero no suficiente para el alto rendimiento e incorporan otras serie de condiciones adicionales en la persona, como pueden ser la creatividad o la motivaci\u00f3n, de cuyo funcionamiento conjunto depende este alto rendimiento.<\/p>\n<h2><strong>Autores representativos\u00a0y sus aportaciones:<\/strong><\/h2>\n<h3><strong>Renzulli (1978), Modelo tri\u00e1dico o de los tres anillos<\/strong><\/h3>\n<ul>\n<li>Sit\u00faa la superdotaci\u00f3n en la intersecci\u00f3n entre tres caracter\u00edsticas personales que \u00e9l representa gr\u00e1ficamente en tres anillos\n<ul>\n<li>Habilidad por encima de la media, alto nivel intelectual<\/li>\n<li>Compromiso con la tarea, alta motivaci\u00f3n de logro y persistencia en la tarea<\/li>\n<li>Creatividad elevada<\/li>\n<\/ul>\n<\/li>\n<li>Considera que los ni\u00f1os\/as superdotados y\/o con talento son aquellos que poseen, o son capaces de desarrollar, este conjunto compuesto de rasgos, y aplicarlos a cualquier \u00e1rea potencialmente valiosa.<\/li>\n<li>La introducci\u00f3n de la motivaci\u00f3n es el aspecto m\u00e1s innovador de esta teor\u00eda<\/li>\n<\/ul>\n<h3><strong>Gagn\u00e9 (1991), Modelo diferencial de superdotaci\u00f3n y talento<\/strong><\/h3>\n<ul>\n<li>Concibe la superdotaci\u00f3n como la elevada competencia en uno o m\u00e1s dominios de la aptitud humana: intelectual, socioafectiva, creativa, sensoriomotora.<\/li>\n<li>Concibe el Talento como un rendimiento que se sit\u00faa claramente por encima de la media en uno o m\u00e1s campos\u00a0 de la actividad humana: acad\u00e9mico, art\u00edstico, t\u00e9cnico, interpersonal, atl\u00e9tico.<\/li>\n<\/ul>\n","protected":false},"excerpt":{"rendered":"<p>Consideran que la alta capacidad intelectual como potencial es una caracter\u00edstica necesaria pero no suficiente para el alto rendimiento e incorporan otras serie de condiciones adicionales en la persona, como pueden ser la creatividad o la motivaci\u00f3n, de cuyo funcionamiento conjunto depende este alto rendimiento. Autores representativos\u00a0y sus aportaciones: Renzulli (1978), Modelo tri\u00e1dico o de [&hellip;]<\/p>\n","protected":false},"author":1,"featured_media":0,"parent":645,"menu_order":1,"comment_status":"closed","ping_status":"closed","template":"","meta":{"_genesis_hide_title":false,"_genesis_hide_breadcrumbs":false,"_genesis_hide_singular_image":false,"_genesis_hide_footer_widgets":false,"_genesis_custom_body_class":"","_genesis_custom_post_class":"","_genesis_layout":"content-sidebar"},"_links":{"self":[{"href":"https:\/\/creena.educacion.navarra.es\/web\/wp-json\/wp\/v2\/pages\/427"}],"collection":[{"href":"https:\/\/creena.educacion.navarra.es\/web\/wp-json\/wp\/v2\/pages"}],"about":[{"href":"https:\/\/creena.educacion.navarra.es\/web\/wp-json\/wp\/v2\/types\/page"}],"author":[{"embeddable":true,"href":"https:\/\/creena.educacion.navarra.es\/web\/wp-json\/wp\/v2\/users\/1"}],"replies":[{"embeddable":true,"href":"https:\/\/creena.educacion.navarra.es\/web\/wp-json\/wp\/v2\/comments?post=427"}],"version-history":[{"count":6,"href":"https:\/\/creena.educacion.navarra.es\/web\/wp-json\/wp\/v2\/pages\/427\/revisions"}],"predecessor-version":[{"id":11471,"href":"https:\/\/creena.educacion.navarra.es\/web\/wp-json\/wp\/v2\/pages\/427\/revisions\/11471"}],"up":[{"embeddable":true,"href":"https:\/\/creena.educacion.navarra.es\/web\/wp-json\/wp\/v2\/pages\/645"}],"wp:attachment":[{"href":"https:\/\/creena.educacion.navarra.es\/web\/wp-json\/wp\/v2\/media?parent=427"}],"curies":[{"name":"wp","href":"https:\/\/api.w.org\/{rel}","templated":true}]}}